{"id":758457,"date":"2025-08-28T08:05:28","date_gmt":"2025-08-28T05:05:28","guid":{"rendered":"https:\/\/roveyayinevi.com.tr\/index.php\/urun\/animasyon-ve-gorsel-etkinlik-kullaniminin-deger-egitimine-etkisi\/"},"modified":"2026-04-16T03:11:25","modified_gmt":"2026-04-16T00:11:25","slug":"animasyon-ve-gorsel-etkinlik-kullaniminin-deger-egitimine-etkisi","status":"publish","type":"product","link":"https:\/\/roveyayinevi.com.tr\/index.php\/urun\/animasyon-ve-gorsel-etkinlik-kullaniminin-deger-egitimine-etkisi\/","title":{"rendered":"Animasyon Ve G\u00f6rsel Etkinlik Kullan\u0131m\u0131n\u0131n De\u011fer E\u011fitimine Etkisi"},"content":{"rendered":"<p>\u0130lk\u00f6\u011fretim \u00e7a\u011f\u0131, bireyin ileriki hayat\u0131n\u0131 etkileyecek olan ahlaki kimli\u011fin olu\u015ftu\u011fu ve de\u011fer e\u011filimlerinin geli\u015fti\u011fi \u00f6nemli bir d\u00f6nemdir. Bireyin ahlaki geli\u015fimini iyi bir \u015fekilde tamamlayabilmesi, evrensel ve manevi de\u011ferleri i\u00e7selle\u015ftirebilmesi i\u00e7in bu d\u00f6nemde etkili bir de\u011ferler e\u011fitimi faaliyetine tabi tutulmas\u0131 gerekmektedir. De\u011ferler bireysel ve toplumsal y\u00f6nelimlere kaynakl\u0131k eden ilkelerdir. \u00d6zellikle ki\u015fiye nas\u0131l davranmas\u0131 gerekti\u011fini bildirmesi sebebiyle de\u011ferlerin, e\u011fitimin ba\u015fl\u0131ca konusunu olu\u015fturdu\u011fu s\u00f6ylenebilir. Toplumsal varl\u0131\u011f\u0131n devaml\u0131l\u0131\u011f\u0131 ise de\u011ferlerle ku\u015fat\u0131lm\u0131\u015f nesiller yeti\u015ftirilebilmesine ba\u011fl\u0131d\u0131r. Bu noktada e\u011fitim kurumlar\u0131 ve okul \u00e7at\u0131s\u0131 alt\u0131nda Din K\u00fclt\u00fcr\u00fc ve Ahlak Bilgisi dersi \u00f6nemli bir i\u015fleve sahiptir. Okullarda yer alan DKAB dersi ile din\u00ee ve ahlaki de\u011ferlerle birlikte \u00f6\u011frencilere temel insani de\u011ferler ve erdemler kazand\u0131r\u0131lmas\u0131 beklenir. Bu sebeple 4. s\u0131n\u0131ftan 8. s\u0131n\u0131fa kadar her \u00f6\u011fretim d\u00fczeyinde ahlak konular\u0131na yer verilir. \u00d6zellikle son \u00fcnitelerin ahlak \u00f6\u011frenme alan\u0131na ayr\u0131lmas\u0131 DKAB dersinin de\u011ferler e\u011fitimindeki \u00f6nemine dikkat \u00e7ekmektedir. Ara\u015ft\u0131rmam\u0131z \u00fc\u00e7 b\u00f6l\u00fcmden olu\u015fmaktad\u0131r. Birinci b\u00f6l\u00fcmde \u00e7al\u0131\u015fman\u0131n konusu, problemi, amac\u0131, \u00f6nemi ve ara\u015ft\u0131rma y\u00f6ntemi konusunda bilgi verilmi\u015ftir. \u0130kinci b\u00f6l\u00fcmde; de\u011fer kavram\u0131, DKAB dersinde de\u011ferler e\u011fitimi ve materyal olarak de\u011fer e\u011fitiminde animasyon kullan\u0131m\u0131yla ilgili bilgi verilmi\u015ftir. Son b\u00f6l\u00fcmde ise ara\u015ft\u0131rma sonucundan elde edilen bulgulara yer verilmi\u015f, yorumlar ve \u00f6neriler sunulmu\u015ftur.<\/p>\n","protected":false},"excerpt":{"rendered":"<p>\u0130lk\u00f6\u011fretim \u00e7a\u011f\u0131, bireyin ileriki hayat\u0131n\u0131 etkileyecek olan ahlaki kimli\u011fin olu\u015ftu\u011fu ve de\u011fer e\u011filimlerinin geli\u015fti\u011fi \u00f6nemli bir d\u00f6nemdir. Bireyin ahlaki geli\u015fimini iyi bir \u015fekilde tamamlayabilmesi, evrensel ve<span class=\"excerpt-hellip\"> [\u2026]<\/span><\/p>\n","protected":false},"featured_media":0,"template":"","meta":{"_monsterinsights_skip_tracking":false,"_monsterinsights_sitenote_active":false,"_monsterinsights_sitenote_note":"","_monsterinsights_sitenote_category":0},"product_brand":[],"product_cat":[12573,12566],"product_tag":[],"class_list":{"0":"post-758457","1":"product","2":"type-product","3":"status-publish","5":"product_cat-akademik-kitaplar","6":"product_cat-egitim","7":"pa_cilt-ciltsiz","8":"pa_tur-kitap","9":"pa_yayinevi-yeniyuz-yayinlari","10":"pa_yazar-nagihan-bulut","12":"first","13":"instock","14":"sale","15":"shipping-taxable","16":"purchasable","17":"product-type-simple"},"_links":{"self":[{"href":"https:\/\/roveyayinevi.com.tr\/index.php\/wp-json\/wp\/v2\/product\/758457","targetHints":{"allow":["GET"]}}],"collection":[{"href":"https:\/\/roveyayinevi.com.tr\/index.php\/wp-json\/wp\/v2\/product"}],"about":[{"href":"https:\/\/roveyayinevi.com.tr\/index.php\/wp-json\/wp\/v2\/types\/product"}],"wp:attachment":[{"href":"https:\/\/roveyayinevi.com.tr\/index.php\/wp-json\/wp\/v2\/media?parent=758457"}],"wp:term":[{"taxonomy":"product_brand","embeddable":true,"href":"https:\/\/roveyayinevi.com.tr\/index.php\/wp-json\/wp\/v2\/product_brand?post=758457"},{"taxonomy":"product_cat","embeddable":true,"href":"https:\/\/roveyayinevi.com.tr\/index.php\/wp-json\/wp\/v2\/product_cat?post=758457"},{"taxonomy":"product_tag","embeddable":true,"href":"https:\/\/roveyayinevi.com.tr\/index.php\/wp-json\/wp\/v2\/product_tag?post=758457"}],"curies":[{"name":"wp","href":"https:\/\/api.w.org\/{rel}","templated":true}]}}