{"id":758455,"date":"2025-08-28T08:05:25","date_gmt":"2025-08-28T05:05:25","guid":{"rendered":"https:\/\/roveyayinevi.com.tr\/index.php\/urun\/ankara-arastirmalari-dergisi-cilt-11-sayi-2\/"},"modified":"2026-04-16T03:11:25","modified_gmt":"2026-04-16T00:11:25","slug":"ankara-arastirmalari-dergisi-cilt-11-sayi-2","status":"publish","type":"product","link":"https:\/\/roveyayinevi.com.tr\/index.php\/urun\/ankara-arastirmalari-dergisi-cilt-11-sayi-2\/","title":{"rendered":"Ankara Ara\u015ft\u0131rmalar\u0131 Dergisi Cilt 11 Say\u0131 -2"},"content":{"rendered":"<p>Ankara\u2019y\u0131 disiplinleraras\u0131 ara\u015ft\u0131rmalarla inceleyen Ankara Ara\u015ft\u0131rmalar\u0131 Dergisi\u2019nin 22. say\u0131s\u0131nda, kentsel co\u011frafya, n\u00fcfus ara\u015ft\u0131rmalar\u0131, k\u00fclt\u00fcrel ve sosyal tarih ve arkeoloji alanlar\u0131nda ger\u00e7ekle\u015ftirilmi\u015f bilimsel \u00e7al\u0131\u015fmalar okuyucuya sunulmaktad\u0131r. Say\u0131n\u0131n ilk makalesinde Ankara\u2019n\u0131n Polatl\u0131 il\u00e7esinde n\u00fcfusun geli\u015fimi ara\u015ft\u0131r\u0131lmakta ve mahallelere g\u00f6re yo\u011funluk analizi sunulmaktad\u0131r. \u0130kinci \u00e7al\u0131\u015fma, Gordion kaz\u0131 alan\u0131ndan \u00e7\u0131kar\u0131lan s\u0131rl\u0131 seramikleri tan\u0131mlayarak Ge\u00e7 Orta \u00c7a\u011f Beylikler D\u00f6nemi kent tarihine \u0131\u015f\u0131k tutmaktad\u0131r. Bir di\u011fer makalede Ankara\u2019da bulunan Papaz\u0131n Ba\u011f\u0131, kentsel do\u011fa parcas\u0131 olarak incelenmekte ve tarihsel s\u00fcre\u00e7 i\u00e7erisinde d\u00f6n\u00fc\u015f\u00fcm\u00fc ele al\u0131nmaktad\u0131r. Bir di\u011fer \u00e7al\u0131\u015fma, Cumhurba\u015fkanl\u0131\u011f\u0131 Senfoni Orkestras\u0131 Yeni Konser Salonu alan\u0131n\u0131n in\u015fa s\u00fcrecine ve bir end\u00fcstriyel miras alan\u0131n\u0131n d\u00f6n\u00fc\u015f\u00fcm\u00fcne odaklanmaktad\u0131r. Bu say\u0131da ayr\u0131ca Ankara\u2019dan S\u00f6z Eden \u015eark\u0131larda Yer Ba\u011fl\u0131l\u0131\u011f\u0131n\u0131 bulgular ile ortaya koyan ve edimsel topo\u011frafya kapsam\u0131nda Karakusunlar semtinin d\u00f6n\u00fc\u015f\u00fcm\u00fc gibi konular\u0131 semtin sakinlerinin deneyimleri \u00fczerinden okuyan \u00e7al\u0131\u015fmalar da sunulmaktad\u0131r. <\/p>\n","protected":false},"excerpt":{"rendered":"<p>Ankara\u2019y\u0131 disiplinleraras\u0131 ara\u015ft\u0131rmalarla inceleyen Ankara Ara\u015ft\u0131rmalar\u0131 Dergisi\u2019nin 22. say\u0131s\u0131nda, kentsel co\u011frafya, n\u00fcfus ara\u015ft\u0131rmalar\u0131, k\u00fclt\u00fcrel ve sosyal tarih ve arkeoloji alanlar\u0131nda ger\u00e7ekle\u015ftirilmi\u015f bilimsel \u00e7al\u0131\u015fmalar okuyucuya sunulmaktad\u0131r. Say\u0131n\u0131n<span class=\"excerpt-hellip\"> [\u2026]<\/span><\/p>\n","protected":false},"featured_media":0,"template":"","meta":{"_monsterinsights_skip_tracking":false,"_monsterinsights_sitenote_active":false,"_monsterinsights_sitenote_note":"","_monsterinsights_sitenote_category":0},"product_brand":[],"product_cat":[13527],"product_tag":[],"class_list":{"0":"post-758455","1":"product","2":"type-product","3":"status-publish","5":"product_cat-sureli-yayinlar","6":"pa_cilt-ciltsiz","7":"pa_tur-dergi","8":"pa_yayinevi-vekam-koc-universitesi-vehbi-koc-ankara-arastirmalari-uygulama-ve-arastirma-merkezi","9":"pa_yazar-kolektif","11":"first","12":"instock","13":"sale","14":"shipping-taxable","15":"purchasable","16":"product-type-simple"},"_links":{"self":[{"href":"https:\/\/roveyayinevi.com.tr\/index.php\/wp-json\/wp\/v2\/product\/758455","targetHints":{"allow":["GET"]}}],"collection":[{"href":"https:\/\/roveyayinevi.com.tr\/index.php\/wp-json\/wp\/v2\/product"}],"about":[{"href":"https:\/\/roveyayinevi.com.tr\/index.php\/wp-json\/wp\/v2\/types\/product"}],"wp:attachment":[{"href":"https:\/\/roveyayinevi.com.tr\/index.php\/wp-json\/wp\/v2\/media?parent=758455"}],"wp:term":[{"taxonomy":"product_brand","embeddable":true,"href":"https:\/\/roveyayinevi.com.tr\/index.php\/wp-json\/wp\/v2\/product_brand?post=758455"},{"taxonomy":"product_cat","embeddable":true,"href":"https:\/\/roveyayinevi.com.tr\/index.php\/wp-json\/wp\/v2\/product_cat?post=758455"},{"taxonomy":"product_tag","embeddable":true,"href":"https:\/\/roveyayinevi.com.tr\/index.php\/wp-json\/wp\/v2\/product_tag?post=758455"}],"curies":[{"name":"wp","href":"https:\/\/api.w.org\/{rel}","templated":true}]}}