{"id":758454,"date":"2025-08-28T08:05:24","date_gmt":"2025-08-28T05:05:24","guid":{"rendered":"https:\/\/roveyayinevi.com.tr\/index.php\/urun\/sonsuz-soru\/"},"modified":"2026-04-16T03:11:25","modified_gmt":"2026-04-16T00:11:25","slug":"sonsuz-soru","status":"publish","type":"product","link":"https:\/\/roveyayinevi.com.tr\/index.php\/urun\/sonsuz-soru\/","title":{"rendered":"Sonsuz Soru"},"content":{"rendered":"<p>Christopher Bollas Sonsuz Soru\u2019da ger\u00e7ek klinik uygulamalara ili\u015fkin ayr\u0131nt\u0131l\u0131  \u00e7al\u0131\u015fmalardan yola \u00e7\u0131karak, insan\u0131n sorgulama d\u00fcrt\u00fcs\u00fcne vurgu yapan bir psikanalitik teori ortaya koyuyor. Ki\u015finin \u00e7ocuklu\u011funun ilk y\u0131llar\u0131ndan hayat\u0131n\u0131n sonuna kadar bu d\u00fcrt\u00fcn\u00fcn farkl\u0131 bi\u00e7imlerinin etkisinde kald\u0131\u011f\u0131 ger\u00e7e\u011finden hareketle, Freud\u2019un serbest \u00e7a\u011fr\u0131\u015f\u0131m y\u00f6nteminin hem analizan hem de analiste nas\u0131l yan\u0131tlar sa\u011flad\u0131\u011f\u0131n\u0131 ve bunun kar\u015f\u0131l\u0131\u011f\u0131nda s\u00fcrekli ba\u015fka sorular\u0131 tetikledi\u011fini g\u00f6steriyor.   Sonsuz Soru\u2019nun merkezinde, pratikteki serbest \u00e7a\u011fr\u0131\u015f\u0131m y\u00f6nteminin temel y\u00f6nlerini vurgulayan paralel yorumlar e\u015fli\u011finde ger\u00e7ek analitik seanslar\u0131n d\u00f6k\u00fcmlerine yer veriliyor. Bu d\u00f6k\u00fcmler, vakalar\u0131n daha ayr\u0131nt\u0131l\u0131 tart\u0131\u015f\u0131lmas\u0131na olanak sunmakla birlikte Freud\u2019un silsile mant\u0131\u011f\u0131 teorisini temel alarak daha geni\u015f bir teorik \u00e7er\u00e7eve i\u00e7inde ba\u011flamsalla\u015ft\u0131r\u0131yor. B\u00f6ylece Bollas, s\u00f6z konusu serbest \u00e7a\u011fr\u0131\u015f\u0131m mant\u0131\u011f\u0131na kulak vermekle, Freud\u2019un bast\u0131r\u0131lm\u0131\u015f fikirler teorisinden daha zengin ve daha karma\u015f\u0131k bir bilin\u00e7d\u0131\u015f\u0131 ses ke\u015ffedebilece\u011fimizi \u00f6ne s\u00fcr\u00fcyor. <\/p>\n","protected":false},"excerpt":{"rendered":"<p>Christopher Bollas Sonsuz Soru\u2019da ger\u00e7ek klinik uygulamalara ili\u015fkin ayr\u0131nt\u0131l\u0131 \u00e7al\u0131\u015fmalardan yola \u00e7\u0131karak, insan\u0131n sorgulama d\u00fcrt\u00fcs\u00fcne vurgu yapan bir psikanalitik teori ortaya koyuyor. Ki\u015finin \u00e7ocuklu\u011funun ilk y\u0131llar\u0131ndan<span class=\"excerpt-hellip\"> [\u2026]<\/span><\/p>\n","protected":false},"featured_media":0,"template":"","meta":{"_monsterinsights_skip_tracking":false,"_monsterinsights_sitenote_active":false,"_monsterinsights_sitenote_note":"","_monsterinsights_sitenote_category":0},"product_brand":[],"product_cat":[12358,12357],"product_tag":[],"class_list":{"0":"post-758454","1":"product","2":"type-product","3":"status-publish","5":"product_cat-genel-psikoloji","6":"product_cat-psikoloji","7":"pa_cilt-ciltsiz","8":"pa_tur-kitap","9":"pa_yayinevi-yapi-kredi-yayinlari","10":"pa_yazar-christopher-bollas","12":"first","13":"instock","14":"sale","15":"shipping-taxable","16":"purchasable","17":"product-type-simple"},"_links":{"self":[{"href":"https:\/\/roveyayinevi.com.tr\/index.php\/wp-json\/wp\/v2\/product\/758454","targetHints":{"allow":["GET"]}}],"collection":[{"href":"https:\/\/roveyayinevi.com.tr\/index.php\/wp-json\/wp\/v2\/product"}],"about":[{"href":"https:\/\/roveyayinevi.com.tr\/index.php\/wp-json\/wp\/v2\/types\/product"}],"wp:attachment":[{"href":"https:\/\/roveyayinevi.com.tr\/index.php\/wp-json\/wp\/v2\/media?parent=758454"}],"wp:term":[{"taxonomy":"product_brand","embeddable":true,"href":"https:\/\/roveyayinevi.com.tr\/index.php\/wp-json\/wp\/v2\/product_brand?post=758454"},{"taxonomy":"product_cat","embeddable":true,"href":"https:\/\/roveyayinevi.com.tr\/index.php\/wp-json\/wp\/v2\/product_cat?post=758454"},{"taxonomy":"product_tag","embeddable":true,"href":"https:\/\/roveyayinevi.com.tr\/index.php\/wp-json\/wp\/v2\/product_tag?post=758454"}],"curies":[{"name":"wp","href":"https:\/\/api.w.org\/{rel}","templated":true}]}}