{"id":758452,"date":"2025-08-28T08:05:20","date_gmt":"2025-08-28T05:05:20","guid":{"rendered":"https:\/\/roveyayinevi.com.tr\/index.php\/urun\/uhepy-ingilizce-reading-kitabi\/"},"modified":"2025-09-25T09:53:10","modified_gmt":"2025-09-25T06:53:10","slug":"uhepy-ingilizce-reading-kitabi","status":"publish","type":"product","link":"https:\/\/roveyayinevi.com.tr\/index.php\/urun\/uhepy-ingilizce-reading-kitabi\/","title":{"rendered":"Uhepy  \u0130ngilizce  Reading Kitab\u0131"},"content":{"rendered":"<p>Bu eser sizlerin dil e\u011fitiminde ba\u015flang\u0131\u00e7 (starter) d\u00fczeyinden ileri (advanced) \u0130ngilizce\u2019ye olan yolculu\u011funuzda t\u00fcm seviyelerde OKUMA ihtiyac\u0131n\u0131z\u0131 kar\u015f\u0131lamak i\u00e7in haz\u0131rlanm\u0131\u015ft\u0131r. Okuyaca\u011f\u0131n\u0131z metinlerde c\u00fcmlelerdeki dilbilgisi yap\u0131lar\u0131 ve kelime bilgisi (basitten zora do\u011fru) ilmek ilmek i\u015flenmi\u015ftir. Tek bir kaynaktan azami verimle \u0130ngilizce \u00f6\u011frenmek isterseniz sizin i\u00e7in temel eser budur. Kitaptaki metinler sizlerin genel k\u00fclt\u00fcr\u00fcne katk\u0131 sa\u011flayacak g\u00fcncel konulardan derlenmi\u015ftir. \u0130ngilizce e\u011fitimini sa\u011flam \u015fekilde ilerletmek isteyenler i\u00e7in her seviyeye uygun ana kaynakt\u0131r. <\/p>\n","protected":false},"excerpt":{"rendered":"<p>Bu eser sizlerin dil e\u011fitiminde ba\u015flang\u0131\u00e7 (starter) d\u00fczeyinden ileri (advanced) \u0130ngilizce\u2019ye olan yolculu\u011funuzda t\u00fcm seviyelerde OKUMA ihtiyac\u0131n\u0131z\u0131 kar\u015f\u0131lamak i\u00e7in haz\u0131rlanm\u0131\u015ft\u0131r. Okuyaca\u011f\u0131n\u0131z metinlerde c\u00fcmlelerdeki dilbilgisi yap\u0131lar\u0131 ve<span class=\"excerpt-hellip\"> [\u2026]<\/span><\/p>\n","protected":false},"featured_media":0,"template":"","meta":{"_monsterinsights_skip_tracking":false,"_monsterinsights_sitenote_active":false,"_monsterinsights_sitenote_note":"","_monsterinsights_sitenote_category":0},"product_brand":[],"product_cat":[12566,13611],"product_tag":[],"class_list":{"0":"post-758452","1":"product","2":"type-product","3":"status-publish","5":"product_cat-egitim","6":"product_cat-sozlukler-ve-konusma-kilavuzlari","7":"pa_cilt-ciltsiz","8":"pa_tur-kitap","9":"pa_yayinevi-degisim-yayinlari","10":"pa_yazar-mustafa-sencanlar","12":"first","13":"instock","14":"sale","15":"shipping-taxable","16":"purchasable","17":"product-type-simple"},"_links":{"self":[{"href":"https:\/\/roveyayinevi.com.tr\/index.php\/wp-json\/wp\/v2\/product\/758452","targetHints":{"allow":["GET"]}}],"collection":[{"href":"https:\/\/roveyayinevi.com.tr\/index.php\/wp-json\/wp\/v2\/product"}],"about":[{"href":"https:\/\/roveyayinevi.com.tr\/index.php\/wp-json\/wp\/v2\/types\/product"}],"wp:attachment":[{"href":"https:\/\/roveyayinevi.com.tr\/index.php\/wp-json\/wp\/v2\/media?parent=758452"}],"wp:term":[{"taxonomy":"product_brand","embeddable":true,"href":"https:\/\/roveyayinevi.com.tr\/index.php\/wp-json\/wp\/v2\/product_brand?post=758452"},{"taxonomy":"product_cat","embeddable":true,"href":"https:\/\/roveyayinevi.com.tr\/index.php\/wp-json\/wp\/v2\/product_cat?post=758452"},{"taxonomy":"product_tag","embeddable":true,"href":"https:\/\/roveyayinevi.com.tr\/index.php\/wp-json\/wp\/v2\/product_tag?post=758452"}],"curies":[{"name":"wp","href":"https:\/\/api.w.org\/{rel}","templated":true}]}}