{"id":758448,"date":"2025-08-28T08:05:12","date_gmt":"2025-08-28T05:05:12","guid":{"rendered":"https:\/\/roveyayinevi.com.tr\/index.php\/urun\/oyna-ogren-bahce\/"},"modified":"2026-04-16T03:11:25","modified_gmt":"2026-04-16T00:11:25","slug":"oyna-ogren-bahce","status":"publish","type":"product","link":"https:\/\/roveyayinevi.com.tr\/index.php\/urun\/oyna-ogren-bahce\/","title":{"rendered":"Oyna \u00d6\u011fren &#8211; Bah\u00e7e"},"content":{"rendered":"<p>\u201cOyna &amp; \u00d6\u011fren Kitaplar\u0131\u201d serisi; \u00e7ocu\u011funuzun detaylar\u0131 fark etmesine yard\u0131mc\u0131 olacak e\u011flenceli bir seridir. \u00c7e\u015fit \u00e7e\u015fit aktiviteler ve boyamalarla \u00e7ocuklar e\u011flenceli vakit ge\u00e7irecekler. \u0130yi e\u011flenceler\u2026 <\/p>\n","protected":false},"excerpt":{"rendered":"<p>\u201cOyna &amp; \u00d6\u011fren Kitaplar\u0131\u201d serisi; \u00e7ocu\u011funuzun detaylar\u0131 fark etmesine yard\u0131mc\u0131 olacak e\u011flenceli bir seridir. \u00c7e\u015fit \u00e7e\u015fit aktiviteler ve boyamalarla \u00e7ocuklar e\u011flenceli vakit ge\u00e7irecekler. \u0130yi e\u011flenceler\u2026<\/p>\n","protected":false},"featured_media":0,"template":"","meta":{"_monsterinsights_skip_tracking":false,"_monsterinsights_sitenote_active":false,"_monsterinsights_sitenote_note":"","_monsterinsights_sitenote_category":0},"product_brand":[],"product_cat":[12644,12274],"product_tag":[],"class_list":{"0":"post-758448","1":"product","2":"type-product","3":"status-publish","5":"product_cat-boyama-kitaplari","6":"product_cat-cocuk-ve-genclik-kitaplari","7":"pa_cilt-ciltsiz","8":"pa_tur-kitap","9":"pa_yayinevi-parilti-yayinlari","10":"pa_yazar-kolektif","12":"first","13":"instock","14":"sale","15":"shipping-taxable","16":"purchasable","17":"product-type-simple"},"_links":{"self":[{"href":"https:\/\/roveyayinevi.com.tr\/index.php\/wp-json\/wp\/v2\/product\/758448","targetHints":{"allow":["GET"]}}],"collection":[{"href":"https:\/\/roveyayinevi.com.tr\/index.php\/wp-json\/wp\/v2\/product"}],"about":[{"href":"https:\/\/roveyayinevi.com.tr\/index.php\/wp-json\/wp\/v2\/types\/product"}],"wp:attachment":[{"href":"https:\/\/roveyayinevi.com.tr\/index.php\/wp-json\/wp\/v2\/media?parent=758448"}],"wp:term":[{"taxonomy":"product_brand","embeddable":true,"href":"https:\/\/roveyayinevi.com.tr\/index.php\/wp-json\/wp\/v2\/product_brand?post=758448"},{"taxonomy":"product_cat","embeddable":true,"href":"https:\/\/roveyayinevi.com.tr\/index.php\/wp-json\/wp\/v2\/product_cat?post=758448"},{"taxonomy":"product_tag","embeddable":true,"href":"https:\/\/roveyayinevi.com.tr\/index.php\/wp-json\/wp\/v2\/product_tag?post=758448"}],"curies":[{"name":"wp","href":"https:\/\/api.w.org\/{rel}","templated":true}]}}