{"id":758447,"date":"2025-08-28T08:05:11","date_gmt":"2025-08-28T05:05:11","guid":{"rendered":"https:\/\/roveyayinevi.com.tr\/index.php\/urun\/imgelenen-imgesel-ve-simgesel\/"},"modified":"2026-04-16T03:11:24","modified_gmt":"2026-04-16T00:11:24","slug":"imgelenen-imgesel-ve-simgesel","status":"publish","type":"product","link":"https:\/\/roveyayinevi.com.tr\/index.php\/urun\/imgelenen-imgesel-ve-simgesel\/","title":{"rendered":"\u0130mgelenen, \u0130mgesel ve Simgesel"},"content":{"rendered":"<p>Hi\u00e7 ku\u015fku yok ki mitlerde ve dinlerde imgelenen \u015fey, buna inananlar taraf\u0131ndan asla salt bir imgelem olarak d\u00fc\u015f\u00fcn\u00fclmez, tersine, g\u00fcndelik ya\u015famda deneyimlenen ger\u00e7eklikten bazen daha ger\u00e7ek olarak alg\u0131lan\u0131r. E\u011fer b\u00f6yleyse, ger\u00e7ek olandan daha ger\u00e7ek olan bu imgesel nedir? Ve elbette bu durumda, ger\u00e7ek nedir? L\u00e9vi-Strauss \u201cger\u00e7ek\u201d, \u201csimgesel\u201d ve \u201cimgesel\u201d olan\u0131n \u201c\u00fc\u00e7 ayr\u0131 d\u00fczen\u201d oldu\u011funu ileri s\u00fcrse de Maurice Godelier bu \u00e7al\u0131\u015fmas\u0131nda, ger\u00e7ek olan\u0131n simgesel ve imgesel d\u00fczlemlerden ayr\u0131lamayaca\u011f\u0131n\u0131 maharetle g\u00f6steriyor. Kutsal t\u00f6renler, nesneler ve mek\u00e2nlar, insanl\u0131\u011f\u0131n bir k\u0131sm\u0131 i\u00e7in Tanr\u0131\u2019n\u0131n, tanr\u0131lar\u0131n ya da ruhlar\u0131n varl\u0131\u011f\u0131n\u0131n ger\u00e7ekli\u011fine ve dolay\u0131s\u0131yla da hakikative tan\u0131kl\u0131k etmiyor mu? Simgesel; d\u00fc\u015f\u00fcncenin \u00f6tesine ge\u00e7erek t\u00fcm bedeni, bak\u0131\u015flar\u0131, jestleri ve bir o kadar da tap\u0131naklar\u0131, saraylar\u0131, ara\u00e7-gereci, yiyecekleri, da\u011flar\u0131, denizi, g\u00f6ky\u00fcz\u00fcn\u00fc, yery\u00fcz\u00fcn\u00fc istila eder ve harekete ge\u00e7irir: Simgesel ger\u00e7ektir. Bu \u00e7al\u0131\u015fma hi\u00e7 \u015f\u00fcphesiz bizi sosyal bilimlerin kalbine g\u00f6t\u00fcr\u00fcyor. \u00c7\u00fcnk\u00fc imgeselin ve simgeselin do\u011fas\u0131 ve rol\u00fcn\u00fc sorgulamak, toplumsal ya\u015fam\u0131n ba\u015fl\u0131ca bile\u015fenlerini ve insani varolu\u015fun temel ve\u00e7helerini de sorgulamakt\u0131r. \u0130nsanlar ger\u00e7e\u011fi nas\u0131l \u00fcretir? \u0130mgesel olan hangi yollarla ger\u00e7ek stat\u00fcs\u00fc kazan\u0131r? Ger\u00e7e\u011fi simgeselden ya da imgeseli simgeselden ay\u0131rt etmek m\u00fcmk\u00fcn m\u00fcd\u00fcr? Simgeler simgeledikleri \u015feylerden daha m\u0131 ger\u00e7ektir? Son d\u00f6nem Frans\u0131z antropolojisinin en \u00fcretken ve en tan\u0131nm\u0131\u015f isimlerinden Maurice Godelier, sadece kendi disiplini antropoloji i\u00e7erisinden de\u011fil, felsefe ve tarih gibi alanlarda da sorgulamay\u0131 s\u00fcrd\u00fcrerek bu t\u00fcrden \u00e7etrefilli sorulara yan\u0131t ar\u0131yor. <\/p>\n","protected":false},"excerpt":{"rendered":"<p>Hi\u00e7 ku\u015fku yok ki mitlerde ve dinlerde imgelenen \u015fey, buna inananlar taraf\u0131ndan asla salt bir imgelem olarak d\u00fc\u015f\u00fcn\u00fclmez, tersine, g\u00fcndelik ya\u015famda deneyimlenen ger\u00e7eklikten bazen daha ger\u00e7ek<span class=\"excerpt-hellip\"> [\u2026]<\/span><\/p>\n","protected":false},"featured_media":0,"template":"","meta":{"_monsterinsights_skip_tracking":false,"_monsterinsights_sitenote_active":false,"_monsterinsights_sitenote_note":"","_monsterinsights_sitenote_category":0},"product_brand":[],"product_cat":[15499,13488],"product_tag":[],"class_list":{"0":"post-758447","1":"product","2":"type-product","3":"status-publish","5":"product_cat-antropoloji","6":"product_cat-toplum-ve-insan","7":"pa_cilt-ciltsiz","8":"pa_tur-kitap","9":"pa_yayinevi-heretik-yayincilik","10":"pa_yazar-maurice-godelier","12":"first","13":"instock","14":"sale","15":"shipping-taxable","16":"purchasable","17":"product-type-simple"},"_links":{"self":[{"href":"https:\/\/roveyayinevi.com.tr\/index.php\/wp-json\/wp\/v2\/product\/758447","targetHints":{"allow":["GET"]}}],"collection":[{"href":"https:\/\/roveyayinevi.com.tr\/index.php\/wp-json\/wp\/v2\/product"}],"about":[{"href":"https:\/\/roveyayinevi.com.tr\/index.php\/wp-json\/wp\/v2\/types\/product"}],"wp:attachment":[{"href":"https:\/\/roveyayinevi.com.tr\/index.php\/wp-json\/wp\/v2\/media?parent=758447"}],"wp:term":[{"taxonomy":"product_brand","embeddable":true,"href":"https:\/\/roveyayinevi.com.tr\/index.php\/wp-json\/wp\/v2\/product_brand?post=758447"},{"taxonomy":"product_cat","embeddable":true,"href":"https:\/\/roveyayinevi.com.tr\/index.php\/wp-json\/wp\/v2\/product_cat?post=758447"},{"taxonomy":"product_tag","embeddable":true,"href":"https:\/\/roveyayinevi.com.tr\/index.php\/wp-json\/wp\/v2\/product_tag?post=758447"}],"curies":[{"name":"wp","href":"https:\/\/api.w.org\/{rel}","templated":true}]}}