{"id":758445,"date":"2025-08-28T08:05:08","date_gmt":"2025-08-28T05:05:08","guid":{"rendered":"https:\/\/roveyayinevi.com.tr\/index.php\/urun\/myart-myrina-yayinlari-sanat-dergisi\/"},"modified":"2026-04-16T03:11:24","modified_gmt":"2026-04-16T00:11:24","slug":"myart-myrina-yayinlari-sanat-dergisi","status":"publish","type":"product","link":"https:\/\/roveyayinevi.com.tr\/index.php\/urun\/myart-myrina-yayinlari-sanat-dergisi\/","title":{"rendered":"MYART: Myrina Yay\u0131nlar\u0131 Sanat Dergisi"},"content":{"rendered":"<p>MYART: Myrina Yay\u0131nlar\u0131 Sanat Dergisi\u2019nin ilk say\u0131s\u0131 olan bu dergide a\u015fa\u011f\u0131daki yaz\u0131lar bulunmaktad\u0131r:   \u00c7a\u011f\u0131n\u0131n S\u0131n\u0131rlar\u0131n\u0131 A\u015fan Bir Heykelt\u0131ra\u015f: Praksiteles (Do\u00e7. Dr. Cenker AT\u0130LA); Bronz \u00c7a\u011f\u0131nda Silah ve Sanat (Prof. Dr. Emre OKAN); Bir \u201cDenetimsiz\u201d Ele\u015ftiri: Refik Anadol &amp; Jerry Saltz (Alp Do\u011fu ESER); Erciyes\u2019i Resmeden Adam: Halit Doral (Do\u00e7. Dr. Cenker BERKANT); Ebedi Bir Cennet Bah\u00e7esi: Haseki Hurrem Sultan T\u00fcrbesi (\u015eebnem ATILGAN); B\u00f6lgesel Bir Sanat\u0131n Yans\u0131mas\u0131: Kapadokya G\u00fcvercinlikleri (Selim TUNA); Tanr\u0131sal Bak\u0131\u015f: Klasik Sanattan G\u00fcn\u00fcm\u00fcz Sanat\u0131na (Do\u00e7. G\u00f6khan EKEN); Sabreden Dervi\u015fin Ka\u00e7 Takip\u00e7isi Var? (U\u011fur G\u00dcNEL); \u00c7\u0131lg\u0131n D\u00fc\u015f\u00fcnceler (Evrensel Bar\u0131\u015f BERKANT); Sanat Anlay\u0131\u015f\u0131 Edinmenin \u00d6nemi (Prof. Dr. Meysem SAMSUN); Sanat\u0131n G\u00f6lgesinde Peyzaj Mimarisi (Dr. Umut G\u00dcLER); Sharon Griffin (Elif ZENG\u0130N BI\u00c7AKKIRAN); Bili\u00e7alt\u0131n\u0131n D\u0131\u015favurumu: S\u0131ralt\u0131 R\u00fcyalar (Prof. Duygu KAHRAMAN); Mine Sanat\u0131 ve Teknikleri (Umut DEM\u0130RG\u00dc\u00c7 THURMAN); Foto\u011fraf D\u00fcnyam\u0131z\u0131n \u201c\u0130nsan ve Renk\u201d Ustas\u0131 Yusuf Tuvi (Do\u00e7. Dr. A. Beyhan \u00d6ZDEM\u0130R); Tarihsel Bir Belge Olarak Foto\u011fraf: Cumhuriyet Bayram\u0131 (Zafer Gazi TUNALI); Foto \u00d6yk\u00fc: D\u00fc\u015fg\u00f6rd\u00fcren (Foto\u011fraf: Do\u00e7. Dr. A. Beyhan \u00d6ZDEM\u0130R-\u00d6yk\u00fc: G\u00f6n\u00fcl OCAK); Duyusal Hazz\u0131n Estetik Fenomenolojisi (\u00d6\u011fr. G\u00f6r. Necmi KARKIN); Orkestra \u015eeflerine Meydan Okuyan Zamans\u0131z Bir \u015eaheser: \u0130gor Stravinski\u2019nin Bahar Ayini (\u00d6\u011fr. G\u00f6r. Pia D\u00dcZG\u0130T); Vesikal\u0131 Olmak ya da Olmamak (Aylin PEKSERT); Yay\u0131mlamak ya da \u00d6zg\u00fcrl\u00fcklerden Korunmak (\u00c7a\u011fda\u015f Onur \u00d6ZT\u00dcRK); \u00c7a\u011fda\u015f Onur \u00d6zt\u00fcrk Soruyor (\u00c7a\u011fda\u015f Onur \u00d6ZT\u00dcRK); Tiyatroda Kad\u0131n Karakterlerin \u201c\u00d6teki\u201d \u00d6yk\u00fcs\u00fc (Kamer YILDIZ OK); Bir Trajedinin ve K\u0131y\u0131m\u0131n Anlat\u0131s\u0131 Olarak \u201cFrankenstein\u201d, \u201cFrankenstein Ba\u011fdat\u2019ta\u201d ve \u201cK\u00fc\u00e7\u00fck Bir Ayr\u0131nt\u0131\u201d Adl\u0131 Romanlara Dair (Erin\u00e7 B\u00dcY\u00dcKA\u015eIK); Romanda Kurmaca: Don Ki\u015fot mu Daha Ger\u00e7ek Yoksa Ben mi? (Kerem KACAR); Sabahattin Ali\u2019nin Raif Efendisi (Elif G\u00dcLER); Seslenilmeyen (Umut \u00c7ET\u0130N); Consciencia\/Fark\u0131ndal\u0131k (Alexandra NICOD); Ahmer (Hacer YILMAZ); S\u0131r Kap\u0131s\u0131 (Selami KARABULUT); Ya\u015fl\u0131 Bir G\u00fcn (Aydanur SARA\u00c7); Ressam Ilg\u0131n ERDEM (Haz\u0131rlayan: Elif ZENG\u0130N BI\u00c7AKKIRAN) <\/p>\n","protected":false},"excerpt":{"rendered":"<p>MYART: Myrina Yay\u0131nlar\u0131 Sanat Dergisi\u2019nin ilk say\u0131s\u0131 olan bu dergide a\u015fa\u011f\u0131daki yaz\u0131lar bulunmaktad\u0131r: \u00c7a\u011f\u0131n\u0131n S\u0131n\u0131rlar\u0131n\u0131 A\u015fan Bir Heykelt\u0131ra\u015f: Praksiteles (Do\u00e7. Dr. Cenker AT\u0130LA); Bronz \u00c7a\u011f\u0131nda Silah<span class=\"excerpt-hellip\"> [\u2026]<\/span><\/p>\n","protected":false},"featured_media":0,"template":"","meta":{"_monsterinsights_skip_tracking":false,"_monsterinsights_sitenote_active":false,"_monsterinsights_sitenote_note":"","_monsterinsights_sitenote_category":0},"product_brand":[],"product_cat":[13527],"product_tag":[],"class_list":{"0":"post-758445","1":"product","2":"type-product","3":"status-publish","5":"product_cat-sureli-yayinlar","6":"pa_cilt-ciltsiz","7":"pa_tur-dergi","8":"pa_yayinevi-myrina-yayinlari","9":"pa_yazar-kolektif","11":"first","12":"instock","13":"sale","14":"shipping-taxable","15":"purchasable","16":"product-type-simple"},"_links":{"self":[{"href":"https:\/\/roveyayinevi.com.tr\/index.php\/wp-json\/wp\/v2\/product\/758445","targetHints":{"allow":["GET"]}}],"collection":[{"href":"https:\/\/roveyayinevi.com.tr\/index.php\/wp-json\/wp\/v2\/product"}],"about":[{"href":"https:\/\/roveyayinevi.com.tr\/index.php\/wp-json\/wp\/v2\/types\/product"}],"wp:attachment":[{"href":"https:\/\/roveyayinevi.com.tr\/index.php\/wp-json\/wp\/v2\/media?parent=758445"}],"wp:term":[{"taxonomy":"product_brand","embeddable":true,"href":"https:\/\/roveyayinevi.com.tr\/index.php\/wp-json\/wp\/v2\/product_brand?post=758445"},{"taxonomy":"product_cat","embeddable":true,"href":"https:\/\/roveyayinevi.com.tr\/index.php\/wp-json\/wp\/v2\/product_cat?post=758445"},{"taxonomy":"product_tag","embeddable":true,"href":"https:\/\/roveyayinevi.com.tr\/index.php\/wp-json\/wp\/v2\/product_tag?post=758445"}],"curies":[{"name":"wp","href":"https:\/\/api.w.org\/{rel}","templated":true}]}}