{"id":758443,"date":"2025-08-28T08:05:06","date_gmt":"2025-08-28T05:05:06","guid":{"rendered":"https:\/\/roveyayinevi.com.tr\/index.php\/urun\/disiplinlerarasi-cagdas-sanat-yazilari\/"},"modified":"2026-04-16T03:11:24","modified_gmt":"2026-04-16T00:11:24","slug":"disiplinlerarasi-cagdas-sanat-yazilari","status":"publish","type":"product","link":"https:\/\/roveyayinevi.com.tr\/index.php\/urun\/disiplinlerarasi-cagdas-sanat-yazilari\/","title":{"rendered":"Disiplinleraras\u0131 \u00c7a\u011fda\u015f Sanat Yaz\u0131lar\u0131"},"content":{"rendered":"<p>Bu kitap, disiplinleraras\u0131l\u0131k kavram\u0131n\u0131n, \u00e7a\u011fda\u015f sanat\u0131n merkezine yerle\u015fti\u011fi bir d\u00f6nemde, ya\u015fad\u0131\u011f\u0131m\u0131z \u00e7a\u011fa tan\u0131kl\u0131k eden bir grup akademisyenin, g\u00fcn\u00fcm\u00fcz sanat\u0131 \u00fczerine farkl\u0131 perspektifler i\u00e7eren yaz\u0131lar\u0131n\u0131 bir araya getirme fikirle ortaya \u00e7\u0131km\u0131\u015ft\u0131r. Sanat, farkl\u0131 d\u00f6nemlere, ak\u0131mlara ve anlay\u0131\u015flara uyum sa\u011flayan de\u011fi\u015fen ve d\u00f6n\u00fc\u015fen bir kavramd\u0131r. Kandinsky\u2019nin herkes\u00e7e bilenen \u201cHer \u00e7a\u011f kendi sanat\u0131n\u0131 yarat\u0131r\u201d s\u00f6z\u00fcnden hareketle, \u00e7a\u011fda\u015f sanat pratikleri her zaman bu d\u00f6n\u00fc\u015f\u00fcm\u00fcn en canl\u0131 ve heyecan verici yans\u0131malar\u0131ndan olmu\u015ftur. Sanat\u0131n disiplinleraras\u0131 pratiklerle derinle\u015fti\u011fi, teknolojinin sanat\u0131n s\u0131n\u0131rlar\u0131n\u0131 zorlad\u0131\u011f\u0131 ve tan\u0131m\u0131n\u0131n yeniden olu\u015fturuldu\u011fu bir \u00e7a\u011f\u0131n e\u015fi\u011finde, \u00e7a\u011fda\u015f sanat yap\u0131tlar\u0131n\u0131n g\u00fcncel kavramlar\u0131 nas\u0131l d\u00f6n\u00fc\u015ft\u00fcr\u00fcld\u00fc\u011f\u00fcne dair fikirler i\u00e7eren yaz\u0131lardan olu\u015fan kitap, \u00e7a\u011fda\u015f sanat\u0131n heyecan verici yolculu\u011funda, okuyuculara rehberlik etmek ve \u00e7a\u011fda\u015f sanat\u0131n disiplinleraras\u0131 d\u00fcnyas\u0131na bir pencere a\u00e7mak i\u00e7in haz\u0131rlanm\u0131\u015ft\u0131r. Kitapta konusunda uzman 12 akademisyen taraf\u0131nda kaleme al\u0131nm\u0131\u015f yaz\u0131lar bulunmaktad\u0131r. <\/p>\n","protected":false},"excerpt":{"rendered":"<p>Bu kitap, disiplinleraras\u0131l\u0131k kavram\u0131n\u0131n, \u00e7a\u011fda\u015f sanat\u0131n merkezine yerle\u015fti\u011fi bir d\u00f6nemde, ya\u015fad\u0131\u011f\u0131m\u0131z \u00e7a\u011fa tan\u0131kl\u0131k eden bir grup akademisyenin, g\u00fcn\u00fcm\u00fcz sanat\u0131 \u00fczerine farkl\u0131 perspektifler i\u00e7eren yaz\u0131lar\u0131n\u0131 bir araya<span class=\"excerpt-hellip\"> [\u2026]<\/span><\/p>\n","protected":false},"featured_media":0,"template":"","meta":{"_monsterinsights_skip_tracking":false,"_monsterinsights_sitenote_active":false,"_monsterinsights_sitenote_note":"","_monsterinsights_sitenote_category":0},"product_brand":[],"product_cat":[12408],"product_tag":[],"class_list":{"0":"post-758443","1":"product","2":"type-product","3":"status-publish","5":"product_cat-sanat","6":"pa_cilt-ciltsiz","7":"pa_tur-kitap","8":"pa_yayinevi-myrina-yayinlari","9":"pa_yazar-huda-sayin-yucel-ozlem-tekdemir-gokhan-eken","11":"first","12":"instock","13":"sale","14":"shipping-taxable","15":"purchasable","16":"product-type-simple"},"_links":{"self":[{"href":"https:\/\/roveyayinevi.com.tr\/index.php\/wp-json\/wp\/v2\/product\/758443","targetHints":{"allow":["GET"]}}],"collection":[{"href":"https:\/\/roveyayinevi.com.tr\/index.php\/wp-json\/wp\/v2\/product"}],"about":[{"href":"https:\/\/roveyayinevi.com.tr\/index.php\/wp-json\/wp\/v2\/types\/product"}],"wp:attachment":[{"href":"https:\/\/roveyayinevi.com.tr\/index.php\/wp-json\/wp\/v2\/media?parent=758443"}],"wp:term":[{"taxonomy":"product_brand","embeddable":true,"href":"https:\/\/roveyayinevi.com.tr\/index.php\/wp-json\/wp\/v2\/product_brand?post=758443"},{"taxonomy":"product_cat","embeddable":true,"href":"https:\/\/roveyayinevi.com.tr\/index.php\/wp-json\/wp\/v2\/product_cat?post=758443"},{"taxonomy":"product_tag","embeddable":true,"href":"https:\/\/roveyayinevi.com.tr\/index.php\/wp-json\/wp\/v2\/product_tag?post=758443"}],"curies":[{"name":"wp","href":"https:\/\/api.w.org\/{rel}","templated":true}]}}