{"id":758442,"date":"2025-08-28T08:05:03","date_gmt":"2025-08-28T05:05:03","guid":{"rendered":"https:\/\/roveyayinevi.com.tr\/index.php\/urun\/zirvesine-goz-koydugum-daglar\/"},"modified":"2026-04-16T03:11:24","modified_gmt":"2026-04-16T00:11:24","slug":"zirvesine-goz-koydugum-daglar","status":"publish","type":"product","link":"https:\/\/roveyayinevi.com.tr\/index.php\/urun\/zirvesine-goz-koydugum-daglar\/","title":{"rendered":"Zirvesine G\u00f6z Koydu\u011fum Da\u011flar"},"content":{"rendered":"<p>\u201cZirvesine G\u00f6z Koydu\u011fum Da\u011flar\u201d her sayfas\u0131nda okurunu \u0130slam\u2019\u0131n manevi zirvelerine y\u00fcr\u00fcyen b\u00fcy\u00fck \u015fahsiyetlerin izinde bir yolculu\u011fa davet ediyor. \u0130skilipli \u00c2t\u0131f Hoca\u2019n\u0131n Ankara\u2019da \u00e7izdi\u011fi manevi harita, Sezai Karako\u00e7\u2019un Anadolu co\u011frafyas\u0131na nak\u015fetti\u011fi \u015fiirsel sema ile b\u00fct\u00fcnle\u015fiyor. \u015eeyh \u015eamil\u2019in ruhu, Kassam\u2019\u0131n direni\u015finde canlan\u0131yor. Kitapta ayn\u0131 zamanda Anadolu\u2019dan Balkanlara, Orta Asya\u2019dan Orta Do\u011fu\u2019ya, Kafkasya\u2019dan G\u00fcney Asya\u2019ya kadar geni\u015f bir \u00f6l\u00e7ekte M\u00fcsl\u00fcmanlar\u0131n ya\u015fad\u0131\u011f\u0131 bir\u00e7ok tarih\u00ee \u015fehrin etkileyici bir portresi \u00e7iziliyor. \u0130slam\u2019\u0131n tarihsel zirvesine ula\u015fma arzusunu ve bu u\u011furda verilen m\u00fccadeleyi co\u015fkulu bir anlat\u0131mla ortaya koyan bu eser, s\u00f6z konusu b\u00fcy\u00fck miras\u0131 \u00fcstlenmeye g\u00fcn\u00fcm\u00fcz M\u00fcsl\u00fcmanlar\u0131n\u0131 te\u015fvik ediyor. <\/p>\n","protected":false},"excerpt":{"rendered":"<p>\u201cZirvesine G\u00f6z Koydu\u011fum Da\u011flar\u201d her sayfas\u0131nda okurunu \u0130slam\u2019\u0131n manevi zirvelerine y\u00fcr\u00fcyen b\u00fcy\u00fck \u015fahsiyetlerin izinde bir yolculu\u011fa davet ediyor. \u0130skilipli \u00c2t\u0131f Hoca\u2019n\u0131n Ankara\u2019da \u00e7izdi\u011fi manevi harita, Sezai<span class=\"excerpt-hellip\"> [\u2026]<\/span><\/p>\n","protected":false},"featured_media":0,"template":"","meta":{"_monsterinsights_skip_tracking":false,"_monsterinsights_sitenote_active":false,"_monsterinsights_sitenote_note":"","_monsterinsights_sitenote_category":0},"product_brand":[],"product_cat":[12777,12291],"product_tag":[],"class_list":{"0":"post-758442","1":"product","2":"type-product","3":"status-publish","5":"product_cat-deneme","6":"product_cat-edebiyat","7":"pa_cilt-ciltsiz","8":"pa_tur-kitap","9":"pa_yayinevi-profil-kitap","10":"pa_yazar-mustafa-nezihi-pesen","12":"first","13":"instock","14":"sale","15":"shipping-taxable","16":"purchasable","17":"product-type-simple"},"_links":{"self":[{"href":"https:\/\/roveyayinevi.com.tr\/index.php\/wp-json\/wp\/v2\/product\/758442","targetHints":{"allow":["GET"]}}],"collection":[{"href":"https:\/\/roveyayinevi.com.tr\/index.php\/wp-json\/wp\/v2\/product"}],"about":[{"href":"https:\/\/roveyayinevi.com.tr\/index.php\/wp-json\/wp\/v2\/types\/product"}],"wp:attachment":[{"href":"https:\/\/roveyayinevi.com.tr\/index.php\/wp-json\/wp\/v2\/media?parent=758442"}],"wp:term":[{"taxonomy":"product_brand","embeddable":true,"href":"https:\/\/roveyayinevi.com.tr\/index.php\/wp-json\/wp\/v2\/product_brand?post=758442"},{"taxonomy":"product_cat","embeddable":true,"href":"https:\/\/roveyayinevi.com.tr\/index.php\/wp-json\/wp\/v2\/product_cat?post=758442"},{"taxonomy":"product_tag","embeddable":true,"href":"https:\/\/roveyayinevi.com.tr\/index.php\/wp-json\/wp\/v2\/product_tag?post=758442"}],"curies":[{"name":"wp","href":"https:\/\/api.w.org\/{rel}","templated":true}]}}