{"id":758440,"date":"2025-08-28T08:04:59","date_gmt":"2025-08-28T05:04:59","guid":{"rendered":"https:\/\/roveyayinevi.com.tr\/index.php\/urun\/hafiza-kaydi\/"},"modified":"2026-04-16T03:11:24","modified_gmt":"2026-04-16T00:11:24","slug":"hafiza-kaydi","status":"publish","type":"product","link":"https:\/\/roveyayinevi.com.tr\/index.php\/urun\/hafiza-kaydi\/","title":{"rendered":"Haf\u0131za Kayd\u0131"},"content":{"rendered":"<p>Ya\u015fad\u0131\u011f\u0131m\u0131z topraklar d\u00fcn\u00fcyle bug\u00fcn\u00fcyle bizlere \u00e7ok \u015feyler vadediyor. Eski(mez) insanlar\u0131n izini s\u00fcrmek, onlar\u0131n yazd\u0131klar\u0131ndan ve ya\u015fad\u0131klar\u0131ndan kendimize pratikler \u00e7\u0131karmak, d\u00fcn\u00fc bug\u00fcne ve bug\u00fcn\u00fc yar\u0131na ba\u011flamak, Tanp\u0131nar\u2019dan ilhamla s\u00f6yleyecek olursak \u201cde\u011fi\u015ferek devam etmek ve devam ederek de\u011fi\u015fmek\u201d her zaman m\u00fcmk\u00fcn. Yeter ki birileri \u201cba\u015fka \u015feylerle\u201d ilgilensin, \u201cba\u015fka \u015feyler\u201d okusun. Raflarda tozlanm\u0131\u015f kitaplar\u0131 yeniden ortaya \u00e7\u0131kars\u0131n, kimsenin dikkatini \u00e7ekmeyen asil konular\u0131 yeniden yorumlas\u0131n, t\u00fcm ciddiyetiyle \u201cpara etmeyen\u201d ama \u201cmana y\u00fckl\u00fc\u201d i\u015flerle ya\u015fama anlam \u00fcst\u00fcne anlam kats\u0131n. Hem kendine hem civar\u0131na bahtiyarl\u0131k sunsun, huzur a\u015f\u0131las\u0131n, \u015fevk versin. Neden olmas\u0131n? Ya\u011f\u0131z G\u00f6n\u00fcler; hayat\u0131, insanlar\u0131 ve kitaplar\u0131 merkeze ald\u0131\u011f\u0131 denemelerinde bir Haf\u0131za Kayd\u0131 tutmaya \u00e7al\u0131\u015f\u0131yor. D\u00fcn\u00fc bug\u00fcne, bug\u00fcn\u00fc yar\u0131na ba\u011flamak i\u00e7in\u2026 <\/p>\n","protected":false},"excerpt":{"rendered":"<p>Ya\u015fad\u0131\u011f\u0131m\u0131z topraklar d\u00fcn\u00fcyle bug\u00fcn\u00fcyle bizlere \u00e7ok \u015feyler vadediyor. Eski(mez) insanlar\u0131n izini s\u00fcrmek, onlar\u0131n yazd\u0131klar\u0131ndan ve ya\u015fad\u0131klar\u0131ndan kendimize pratikler \u00e7\u0131karmak, d\u00fcn\u00fc bug\u00fcne ve bug\u00fcn\u00fc yar\u0131na ba\u011flamak, Tanp\u0131nar\u2019dan<span class=\"excerpt-hellip\"> [\u2026]<\/span><\/p>\n","protected":false},"featured_media":0,"template":"","meta":{"_monsterinsights_skip_tracking":false,"_monsterinsights_sitenote_active":false,"_monsterinsights_sitenote_note":"","_monsterinsights_sitenote_category":0},"product_brand":[],"product_cat":[12777,12291],"product_tag":[],"class_list":{"0":"post-758440","1":"product","2":"type-product","3":"status-publish","5":"product_cat-deneme","6":"product_cat-edebiyat","7":"pa_cilt-ciltsiz","8":"pa_tur-kitap","9":"pa_yayinevi-profil-kitap","10":"pa_yazar-yagiz-gonuler","12":"first","13":"instock","14":"sale","15":"shipping-taxable","16":"purchasable","17":"product-type-simple"},"_links":{"self":[{"href":"https:\/\/roveyayinevi.com.tr\/index.php\/wp-json\/wp\/v2\/product\/758440","targetHints":{"allow":["GET"]}}],"collection":[{"href":"https:\/\/roveyayinevi.com.tr\/index.php\/wp-json\/wp\/v2\/product"}],"about":[{"href":"https:\/\/roveyayinevi.com.tr\/index.php\/wp-json\/wp\/v2\/types\/product"}],"wp:attachment":[{"href":"https:\/\/roveyayinevi.com.tr\/index.php\/wp-json\/wp\/v2\/media?parent=758440"}],"wp:term":[{"taxonomy":"product_brand","embeddable":true,"href":"https:\/\/roveyayinevi.com.tr\/index.php\/wp-json\/wp\/v2\/product_brand?post=758440"},{"taxonomy":"product_cat","embeddable":true,"href":"https:\/\/roveyayinevi.com.tr\/index.php\/wp-json\/wp\/v2\/product_cat?post=758440"},{"taxonomy":"product_tag","embeddable":true,"href":"https:\/\/roveyayinevi.com.tr\/index.php\/wp-json\/wp\/v2\/product_tag?post=758440"}],"curies":[{"name":"wp","href":"https:\/\/api.w.org\/{rel}","templated":true}]}}