{"id":758437,"date":"2025-08-28T08:04:53","date_gmt":"2025-08-28T05:04:53","guid":{"rendered":"https:\/\/roveyayinevi.com.tr\/index.php\/urun\/al-pacino\/"},"modified":"2026-04-16T03:11:24","modified_gmt":"2026-04-16T00:11:24","slug":"al-pacino","status":"publish","type":"product","link":"https:\/\/roveyayinevi.com.tr\/index.php\/urun\/al-pacino\/","title":{"rendered":"Al Pacino"},"content":{"rendered":"<p>Al Pacino, otuz y\u0131l\u0131 a\u015fk\u0131n bir zamand\u0131r \u00fcnl\u00fc gazeteci-yazar Lawrence Grobel ile \u00e7ocuklu\u011fundan babal\u0131\u011f\u0131na, oyunculuktan Shakespeare tutkusuna kadar bir\u00e7ok farkl\u0131 konuda i\u00e7tenlikle ve \u00f6zg\u00fcrce konu\u015fuyor. \u0130kilinin t\u00fcm sohbetlerinin ilk kez bir araya geldi\u011fi bu kitap, d\u00fcnyan\u0131n en yetenekli ve \u00f6zel sanat\u00e7\u0131lar\u0131ndan birinin samimi bir portresini sunuyor. &#8220;Baba&#8221; \u00fc\u00e7lemesi ve &#8220;Yaral\u0131 Y\u00fcz&#8221; gibi filmlerde ba\u015frol oynayarak sinema tarihinin en iyi akt\u00f6rleri aras\u0131nda yerini alan Pacino, kariyeri boyunca Francis Ford Coppola, Sidney Lumet, Brian De Palma, Sydney Pollack, Marlon Brando gibi Hollywood\u2019un \u00f6nemli isimleriyle \u00e7al\u0131\u015fma \u015fans\u0131na sahip oldu. Al Pacino, sanatsal g\u00fcc\u00fcn\u00fcn doru\u011funda olmas\u0131na ra\u011fmen h\u00e2len \u00f6\u011frenmeye can atan, yapt\u0131\u011f\u0131 i\u015fin meyvelerini toplamaktan ziyade sanat\u0131n\u0131 \u00fcretme s\u00fcreciyle ilgilenen yarat\u0131c\u0131 bir deha. Usta oyuncunun biyografisini kendi yazd\u0131\u011f\u0131 \u00f6n s\u00f6zle okurlar\u0131m\u0131za sunmaktan gurur duyuyoruz.<\/p>\n","protected":false},"excerpt":{"rendered":"<p>Al Pacino, otuz y\u0131l\u0131 a\u015fk\u0131n bir zamand\u0131r \u00fcnl\u00fc gazeteci-yazar Lawrence Grobel ile \u00e7ocuklu\u011fundan babal\u0131\u011f\u0131na, oyunculuktan Shakespeare tutkusuna kadar bir\u00e7ok farkl\u0131 konuda i\u00e7tenlikle ve \u00f6zg\u00fcrce konu\u015fuyor. \u0130kilinin<span class=\"excerpt-hellip\"> [\u2026]<\/span><\/p>\n","protected":false},"featured_media":0,"template":"","meta":{"_monsterinsights_skip_tracking":false,"_monsterinsights_sitenote_active":false,"_monsterinsights_sitenote_note":"","_monsterinsights_sitenote_category":0},"product_brand":[],"product_cat":[12291,30969],"product_tag":[],"class_list":{"0":"post-758437","1":"product","2":"type-product","3":"status-publish","5":"product_cat-edebiyat","6":"product_cat-soylesi-edebiyat","7":"pa_cilt-ciltsiz","8":"pa_tur-kitap","9":"pa_yayinevi-profil-kitap","10":"pa_yazar-lawrence-grobel","12":"first","13":"instock","14":"sale","15":"shipping-taxable","16":"purchasable","17":"product-type-simple"},"_links":{"self":[{"href":"https:\/\/roveyayinevi.com.tr\/index.php\/wp-json\/wp\/v2\/product\/758437","targetHints":{"allow":["GET"]}}],"collection":[{"href":"https:\/\/roveyayinevi.com.tr\/index.php\/wp-json\/wp\/v2\/product"}],"about":[{"href":"https:\/\/roveyayinevi.com.tr\/index.php\/wp-json\/wp\/v2\/types\/product"}],"wp:attachment":[{"href":"https:\/\/roveyayinevi.com.tr\/index.php\/wp-json\/wp\/v2\/media?parent=758437"}],"wp:term":[{"taxonomy":"product_brand","embeddable":true,"href":"https:\/\/roveyayinevi.com.tr\/index.php\/wp-json\/wp\/v2\/product_brand?post=758437"},{"taxonomy":"product_cat","embeddable":true,"href":"https:\/\/roveyayinevi.com.tr\/index.php\/wp-json\/wp\/v2\/product_cat?post=758437"},{"taxonomy":"product_tag","embeddable":true,"href":"https:\/\/roveyayinevi.com.tr\/index.php\/wp-json\/wp\/v2\/product_tag?post=758437"}],"curies":[{"name":"wp","href":"https:\/\/api.w.org\/{rel}","templated":true}]}}