{"id":758434,"date":"2025-08-28T08:04:48","date_gmt":"2025-08-28T05:04:48","guid":{"rendered":"https:\/\/roveyayinevi.com.tr\/index.php\/urun\/dikkat-kapiniz-calabilir\/"},"modified":"2026-04-08T03:19:34","modified_gmt":"2026-04-08T00:19:34","slug":"dikkat-kapiniz-calabilir","status":"publish","type":"product","link":"https:\/\/roveyayinevi.com.tr\/index.php\/urun\/dikkat-kapiniz-calabilir\/","title":{"rendered":"Dikkat Kap\u0131n\u0131z \u00c7alabilir"},"content":{"rendered":"<p>Atlas sekiz daireli, kalabal\u0131k bir apartmanda ya\u015f\u0131yordu. Ona sorsan\u0131z, kom\u015fular\u0131n\u0131n \u00e7o\u011funu tan\u0131d\u0131\u011f\u0131n\u0131 d\u00fc\u015f\u00fcn\u00fcrd\u00fc.  Fakat \u00f6\u011fretmeninin verdi\u011fi bir \u00f6devle, ya\u015fad\u0131\u011f\u0131 binadaki kap\u0131lar\u0131n ard\u0131nda sakl\u0131 hik\u00e2yeleri bir bir \u00f6\u011frenecek, kom\u015fular\u0131n\u0131n sevin\u00e7lerine, heyecanlar\u0131na, \u00fcz\u00fcnt\u00fclerine ve daha pek \u00e7ok duygusuna \u015fahit olacakt\u0131. \u0130lk ba\u015fta biraz s\u0131k\u0131c\u0131 g\u00f6r\u00fcnen bu \u00f6dev, onu benzersiz s\u00fcrprizlerle kar\u015f\u0131la\u015ft\u0131rmak \u00fczereydi.   Nehir Yarar\u2019dan farkl\u0131 hayatlar ve kom\u015fuluk ba\u011flar\u0131 hakk\u0131nda, samimi ve merak uyand\u0131r\u0131c\u0131 bir hik\u00e2ye&#8230; <\/p>\n","protected":false},"excerpt":{"rendered":"<p>Atlas sekiz daireli, kalabal\u0131k bir apartmanda ya\u015f\u0131yordu. Ona sorsan\u0131z, kom\u015fular\u0131n\u0131n \u00e7o\u011funu tan\u0131d\u0131\u011f\u0131n\u0131 d\u00fc\u015f\u00fcn\u00fcrd\u00fc. Fakat \u00f6\u011fretmeninin verdi\u011fi bir \u00f6devle, ya\u015fad\u0131\u011f\u0131 binadaki kap\u0131lar\u0131n ard\u0131nda sakl\u0131 hik\u00e2yeleri bir bir<span class=\"excerpt-hellip\"> [\u2026]<\/span><\/p>\n","protected":false},"featured_media":0,"template":"","meta":{"_monsterinsights_skip_tracking":false,"_monsterinsights_sitenote_active":false,"_monsterinsights_sitenote_note":"","_monsterinsights_sitenote_category":0},"product_brand":[],"product_cat":[12291,12711],"product_tag":[],"class_list":{"0":"post-758434","1":"product","2":"type-product","3":"status-publish","5":"product_cat-edebiyat","6":"product_cat-roman-oyku","7":"pa_cilt-ciltsiz","8":"pa_tur-kitap","9":"pa_yayinevi-ithaki-yayinlari","10":"pa_yazar-nehir-yarar","12":"first","13":"instock","14":"sale","15":"shipping-taxable","16":"purchasable","17":"product-type-simple"},"_links":{"self":[{"href":"https:\/\/roveyayinevi.com.tr\/index.php\/wp-json\/wp\/v2\/product\/758434","targetHints":{"allow":["GET"]}}],"collection":[{"href":"https:\/\/roveyayinevi.com.tr\/index.php\/wp-json\/wp\/v2\/product"}],"about":[{"href":"https:\/\/roveyayinevi.com.tr\/index.php\/wp-json\/wp\/v2\/types\/product"}],"wp:attachment":[{"href":"https:\/\/roveyayinevi.com.tr\/index.php\/wp-json\/wp\/v2\/media?parent=758434"}],"wp:term":[{"taxonomy":"product_brand","embeddable":true,"href":"https:\/\/roveyayinevi.com.tr\/index.php\/wp-json\/wp\/v2\/product_brand?post=758434"},{"taxonomy":"product_cat","embeddable":true,"href":"https:\/\/roveyayinevi.com.tr\/index.php\/wp-json\/wp\/v2\/product_cat?post=758434"},{"taxonomy":"product_tag","embeddable":true,"href":"https:\/\/roveyayinevi.com.tr\/index.php\/wp-json\/wp\/v2\/product_tag?post=758434"}],"curies":[{"name":"wp","href":"https:\/\/api.w.org\/{rel}","templated":true}]}}