{"id":758430,"date":"2025-08-28T08:04:40","date_gmt":"2025-08-28T05:04:40","guid":{"rendered":"https:\/\/roveyayinevi.com.tr\/index.php\/urun\/mob-psycho-100-1-cilt\/"},"modified":"2026-04-16T03:11:24","modified_gmt":"2026-04-16T00:11:24","slug":"mob-psycho-100-1-cilt","status":"publish","type":"product","link":"https:\/\/roveyayinevi.com.tr\/index.php\/urun\/mob-psycho-100-1-cilt\/","title":{"rendered":"Mob Psycho 100 \u2013 1.Cilt"},"content":{"rendered":"<p>Normal bir gen\u00e7li\u011fin \u00f6zlemini \u00e7eken ortaokul \u00fc\u00e7\u00fcnc\u00fc s\u0131n\u0131f \u00f6\u011frencisi \u015eigeo Kageyama\u2019n\u0131n (Mob olarak da bilinir) \u00f6zel g\u00fc\u00e7leri vard\u0131r. Bunlar\u2026 \u201cdo\u011fa\u00fcst\u00fc g\u00fc\u00e7lerdir!!!\u201d Sahte medyumlar, \u015f\u00fcpheli dini tarikatlar ve di\u011ferleri&#8230; G\u00fcc\u00fcn\u00fc kullanmak i\u00e7in \u00e7e\u015fitli insanlar etraf\u0131nda toplan\u0131r. Gen\u00e7 \u00e7ocu\u011fun \u2013Mob\u2019un\u2013 i\u00e7erisinde bir \u015feyler k\u0131m\u0131ldamaya ba\u015flar!!\u015eoke edici psi\u015fik gencin \u00f6yk\u00fcs\u00fc ba\u015fl\u0131yor!!<\/p>\n","protected":false},"excerpt":{"rendered":"<p>Normal bir gen\u00e7li\u011fin \u00f6zlemini \u00e7eken ortaokul \u00fc\u00e7\u00fcnc\u00fc s\u0131n\u0131f \u00f6\u011frencisi \u015eigeo Kageyama\u2019n\u0131n (Mob olarak da bilinir) \u00f6zel g\u00fc\u00e7leri vard\u0131r. Bunlar\u2026 \u201cdo\u011fa\u00fcst\u00fc g\u00fc\u00e7lerdir!!!\u201d Sahte medyumlar, \u015f\u00fcpheli dini tarikatlar<span class=\"excerpt-hellip\"> [\u2026]<\/span><\/p>\n","protected":false},"featured_media":0,"template":"","meta":{"_monsterinsights_skip_tracking":false,"_monsterinsights_sitenote_active":false,"_monsterinsights_sitenote_note":"","_monsterinsights_sitenote_category":0},"product_brand":[],"product_cat":[12416,12291],"product_tag":[],"class_list":{"0":"post-758430","1":"product","2":"type-product","3":"status-publish","5":"product_cat-cizgi-roman","6":"product_cat-edebiyat","7":"pa_cilt-ciltsiz","8":"pa_tur-kitap","9":"pa_yayinevi-ithaki-yayinlari","10":"pa_yazar-one","12":"first","13":"instock","14":"sale","15":"shipping-taxable","16":"purchasable","17":"product-type-simple"},"_links":{"self":[{"href":"https:\/\/roveyayinevi.com.tr\/index.php\/wp-json\/wp\/v2\/product\/758430","targetHints":{"allow":["GET"]}}],"collection":[{"href":"https:\/\/roveyayinevi.com.tr\/index.php\/wp-json\/wp\/v2\/product"}],"about":[{"href":"https:\/\/roveyayinevi.com.tr\/index.php\/wp-json\/wp\/v2\/types\/product"}],"wp:attachment":[{"href":"https:\/\/roveyayinevi.com.tr\/index.php\/wp-json\/wp\/v2\/media?parent=758430"}],"wp:term":[{"taxonomy":"product_brand","embeddable":true,"href":"https:\/\/roveyayinevi.com.tr\/index.php\/wp-json\/wp\/v2\/product_brand?post=758430"},{"taxonomy":"product_cat","embeddable":true,"href":"https:\/\/roveyayinevi.com.tr\/index.php\/wp-json\/wp\/v2\/product_cat?post=758430"},{"taxonomy":"product_tag","embeddable":true,"href":"https:\/\/roveyayinevi.com.tr\/index.php\/wp-json\/wp\/v2\/product_tag?post=758430"}],"curies":[{"name":"wp","href":"https:\/\/api.w.org\/{rel}","templated":true}]}}