{"id":758428,"date":"2025-08-28T08:04:03","date_gmt":"2025-08-28T05:04:03","guid":{"rendered":"https:\/\/roveyayinevi.com.tr\/index.php\/urun\/ac-niyazi\/"},"modified":"2026-04-16T03:11:24","modified_gmt":"2026-04-16T00:11:24","slug":"ac-niyazi","status":"publish","type":"product","link":"https:\/\/roveyayinevi.com.tr\/index.php\/urun\/ac-niyazi\/","title":{"rendered":"A\u00e7 Niyazi"},"content":{"rendered":"<p>Oru\u00e7 tutman\u0131n \u00f6nemini e\u011flenceli bir \u015fekilde ke\u015ffetmek ister misiniz? O zaman \u201cA\u00e7 Niyazi\u201d tam da arad\u0131\u011f\u0131n\u0131z \u00e7izgi roman! Bu e\u015fsiz eser, herkesin i\u00e7inde devam eden nefis ve vicdan sava\u015f\u0131n\u0131 e\u011flenceli bir dille okuruna sunuyor. Kahraman\u0131m\u0131z Niyazi, bir yandan karn\u0131 gurul gurul guruldarken bir yandan da Ramazan ikliminin g\u00fczelli\u011fini ke\u015ffetmeye \u00e7al\u0131\u015f\u0131yor. Bu s\u0131rada iki ki\u015fi yan\u0131ndan hi\u00e7 ayr\u0131lm\u0131yor: Nefsi ve Vicdan\u0131! Bakal\u0131m Niyazi kimin s\u00f6z\u00fcn\u00fc dinleyecek ve k\u0131yamete kadar devam edecek bu sava\u015f\u0131n galibi kim olacak? <\/p>\n","protected":false},"excerpt":{"rendered":"<p>Oru\u00e7 tutman\u0131n \u00f6nemini e\u011flenceli bir \u015fekilde ke\u015ffetmek ister misiniz? O zaman \u201cA\u00e7 Niyazi\u201d tam da arad\u0131\u011f\u0131n\u0131z \u00e7izgi roman! Bu e\u015fsiz eser, herkesin i\u00e7inde devam eden nefis<span class=\"excerpt-hellip\"> [\u2026]<\/span><\/p>\n","protected":false},"featured_media":0,"template":"","meta":{"_monsterinsights_skip_tracking":false,"_monsterinsights_sitenote_active":false,"_monsterinsights_sitenote_note":"","_monsterinsights_sitenote_category":0},"product_brand":[],"product_cat":[12416,12291],"product_tag":[],"class_list":{"0":"post-758428","1":"product","2":"type-product","3":"status-publish","5":"product_cat-cizgi-roman","6":"product_cat-edebiyat","7":"pa_cilt-ciltsiz","8":"pa_tur-kitap","9":"pa_yayinevi-aile-yayinlari","10":"pa_yazar-hatice-kubra-tongar","12":"first","13":"instock","14":"sale","15":"shipping-taxable","16":"purchasable","17":"product-type-simple"},"_links":{"self":[{"href":"https:\/\/roveyayinevi.com.tr\/index.php\/wp-json\/wp\/v2\/product\/758428","targetHints":{"allow":["GET"]}}],"collection":[{"href":"https:\/\/roveyayinevi.com.tr\/index.php\/wp-json\/wp\/v2\/product"}],"about":[{"href":"https:\/\/roveyayinevi.com.tr\/index.php\/wp-json\/wp\/v2\/types\/product"}],"wp:attachment":[{"href":"https:\/\/roveyayinevi.com.tr\/index.php\/wp-json\/wp\/v2\/media?parent=758428"}],"wp:term":[{"taxonomy":"product_brand","embeddable":true,"href":"https:\/\/roveyayinevi.com.tr\/index.php\/wp-json\/wp\/v2\/product_brand?post=758428"},{"taxonomy":"product_cat","embeddable":true,"href":"https:\/\/roveyayinevi.com.tr\/index.php\/wp-json\/wp\/v2\/product_cat?post=758428"},{"taxonomy":"product_tag","embeddable":true,"href":"https:\/\/roveyayinevi.com.tr\/index.php\/wp-json\/wp\/v2\/product_tag?post=758428"}],"curies":[{"name":"wp","href":"https:\/\/api.w.org\/{rel}","templated":true}]}}