{"id":758424,"date":"2025-08-28T08:03:57","date_gmt":"2025-08-28T05:03:57","guid":{"rendered":"https:\/\/roveyayinevi.com.tr\/index.php\/urun\/serpilme-kendini-bulmak-uzerine-siradisi-bir-yolculuk\/"},"modified":"2026-04-16T03:11:24","modified_gmt":"2026-04-16T00:11:24","slug":"serpilme-kendini-bulmak-uzerine-siradisi-bir-yolculuk","status":"publish","type":"product","link":"https:\/\/roveyayinevi.com.tr\/index.php\/urun\/serpilme-kendini-bulmak-uzerine-siradisi-bir-yolculuk\/","title":{"rendered":"Serpilme: Kendini Bulmak \u00dczerine S\u0131rad\u0131\u015f\u0131 Bir Yolculuk"},"content":{"rendered":"<p>\u201cHayat\u0131m\u0131 ba\u015fka bir \u015feyin \u00f6zlemini \u00e7ekerek mi ya\u015famak istiyorum? S\u00fcrekli olarak \u2018Bu ger\u00e7ekle\u015fti\u011finde mutlu olaca\u011f\u0131m\u2019 diye mi d\u00fc\u015f\u00fcn\u00fcyorum?\u201d Anlaml\u0131 bir ya\u015fam nedir? Geli\u015fmek ne anlama geliyor? Antonia Case, \u015fehirdeki kurumsal i\u015fini b\u0131rak\u0131p anlam aray\u0131\u015f\u0131yla d\u00fcnyay\u0131 dola\u015f\u0131r. Cevaplar\u0131 bulmak i\u00e7in medyan\u0131n sesini kapat\u0131r. Teknolojiden uzak durur ve el bagaj\u0131nda kitaplardan ba\u015fka bir \u015fey olmadan Buenos Aires\u2019ten Paris\u2019e, Barselona\u2019dan Byron K\u00f6rfezi\u2019ne yolculuk eder. Kadim filozoflardan ve g\u00fcn\u00fcm\u00fcz psikologlar\u0131ndan ya\u015famaya de\u011fer bir hayat\u0131n nas\u0131l olaca\u011f\u0131 konusunda rehberlik aray\u0131\u015f\u0131na girer. Yol boyunca, piyangoyu kazanman\u0131n neden sizi mutlu etmedi\u011fini, \u2018yapman\u0131n\u2019 sahip olmaktan neden daha iyi oldu\u011funu, sevgi ve aidiyetin benlik duygunuz i\u00e7in nas\u0131l hayati \u00f6nem ta\u015f\u0131d\u0131\u011f\u0131n\u0131 ke\u015ffeder. Hayat\u0131n b\u00fcy\u00fck sorular\u0131na dair i\u00e7g\u00f6r\u00fclerle dolu Serpilme, sizi en \u00f6nemli \u015feyin pe\u015finde s\u00fcr\u00fckleyici bir yolculu\u011fa \u00e7\u0131karacak. <\/p>\n","protected":false},"excerpt":{"rendered":"<p>\u201cHayat\u0131m\u0131 ba\u015fka bir \u015feyin \u00f6zlemini \u00e7ekerek mi ya\u015famak istiyorum? S\u00fcrekli olarak \u2018Bu ger\u00e7ekle\u015fti\u011finde mutlu olaca\u011f\u0131m\u2019 diye mi d\u00fc\u015f\u00fcn\u00fcyorum?\u201d Anlaml\u0131 bir ya\u015fam nedir? Geli\u015fmek ne anlama geliyor?<span class=\"excerpt-hellip\"> [\u2026]<\/span><\/p>\n","protected":false},"featured_media":0,"template":"","meta":{"_monsterinsights_skip_tracking":false,"_monsterinsights_sitenote_active":false,"_monsterinsights_sitenote_note":"","_monsterinsights_sitenote_category":0},"product_brand":[],"product_cat":[12364,12376],"product_tag":[],"class_list":{"0":"post-758424","1":"product","2":"type-product","3":"status-publish","5":"product_cat-genel-konular","6":"product_cat-kisisel-gelisim","7":"pa_cilt-ciltsiz","8":"pa_tur-kitap","9":"pa_yayinevi-eksik-parca-yayinlari","10":"pa_yazar-antonia-case","12":"first","13":"instock","14":"sale","15":"shipping-taxable","16":"purchasable","17":"product-type-simple"},"_links":{"self":[{"href":"https:\/\/roveyayinevi.com.tr\/index.php\/wp-json\/wp\/v2\/product\/758424","targetHints":{"allow":["GET"]}}],"collection":[{"href":"https:\/\/roveyayinevi.com.tr\/index.php\/wp-json\/wp\/v2\/product"}],"about":[{"href":"https:\/\/roveyayinevi.com.tr\/index.php\/wp-json\/wp\/v2\/types\/product"}],"wp:attachment":[{"href":"https:\/\/roveyayinevi.com.tr\/index.php\/wp-json\/wp\/v2\/media?parent=758424"}],"wp:term":[{"taxonomy":"product_brand","embeddable":true,"href":"https:\/\/roveyayinevi.com.tr\/index.php\/wp-json\/wp\/v2\/product_brand?post=758424"},{"taxonomy":"product_cat","embeddable":true,"href":"https:\/\/roveyayinevi.com.tr\/index.php\/wp-json\/wp\/v2\/product_cat?post=758424"},{"taxonomy":"product_tag","embeddable":true,"href":"https:\/\/roveyayinevi.com.tr\/index.php\/wp-json\/wp\/v2\/product_tag?post=758424"}],"curies":[{"name":"wp","href":"https:\/\/api.w.org\/{rel}","templated":true}]}}