{"id":758423,"date":"2025-08-28T08:03:56","date_gmt":"2025-08-28T05:03:56","guid":{"rendered":"https:\/\/roveyayinevi.com.tr\/index.php\/urun\/egitim-taksonomileri\/"},"modified":"2025-10-05T22:28:39","modified_gmt":"2025-10-05T19:28:39","slug":"egitim-taksonomileri","status":"publish","type":"product","link":"https:\/\/roveyayinevi.com.tr\/index.php\/urun\/egitim-taksonomileri\/","title":{"rendered":"E\u011fitim Taksonomileri"},"content":{"rendered":"<p>\u201cE\u011fitim Taksonomileri\u201d kitab\u0131, e\u011fitim bilimciler ba\u015fta olmak \u00fczere t\u00fcm \u00f6\u011fretmenlerin, \u00f6\u011fretim elemanlar\u0131n\u0131n ve lisans\u00fcst\u00fc \u00f6\u011frencilerin yararlanabilece\u011fi ba\u015fucu, \u00f6zg\u00fcn ve bilimsel bir kitapt\u0131r. Kitap i\u00e7eri\u011finde uygulama \u00f6rnekleri bir ayr\u0131cal\u0131k olup ilk defa g\u00f6rece\u011finiz baz\u0131 taksonomilerle kar\u015f\u0131la\u015fma ihtimaliniz y\u00fcksektir.Prof. Dr. \u00c7etin SEMERC\u0130 &#8211; Bart\u0131n \u00dcniversitesi E\u011fitim Fak\u00fcltesi D\u00fcnyada kabul g\u00f6ren taksonomilerini bir araya getiren ve \u00f6nemli bir i\u00e7eri\u011fe sahip olan \u201cE\u011fitim Taksonomileri\u201d kitab\u0131, ba\u015fta E\u011fitimde Program Geli\u015ftirme\u201d uzmanlar\u0131 olmak \u00fczere t\u00fcm e\u011fitimciler ve e\u011fitim bilimciler i\u00e7in olduk\u00e7a \u00f6nemli bir kaynakt\u0131r. Kitab\u0131n b\u00f6l\u00fcm yazarlar\u0131n\u0131 ve edit\u00f6r\u00fc Do\u00e7. Dr. Etem Ye\u015filyurt\u2019u kutlar\u0131m.Prof. Dr. G\u00fcnseli ORHON &#8211; Akdeniz \u00dcniversitesi E\u011fitim Fak\u00fcltesi Devletlerin, milletlerin ve bireylerin en \u00f6nemli vazifesi, e\u011fitimdir. \u201cE\u011fitim Taksonomileri\u201d adl\u0131 kitap, bu vazifenin yerine getirilmesinin \u00f6n\u00fcndeki bo\u015flu\u011fu gidermeye katk\u0131 sunacakt\u0131r. Kitab\u0131n edit\u00f6r\u00fcn\u00fc ve yazar kadrosunu tebrik ederim.Prof. Dr. \u0130brahim KOCABA\u015e &#8211; Fatih Sultan Mehmet Vak\u0131f \u00dcniversitesi E\u011fitim Fak\u00fcltesi Taksonomi, e\u011fitim programlar\u0131n\u0131n haz\u0131rlanmas\u0131nda vazge\u00e7ilmez bir unsurdur. Kitab\u0131n edit\u00f6r\u00fc Do\u00e7. Dr. Etem Ye\u015filyurt\u2019un akademik geli\u015fim s\u00fcrecini yak\u0131ndan izleyen biri olarak, alana orijinal katk\u0131lar sunmaya devam etti\u011fini bu eserle bir kez daha g\u00f6rmenin mutlulu\u011fu i\u00e7indeyim. Kitaba b\u00f6l\u00fcm yazar\u0131 olarak katk\u0131 veren yazarlar\u0131 da kutlar kitab\u0131n e\u011fitim camias\u0131na yararl\u0131 olmas\u0131n\u0131 dilerim.Prof. Dr. Mehmet TA\u015ePINAR &#8211; Gazi \u00dcniversitesi E\u011fitim Fak\u00fcltesi \u201cE\u011fitim Taksonomileri\u201d adl\u0131 bu eser, T\u00fcrkiye\u2019de \u00f6teden beri uygulamada ihmal veya g\u00f6z ard\u0131 edilen, alanda \u00f6nemli kavramsal ve teorik bo\u015flu\u011fu dolduracak olan \u00f6nc\u00fc \u00e7al\u0131\u015fmalardan biridir.Prof. Dr. Selahattin TURAN &#8211; Bursa Uluda\u011f \u00dcniversitesi E\u011fitim Fak\u00fcltesi<\/p>\n","protected":false},"excerpt":{"rendered":"<p>\u201cE\u011fitim Taksonomileri\u201d kitab\u0131, e\u011fitim bilimciler ba\u015fta olmak \u00fczere t\u00fcm \u00f6\u011fretmenlerin, \u00f6\u011fretim elemanlar\u0131n\u0131n ve lisans\u00fcst\u00fc \u00f6\u011frencilerin yararlanabilece\u011fi ba\u015fucu, \u00f6zg\u00fcn ve bilimsel bir kitapt\u0131r. Kitap i\u00e7eri\u011finde uygulama \u00f6rnekleri<span class=\"excerpt-hellip\"> [\u2026]<\/span><\/p>\n","protected":false},"featured_media":0,"template":"","meta":{"_monsterinsights_skip_tracking":false,"_monsterinsights_sitenote_active":false,"_monsterinsights_sitenote_note":"","_monsterinsights_sitenote_category":0},"product_brand":[],"product_cat":[12573,12566],"product_tag":[],"class_list":{"0":"post-758423","1":"product","2":"type-product","3":"status-publish","5":"product_cat-akademik-kitaplar","6":"product_cat-egitim","7":"pa_cilt-ciltsiz","8":"pa_tur-kitap","9":"pa_yayinevi-vizetek-yayincilik","10":"pa_yazar-vizetek-kollektif","12":"first","13":"instock","14":"sale","15":"shipping-taxable","16":"purchasable","17":"product-type-simple"},"_links":{"self":[{"href":"https:\/\/roveyayinevi.com.tr\/index.php\/wp-json\/wp\/v2\/product\/758423","targetHints":{"allow":["GET"]}}],"collection":[{"href":"https:\/\/roveyayinevi.com.tr\/index.php\/wp-json\/wp\/v2\/product"}],"about":[{"href":"https:\/\/roveyayinevi.com.tr\/index.php\/wp-json\/wp\/v2\/types\/product"}],"wp:attachment":[{"href":"https:\/\/roveyayinevi.com.tr\/index.php\/wp-json\/wp\/v2\/media?parent=758423"}],"wp:term":[{"taxonomy":"product_brand","embeddable":true,"href":"https:\/\/roveyayinevi.com.tr\/index.php\/wp-json\/wp\/v2\/product_brand?post=758423"},{"taxonomy":"product_cat","embeddable":true,"href":"https:\/\/roveyayinevi.com.tr\/index.php\/wp-json\/wp\/v2\/product_cat?post=758423"},{"taxonomy":"product_tag","embeddable":true,"href":"https:\/\/roveyayinevi.com.tr\/index.php\/wp-json\/wp\/v2\/product_tag?post=758423"}],"curies":[{"name":"wp","href":"https:\/\/api.w.org\/{rel}","templated":true}]}}