{"id":758421,"date":"2025-08-28T08:03:53","date_gmt":"2025-08-28T05:03:53","guid":{"rendered":"https:\/\/roveyayinevi.com.tr\/index.php\/urun\/isirgan-otu-ve-kemik\/"},"modified":"2026-04-16T03:11:24","modified_gmt":"2026-04-16T00:11:24","slug":"isirgan-otu-ve-kemik","status":"publish","type":"product","link":"https:\/\/roveyayinevi.com.tr\/index.php\/urun\/isirgan-otu-ve-kemik\/","title":{"rendered":"Is\u0131rgan Otu Ve Kemik"},"content":{"rendered":"<p>Hugo, Nebula ve Locus \u00f6d\u00fcll\u00fc yazar T. Kingfisher\u2019dan ezber bozan, \u00e7arp\u0131c\u0131 bir peri masal\u0131! Marra\u2019n\u0131n kahraman olmak gibi bir niyeti yoktu. Son derece utanga\u00e7t\u0131, manast\u0131rda b\u00fcy\u00fcm\u00fc\u015ft\u00fc ve ailesinin \u00fc\u00e7\u00fcnc\u00fc k\u0131z\u0131yd\u0131. Bu sayede prenseslerin al\u0131\u015f\u0131ld\u0131k kaderinden, bir taht u\u011fruna evlenmekten kurtulmu\u015ftu. K\u0131z karde\u015fiyse onun kadar \u015fansl\u0131 de\u011fildi. Marra, y\u0131llarca s\u00fcren sessizli\u011fin ard\u0131ndan karde\u015finin g\u00fc\u00e7l\u00fc ve istismarc\u0131 bir prensin elinde ac\u0131 \u00e7ekmesine daha fazla seyirci kalmak istemedi. Marra k\u0131z karde\u015fini kurtarmak i\u00e7in yard\u0131m ararken gereken her \u015feye kavu\u015facakt\u0131. Ancak imk\u00e2ns\u0131z g\u00f6r\u00fcnen \u00fc\u00e7 g\u00f6revi tamamlamas\u0131 gerekiyordu: Kemikten bir k\u00f6pek yapmak, \u0131s\u0131rgan otundan bir pelerin dikmek ve ay \u0131\u015f\u0131\u011f\u0131n\u0131 bir kavanozda saklamak&#8230; Gelgelelim t\u00fcm prenses ve cad\u0131 masallar\u0131nda oldu\u011fu gibi, imk\u00e2ns\u0131z\u0131 ba\u015farmak yaln\u0131zca bir ba\u015flang\u0131\u00e7t\u0131.   \u201cKingfisher bir usta. Bu kitap, karanl\u0131k ile tuhafl\u0131\u011f\u0131n i\u00e7 i\u00e7e ge\u00e7ti\u011fi, esprili, ac\u0131mas\u0131z, komik ve pek \u00e7ok a\u00e7\u0131dan sahici&#8230;\u201d \u2013 Travis Baldree \u201cKomik, korkutucu ve i\u00e7ten; bay\u0131ld\u0131m.\u201d \u2013 Alix E. Harrow \u201cBitirdi\u011fimde kendimi bu \u00fcrk\u00fct\u00fcc\u00fc d\u00fcnyadan, bu m\u00fccadeleci, kusurlu ama harika karakterlerden g\u00fc\u00e7l\u00fckle koparabildim.\u201d \u2013 Catriona Ward <\/p>\n","protected":false},"excerpt":{"rendered":"<p>Hugo, Nebula ve Locus \u00f6d\u00fcll\u00fc yazar T. Kingfisher\u2019dan ezber bozan, \u00e7arp\u0131c\u0131 bir peri masal\u0131! Marra\u2019n\u0131n kahraman olmak gibi bir niyeti yoktu. Son derece utanga\u00e7t\u0131, manast\u0131rda b\u00fcy\u00fcm\u00fc\u015ft\u00fc<span class=\"excerpt-hellip\"> [\u2026]<\/span><\/p>\n","protected":false},"featured_media":0,"template":"","meta":{"_monsterinsights_skip_tracking":false,"_monsterinsights_sitenote_active":false,"_monsterinsights_sitenote_note":"","_monsterinsights_sitenote_category":0},"product_brand":[],"product_cat":[12291,14777],"product_tag":[],"class_list":{"0":"post-758421","1":"product","2":"type-product","3":"status-publish","5":"product_cat-edebiyat","6":"product_cat-fantastik","7":"pa_cilt-ciltsiz","8":"pa_tur-kitap","9":"pa_yayinevi-eksik-parca-yayinlari","10":"pa_yazar-t-kingfisher","12":"first","13":"instock","14":"sale","15":"shipping-taxable","16":"purchasable","17":"product-type-simple"},"_links":{"self":[{"href":"https:\/\/roveyayinevi.com.tr\/index.php\/wp-json\/wp\/v2\/product\/758421","targetHints":{"allow":["GET"]}}],"collection":[{"href":"https:\/\/roveyayinevi.com.tr\/index.php\/wp-json\/wp\/v2\/product"}],"about":[{"href":"https:\/\/roveyayinevi.com.tr\/index.php\/wp-json\/wp\/v2\/types\/product"}],"wp:attachment":[{"href":"https:\/\/roveyayinevi.com.tr\/index.php\/wp-json\/wp\/v2\/media?parent=758421"}],"wp:term":[{"taxonomy":"product_brand","embeddable":true,"href":"https:\/\/roveyayinevi.com.tr\/index.php\/wp-json\/wp\/v2\/product_brand?post=758421"},{"taxonomy":"product_cat","embeddable":true,"href":"https:\/\/roveyayinevi.com.tr\/index.php\/wp-json\/wp\/v2\/product_cat?post=758421"},{"taxonomy":"product_tag","embeddable":true,"href":"https:\/\/roveyayinevi.com.tr\/index.php\/wp-json\/wp\/v2\/product_tag?post=758421"}],"curies":[{"name":"wp","href":"https:\/\/api.w.org\/{rel}","templated":true}]}}