{"id":758420,"date":"2025-08-28T08:03:52","date_gmt":"2025-08-28T05:03:52","guid":{"rendered":"https:\/\/roveyayinevi.com.tr\/index.php\/urun\/adan-zye-bitki-ilac-etkilesimleri-2\/"},"modified":"2026-04-16T03:11:24","modified_gmt":"2026-04-16T00:11:24","slug":"adan-zye-bitki-ilac-etkilesimleri-2","status":"publish","type":"product","link":"https:\/\/roveyayinevi.com.tr\/index.php\/urun\/adan-zye-bitki-ilac-etkilesimleri-2\/","title":{"rendered":"A\u2019dan Z\u2019ye Bitki-\u0130la\u00e7 Etkile\u015fimleri -2"},"content":{"rendered":"<p>Son y\u0131llarda bitkisel \u00fcr\u00fcnlere olan ra\u011fbetin artmas\u0131 ve \u00f6zellikle ya\u015fl\u0131lar\u0131n bitkilerin g\u00fcc\u00fcnden yararlan\u0131rken kendi tedavileri i\u00e7in re\u00e7ete edilen ila\u00e7lar\u0131 da kullanmas\u0131, bitki-ila\u00e7 etkile\u015fmelerini g\u00fcndeme getirmi\u015ftir. Hastalar\u0131n bu \u00fcr\u00fcnleri kullan\u0131rken hekimlerine bilgi vermemeleri olas\u0131 sorunlar\u0131 de\u011ferlendirmeyi ve \u00f6nlem almay\u0131 g\u00fc\u00e7le\u015ftirmektedir. Sonu\u00e7 olarak, bitki-ila\u00e7 etkile\u015fimlerinin ger\u00e7ek potansiyeli ancak kullan\u0131ld\u0131ktan sonra fark edilebilir.Bir dizi bitkisel \u00fcr\u00fcn i\u00e7in potansiyel bitki-ila\u00e7 etkile\u015fimleri, klinik olmayan \u00e7al\u0131\u015fmalardan elde edilmi\u015f sonu\u00e7lara dayanmaktad\u0131r. Ancak baz\u0131 etkile\u015fimler de vaka raporlar\u0131 ve insanlar \u00fczerinde yap\u0131lan \u00e7al\u0131\u015fmalar ile belgelenmi\u015ftir.Bitkisel \u00fcr\u00fcnler ile \u00f6zellikle merkezi sinir sistemi ila\u00e7lar\u0131, kalp-damar sistemi ila\u00e7lar\u0131, ba\u011f\u0131\u015f\u0131kl\u0131k sistemine etki eden ila\u00e7lar ve onkolojik ila\u00e7lar aras\u0131nda s\u0131k ve ciddi etkile\u015fimlerin oldu\u011fu g\u00f6r\u00fclmektedir. Bununla beraber bitki-ila\u00e7 etkile\u015fimlerinin klinik \u00f6nemini netle\u015ftirmek ve belirlemek i\u00e7in daha fazla kontroll\u00fc klinik \u00e7al\u0131\u015fmalara ihtiya\u00e7 vard\u0131r.Y\u0131llardan beri t\u0131bbi bitkiler ve etkileri konular\u0131nda bilimsel ara\u015ft\u0131rmalar yapan akademisyenler olarak, bitki-ila\u00e7 etkile\u015fimleri konusunda hem hekimlere hem de topluma bilimsel literat\u00fcrlere dayal\u0131 ve sade bir dil kullanarak anla\u015f\u0131l\u0131r bir rehber haz\u0131rlamak ve toplum sa\u011fl\u0131\u011f\u0131na katk\u0131 sunmak istedik.Bu kitap, bitkilerin tedavi edici g\u00fcc\u00fcn\u00fc ve potansiyel risklerini ele almaktad\u0131r. Bu kitab\u0131n bitkilerin tedavi edici potansiyelini anlamada ve g\u00fcvenli bir \u015fekilde kullan\u0131mda rehberlik eden bir kaynak olmas\u0131 hedeflenmektedir.2 cilt olarak d\u00fczenledi\u011fimiz bu rehberin 2\u2019nci kitab\u0131nda 33 bitkinin genel \u00f6zellikleri, form\u00fclleriyle birlikte kimyasal i\u00e7erikleri, ila\u00e7larla etkile\u015fim mekanizmalar\u0131 ve sonu\u00e7lar\u0131 yer alm\u0131\u015ft\u0131r.Toplumda bitkisel \u00fcr\u00fcn kullanma al\u0131\u015fkanl\u0131\u011f\u0131 s\u00fcrd\u00fck\u00e7e bireylerin kar\u015f\u0131la\u015facaklar\u0131 bitki-ila\u00e7 etkile\u015fimleri riski de giderek artacakt\u0131r. Bu durum \u00f6zellikle fazla ila\u00e7 kullanmak durumunda kalan ya\u015fl\u0131lar ve kronik hastal\u0131\u011f\u0131 olan ki\u015filer i\u00e7in daha b\u00fcy\u00fck bir risk anlam\u0131na gelecektir.Bu rehberin; olas\u0131 riskleri azaltmada ya da ortadan kald\u0131rmada olumlu etkiler sa\u011flamas\u0131n\u0131, hastalar\u0131n daha sa\u011fl\u0131kl\u0131 ve bilin\u00e7li sa\u011fl\u0131k kararlar almas\u0131na katk\u0131da bulunmas\u0131n\u0131 diliyoruz.<\/p>\n","protected":false},"excerpt":{"rendered":"<p>Son y\u0131llarda bitkisel \u00fcr\u00fcnlere olan ra\u011fbetin artmas\u0131 ve \u00f6zellikle ya\u015fl\u0131lar\u0131n bitkilerin g\u00fcc\u00fcnden yararlan\u0131rken kendi tedavileri i\u00e7in re\u00e7ete edilen ila\u00e7lar\u0131 da kullanmas\u0131, bitki-ila\u00e7 etkile\u015fmelerini g\u00fcndeme getirmi\u015ftir. Hastalar\u0131n<span class=\"excerpt-hellip\"> [\u2026]<\/span><\/p>\n","protected":false},"featured_media":0,"template":"","meta":{"_monsterinsights_skip_tracking":false,"_monsterinsights_sitenote_active":false,"_monsterinsights_sitenote_note":"","_monsterinsights_sitenote_category":0},"product_brand":[],"product_cat":[13397,13365],"product_tag":[],"class_list":{"0":"post-758420","1":"product","2":"type-product","3":"status-publish","5":"product_cat-alternatif-tip-sifali-bitkiler","6":"product_cat-saglik","7":"pa_cilt-ciltsiz","8":"pa_tur-kitap","9":"pa_yayinevi-hayykitap","10":"pa_yazar-kolektif","12":"first","13":"instock","14":"sale","15":"shipping-taxable","16":"purchasable","17":"product-type-simple"},"_links":{"self":[{"href":"https:\/\/roveyayinevi.com.tr\/index.php\/wp-json\/wp\/v2\/product\/758420","targetHints":{"allow":["GET"]}}],"collection":[{"href":"https:\/\/roveyayinevi.com.tr\/index.php\/wp-json\/wp\/v2\/product"}],"about":[{"href":"https:\/\/roveyayinevi.com.tr\/index.php\/wp-json\/wp\/v2\/types\/product"}],"wp:attachment":[{"href":"https:\/\/roveyayinevi.com.tr\/index.php\/wp-json\/wp\/v2\/media?parent=758420"}],"wp:term":[{"taxonomy":"product_brand","embeddable":true,"href":"https:\/\/roveyayinevi.com.tr\/index.php\/wp-json\/wp\/v2\/product_brand?post=758420"},{"taxonomy":"product_cat","embeddable":true,"href":"https:\/\/roveyayinevi.com.tr\/index.php\/wp-json\/wp\/v2\/product_cat?post=758420"},{"taxonomy":"product_tag","embeddable":true,"href":"https:\/\/roveyayinevi.com.tr\/index.php\/wp-json\/wp\/v2\/product_tag?post=758420"}],"curies":[{"name":"wp","href":"https:\/\/api.w.org\/{rel}","templated":true}]}}