{"id":758419,"date":"2025-08-28T08:03:50","date_gmt":"2025-08-28T05:03:50","guid":{"rendered":"https:\/\/roveyayinevi.com.tr\/index.php\/urun\/kirdigin-yerden-kiril\/"},"modified":"2026-04-16T03:11:24","modified_gmt":"2026-04-16T00:11:24","slug":"kirdigin-yerden-kiril","status":"publish","type":"product","link":"https:\/\/roveyayinevi.com.tr\/index.php\/urun\/kirdigin-yerden-kiril\/","title":{"rendered":"K\u0131rd\u0131\u011f\u0131n Yerden K\u0131r\u0131l"},"content":{"rendered":"<p>Bazen gitmek gerek, hi\u00e7 g\u00f6rmedi\u011fin yerleri g\u00f6rmek i\u00e7in&#8230; Bazen her \u015feyiunutmak gerek, en sevdi\u011fin \u015fark\u0131y\u0131 silip ilk defa duyuyormu\u015f gibi dinlemek gerek. Sevmek gerek, sanki hi\u00e7 o ac\u0131lar\u0131 tatmam\u0131\u015f gibi yeniden tan\u0131\u015fmak gerek. Yard\u0131m etmek gerek, bazen de yard\u0131m edilmesine izin vermek gerek. Yaralar\u0131n derin de olsa diki\u015f at\u0131lmas\u0131na izin vermek gerek. \u0130\u00e7indeki merhamet seni sen yapan \u015fey olsa da, bazen merhameti bir kenara b\u0131rakman gerek.Kalbini bazen kilitleyip saklamak gerek, bazen de g\u00fcl bah\u00e7eleri sunmak gerek. En \u00f6nemlisi \u201cah\u201d almamak gerek. G\u00fcn gelecek, herkes bulu\u015facak ya \u00f6b\u00fcr tarafta. Ben s\u0131rf seni \u00f6te tarafta g\u00f6rmeyeyim diye hakk\u0131m\u0131 helal ediyorum. Ama sana tek bir c\u00fcmle edeceksem, y\u00fcre\u011fimden ge\u00e7irerek \u015funu s\u00f6ylemek istiyorum: KIRDI\u011eIN YERDEN KIRIL! K\u0131rd\u0131\u011f\u0131n yerden k\u0131r\u0131l sevgilim, k\u0131rd\u0131\u011f\u0131n yerden k\u0131r\u0131l.Sence de yeterince \u00fcz\u00fclmedik mi, yeterince hissetmedik mi ac\u0131y\u0131? Sonzerresine kadar tasarlad\u0131\u011f\u0131m her \u015feyi art\u0131k yorumlamay\u0131 b\u0131rakt\u0131m, oldu\u011fu yerdekals\u0131n dedim, pe\u015fin pe\u015fin s\u00f6yledim. Olmayacaksa yormay\u0131n dedim.Sevmeyecekseniz beni, rahat b\u0131rak\u0131n dedim. Bence sen de \u00f6yle yapmal\u0131s\u0131n.\u201cSevmeyeceksen git, can\u0131m yeterince yand\u0131 bir de sen yakma.\u201d Art\u0131k bunudemek zorunday\u0131z: K\u00f6t\u00fc insanlar\u0131n d\u00fcnyas\u0131nda ya\u015famaya hak kazand\u0131k. Birarkada\u015fa bak\u0131p \u00e7\u0131kaca\u011f\u0131z diye bir \u015fey yok. Ya gelecekler, bundan sonra bizimolacaklar ya da hi\u00e7 hayat\u0131m\u0131za girmeyecekler.Benim \u00e7ocuk ya\u015fta g\u00fcl\u00fcmsememi benden \u00e7ald\u0131lar. Siz siz olun, hi\u00e7bir \u00e7ocu\u011fung\u00fcl\u00fcmsemesini \u00e7almay\u0131n. B\u00fcy\u00fcy\u00fcnce g\u00fclmeleri \u00e7ok zor oluyor.<\/p>\n","protected":false},"excerpt":{"rendered":"<p>Bazen gitmek gerek, hi\u00e7 g\u00f6rmedi\u011fin yerleri g\u00f6rmek i\u00e7in&#8230; Bazen her \u015feyiunutmak gerek, en sevdi\u011fin \u015fark\u0131y\u0131 silip ilk defa duyuyormu\u015f gibi dinlemek gerek. Sevmek gerek, sanki hi\u00e7<span class=\"excerpt-hellip\"> [\u2026]<\/span><\/p>\n","protected":false},"featured_media":0,"template":"","meta":{"_monsterinsights_skip_tracking":false,"_monsterinsights_sitenote_active":false,"_monsterinsights_sitenote_note":"","_monsterinsights_sitenote_category":0},"product_brand":[],"product_cat":[12777,12291],"product_tag":[],"class_list":{"0":"post-758419","1":"product","2":"type-product","3":"status-publish","5":"product_cat-deneme","6":"product_cat-edebiyat","7":"pa_cilt-ciltsiz","8":"pa_tur-kitap","9":"pa_yayinevi-hayykitap","10":"pa_yazar-zeus-kabadayi","12":"first","13":"instock","14":"sale","15":"shipping-taxable","16":"purchasable","17":"product-type-simple"},"_links":{"self":[{"href":"https:\/\/roveyayinevi.com.tr\/index.php\/wp-json\/wp\/v2\/product\/758419","targetHints":{"allow":["GET"]}}],"collection":[{"href":"https:\/\/roveyayinevi.com.tr\/index.php\/wp-json\/wp\/v2\/product"}],"about":[{"href":"https:\/\/roveyayinevi.com.tr\/index.php\/wp-json\/wp\/v2\/types\/product"}],"wp:attachment":[{"href":"https:\/\/roveyayinevi.com.tr\/index.php\/wp-json\/wp\/v2\/media?parent=758419"}],"wp:term":[{"taxonomy":"product_brand","embeddable":true,"href":"https:\/\/roveyayinevi.com.tr\/index.php\/wp-json\/wp\/v2\/product_brand?post=758419"},{"taxonomy":"product_cat","embeddable":true,"href":"https:\/\/roveyayinevi.com.tr\/index.php\/wp-json\/wp\/v2\/product_cat?post=758419"},{"taxonomy":"product_tag","embeddable":true,"href":"https:\/\/roveyayinevi.com.tr\/index.php\/wp-json\/wp\/v2\/product_tag?post=758419"}],"curies":[{"name":"wp","href":"https:\/\/api.w.org\/{rel}","templated":true}]}}