{"id":758417,"date":"2025-08-28T08:03:46","date_gmt":"2025-08-28T05:03:46","guid":{"rendered":"https:\/\/roveyayinevi.com.tr\/index.php\/urun\/bremen-mizikacilari-7\/"},"modified":"2026-04-08T03:19:34","modified_gmt":"2026-04-08T00:19:34","slug":"bremen-mizikacilari-7","status":"publish","type":"product","link":"https:\/\/roveyayinevi.com.tr\/index.php\/urun\/bremen-mizikacilari-7\/","title":{"rendered":"Bremen M\u0131z\u0131kac\u0131lar\u0131"},"content":{"rendered":"<p>Bremen M\u0131z\u0131kac\u0131lar\u0131&#8217;na &#8221;SEN de OKU&#8221; dokunu\u015fu&#8230;Mavisel Yener, Grimm Karde\u015fler&#8217;in hayat\u0131, m\u00fczi\u011fi ve dostlu\u011fu co\u015fkuyla kutlad\u0131klar\u0131 Bremen M\u0131z\u0131kac\u0131lar\u0131 adl\u0131 e\u015fsiz klasi\u011fini ritmik bir dille, \u015fiir formunda yeniden anlat\u0131yor. Demet \u00d6zdemir&#8217;in kartpostallar\u0131 aratmayan resimleri e\u015fli\u011finde &#8221;SEN de OKU Klasikler&#8221; koleksiyonundaki yerini alan kitap, mutlulu\u011fa giden yolun ge\u00e7mi\u015fi geride b\u0131rakmaktan ve yeni ba\u015flang\u0131\u00e7lara do\u011fru cesurca ad\u0131m atmaktan ge\u00e7ti\u011fini hat\u0131rlat\u0131yor.\u0130nsanlar\u0131n &#8221;ac\u0131mas\u0131z&#8221; d\u00fcnyas\u0131na hayvanlar\u0131n g\u00f6z\u00fcnden bakmam\u0131z\u0131 sa\u011flayan bu hi\u00e7 eskimeyen fabl, ortak ak\u0131lla ve birlikte \u00e7al\u0131\u015farak her engelin a\u015f\u0131labilece\u011finin alt\u0131n\u0131 \u00e7iziyor. E\u015fek, k\u00f6pek, kedi ve horoz&#8230;Ruhlar\u0131 gen\u00e7, bedenleri ya\u015fl\u0131 kader ortaklar\u0131&#8230;G\u00f6zden d\u00fc\u015f\u00fcp de yerlerine yurtlar\u0131na s\u0131\u011famay\u0131nca, kendi umut masallar\u0131n\u0131n kahraman\u0131 olmakta bulurlar \u00e7areyi. La. Si. Do. Re. K\u00e2h g\u00fcl\u00fcp k\u00e2h \u015fark\u0131 s\u00f6yleyerek notalar\u0131n izinde tutarlar Bremen&#8217;in yolunu. H\u00fcz\u00fcnleri geride b\u0131rak\u0131p dostlukla birbirlerine sar\u0131lan d\u00f6rt yolda\u015f, kafa kafaya verip al\u0131rlar Bremen M\u0131z\u0131kac\u0131lar\u0131 ad\u0131n\u0131. Ortak hayallerini pusula yap\u0131p dere tepe d\u00fcz giderler. Yol biter, Bremen g\u00f6r\u00fcnmez. Yorgun, bitkin uykunun kollar\u0131na teslim olacakken, karanl\u0131\u011f\u0131n kalbinde beliren ince bir \u0131\u015f\u0131k seyrini de\u011fi\u015ftirir maceralar\u0131n\u0131n. Ufukta gizemli bir ev, \u00fcst\u00fcnde h\u0131r\u00e7\u0131n notalarla y\u00fckselen \u015fark\u0131 bulutlar\u0131 vard\u0131r. Derken b\u00fcy\u00fck bir g\u00fcmb\u00fcrt\u00fc, g\u00f6rmeye de\u011fer bir c\u00fcmb\u00fc\u015f! Sonras\u0131nda ise ak\u0131llara zarar bir canavar taraf\u0131ndan bozguna u\u011frat\u0131lan k\u00f6t\u00fc kalpli h\u0131rs\u0131zlar&#8230; D\u00f6rt kafadar\u0131n \u00f6m\u00fcrleri boyunca s\u0131rtlad\u0131klar\u0131 a\u011f\u0131r y\u00fck\u00fcn masal\u0131n\u0131 anlatan Bremen M\u0131z\u0131kac\u0131lar\u0131, hayat\u0131n anlam\u0131n\u0131 sevgi ve dostlukta arayarak okurlar\u0131 \u015fiirlerle, \u015fark\u0131larla d\u00fcnyaya ne\u015fe sa\u00e7maya \u00e7a\u011f\u0131r\u0131yor.   Haydi dostlar! Aaaiii. Hav. Miyav. \u00dcr\u00fc\u00fc\u00fc\u00fc. Do. Re. Mi. Fa. Sol. La. Si.<\/p>\n","protected":false},"excerpt":{"rendered":"<p>Bremen M\u0131z\u0131kac\u0131lar\u0131&#8217;na &#8221;SEN de OKU&#8221; dokunu\u015fu&#8230;Mavisel Yener, Grimm Karde\u015fler&#8217;in hayat\u0131, m\u00fczi\u011fi ve dostlu\u011fu co\u015fkuyla kutlad\u0131klar\u0131 Bremen M\u0131z\u0131kac\u0131lar\u0131 adl\u0131 e\u015fsiz klasi\u011fini ritmik bir dille, \u015fiir formunda yeniden<span class=\"excerpt-hellip\"> [\u2026]<\/span><\/p>\n","protected":false},"featured_media":0,"template":"","meta":{"_monsterinsights_skip_tracking":false,"_monsterinsights_sitenote_active":false,"_monsterinsights_sitenote_note":"","_monsterinsights_sitenote_category":0},"product_brand":[],"product_cat":[12274,12284],"product_tag":[],"class_list":{"0":"post-758417","1":"product","2":"type-product","3":"status-publish","5":"product_cat-cocuk-ve-genclik-kitaplari","6":"product_cat-hikayeler","7":"pa_cilt-ciltsiz","8":"pa_tur-kitap","9":"pa_yayinevi-tudem-yayinlari","10":"pa_yazar-mavisel-yener","12":"first","13":"instock","14":"sale","15":"shipping-taxable","16":"purchasable","17":"product-type-simple"},"_links":{"self":[{"href":"https:\/\/roveyayinevi.com.tr\/index.php\/wp-json\/wp\/v2\/product\/758417","targetHints":{"allow":["GET"]}}],"collection":[{"href":"https:\/\/roveyayinevi.com.tr\/index.php\/wp-json\/wp\/v2\/product"}],"about":[{"href":"https:\/\/roveyayinevi.com.tr\/index.php\/wp-json\/wp\/v2\/types\/product"}],"wp:attachment":[{"href":"https:\/\/roveyayinevi.com.tr\/index.php\/wp-json\/wp\/v2\/media?parent=758417"}],"wp:term":[{"taxonomy":"product_brand","embeddable":true,"href":"https:\/\/roveyayinevi.com.tr\/index.php\/wp-json\/wp\/v2\/product_brand?post=758417"},{"taxonomy":"product_cat","embeddable":true,"href":"https:\/\/roveyayinevi.com.tr\/index.php\/wp-json\/wp\/v2\/product_cat?post=758417"},{"taxonomy":"product_tag","embeddable":true,"href":"https:\/\/roveyayinevi.com.tr\/index.php\/wp-json\/wp\/v2\/product_tag?post=758417"}],"curies":[{"name":"wp","href":"https:\/\/api.w.org\/{rel}","templated":true}]}}