{"id":758413,"date":"2025-08-28T08:03:39","date_gmt":"2025-08-28T05:03:39","guid":{"rendered":"https:\/\/roveyayinevi.com.tr\/index.php\/urun\/ben-hep-yanindayim\/"},"modified":"2026-04-16T03:11:24","modified_gmt":"2026-04-16T00:11:24","slug":"ben-hep-yanindayim","status":"publish","type":"product","link":"https:\/\/roveyayinevi.com.tr\/index.php\/urun\/ben-hep-yanindayim\/","title":{"rendered":"Ben Hep Yan\u0131nday\u0131m"},"content":{"rendered":"<p>Sesimiz k\u0131s\u0131lana kadar \u015fark\u0131 s\u00f6ylesek veya burnumuzda kocaman \u00e7\u0131banlar \u00e7\u0131ksa ya da etrafta pijamalar\u0131m\u0131zla dola\u015fsak annelerimiz bizi yine de \u00e7ok sever mi? Cevap tabii ki evet!   Annelerin ko\u015fulsuz sevgisini muzip\u00e7e anlatan s\u0131cac\u0131k ve e\u011flenceli bir \u00f6yk\u00fc.<\/p>\n","protected":false},"excerpt":{"rendered":"<p>Sesimiz k\u0131s\u0131lana kadar \u015fark\u0131 s\u00f6ylesek veya burnumuzda kocaman \u00e7\u0131banlar \u00e7\u0131ksa ya da etrafta pijamalar\u0131m\u0131zla dola\u015fsak annelerimiz bizi yine de \u00e7ok sever mi? Cevap tabii ki evet!<span class=\"excerpt-hellip\"> [\u2026]<\/span><\/p>\n","protected":false},"featured_media":0,"template":"","meta":{"_monsterinsights_skip_tracking":false,"_monsterinsights_sitenote_active":false,"_monsterinsights_sitenote_note":"","_monsterinsights_sitenote_category":0},"product_brand":[],"product_cat":[12274,12284],"product_tag":[],"class_list":{"0":"post-758413","1":"product","2":"type-product","3":"status-publish","5":"product_cat-cocuk-ve-genclik-kitaplari","6":"product_cat-hikayeler","7":"pa_cilt-ciltsiz","8":"pa_tur-kitap","9":"pa_yayinevi-1001-cicek-kitaplar","10":"pa_yazar-capucine-lewalle","12":"first","13":"instock","14":"sale","15":"shipping-taxable","16":"purchasable","17":"product-type-simple"},"_links":{"self":[{"href":"https:\/\/roveyayinevi.com.tr\/index.php\/wp-json\/wp\/v2\/product\/758413","targetHints":{"allow":["GET"]}}],"collection":[{"href":"https:\/\/roveyayinevi.com.tr\/index.php\/wp-json\/wp\/v2\/product"}],"about":[{"href":"https:\/\/roveyayinevi.com.tr\/index.php\/wp-json\/wp\/v2\/types\/product"}],"wp:attachment":[{"href":"https:\/\/roveyayinevi.com.tr\/index.php\/wp-json\/wp\/v2\/media?parent=758413"}],"wp:term":[{"taxonomy":"product_brand","embeddable":true,"href":"https:\/\/roveyayinevi.com.tr\/index.php\/wp-json\/wp\/v2\/product_brand?post=758413"},{"taxonomy":"product_cat","embeddable":true,"href":"https:\/\/roveyayinevi.com.tr\/index.php\/wp-json\/wp\/v2\/product_cat?post=758413"},{"taxonomy":"product_tag","embeddable":true,"href":"https:\/\/roveyayinevi.com.tr\/index.php\/wp-json\/wp\/v2\/product_tag?post=758413"}],"curies":[{"name":"wp","href":"https:\/\/api.w.org\/{rel}","templated":true}]}}