{"id":758412,"date":"2025-08-28T08:03:37","date_gmt":"2025-08-28T05:03:37","guid":{"rendered":"https:\/\/roveyayinevi.com.tr\/index.php\/urun\/adamizda-herkese-yer-var\/"},"modified":"2026-04-16T03:11:24","modified_gmt":"2026-04-16T00:11:24","slug":"adamizda-herkese-yer-var","status":"publish","type":"product","link":"https:\/\/roveyayinevi.com.tr\/index.php\/urun\/adamizda-herkese-yer-var\/","title":{"rendered":"Adam\u0131zda Herkese Yer Var"},"content":{"rendered":"<p>\u015eiddetli bir f\u0131rt\u0131na sonucu \u00fczerinde ya\u015fad\u0131klar\u0131 kaya sular alt\u0131nda kalan anne ve yavru fok\u2026 Denizin g\u00fcvenli ba\u015fka bir taraf\u0131nda ba\u015fka bir kayan\u0131n \u00fczerinde ya\u015fayan di\u011fer \u00fc\u00e7 fok, zor durumdaki anne ve yavrusuna yard\u0131m edecek mi acaba?   \u00c7ocuklara empati, payla\u015fma ve yard\u0131mla\u015fman\u0131n \u00f6nemi ve de\u011ferini anlatan i\u00e7inizi \u0131s\u0131tacak bir \u00f6yk\u00fc. Adam\u0131zda Herkese Yer Var, \u015fefkat, hayal g\u00fcc\u00fc ve merak duygular\u0131n\u0131 uyand\u0131rarak \u00e7ocuklar\u0131n hayatlar\u0131n\u0131 d\u00f6n\u00fc\u015ft\u00fcrme potansiyeline sahip kurgu dal\u0131nda NCTE Charlotte Huck \u00d6d\u00fcl\u00fc\u2019n\u00fc kazanm\u0131\u015ft\u0131r. <\/p>\n","protected":false},"excerpt":{"rendered":"<p>\u015eiddetli bir f\u0131rt\u0131na sonucu \u00fczerinde ya\u015fad\u0131klar\u0131 kaya sular alt\u0131nda kalan anne ve yavru fok\u2026 Denizin g\u00fcvenli ba\u015fka bir taraf\u0131nda ba\u015fka bir kayan\u0131n \u00fczerinde ya\u015fayan di\u011fer \u00fc\u00e7<span class=\"excerpt-hellip\"> [\u2026]<\/span><\/p>\n","protected":false},"featured_media":0,"template":"","meta":{"_monsterinsights_skip_tracking":false,"_monsterinsights_sitenote_active":false,"_monsterinsights_sitenote_note":"","_monsterinsights_sitenote_category":0},"product_brand":[],"product_cat":[12274,12284],"product_tag":[],"class_list":{"0":"post-758412","1":"product","2":"type-product","3":"status-publish","5":"product_cat-cocuk-ve-genclik-kitaplari","6":"product_cat-hikayeler","7":"pa_cilt-ciltsiz","8":"pa_tur-kitap","9":"pa_yayinevi-1001-cicek-kitaplar","10":"pa_yazar-kate-jol-temple","12":"first","13":"instock","14":"sale","15":"shipping-taxable","16":"purchasable","17":"product-type-simple"},"_links":{"self":[{"href":"https:\/\/roveyayinevi.com.tr\/index.php\/wp-json\/wp\/v2\/product\/758412","targetHints":{"allow":["GET"]}}],"collection":[{"href":"https:\/\/roveyayinevi.com.tr\/index.php\/wp-json\/wp\/v2\/product"}],"about":[{"href":"https:\/\/roveyayinevi.com.tr\/index.php\/wp-json\/wp\/v2\/types\/product"}],"wp:attachment":[{"href":"https:\/\/roveyayinevi.com.tr\/index.php\/wp-json\/wp\/v2\/media?parent=758412"}],"wp:term":[{"taxonomy":"product_brand","embeddable":true,"href":"https:\/\/roveyayinevi.com.tr\/index.php\/wp-json\/wp\/v2\/product_brand?post=758412"},{"taxonomy":"product_cat","embeddable":true,"href":"https:\/\/roveyayinevi.com.tr\/index.php\/wp-json\/wp\/v2\/product_cat?post=758412"},{"taxonomy":"product_tag","embeddable":true,"href":"https:\/\/roveyayinevi.com.tr\/index.php\/wp-json\/wp\/v2\/product_tag?post=758412"}],"curies":[{"name":"wp","href":"https:\/\/api.w.org\/{rel}","templated":true}]}}