{"id":758409,"date":"2025-08-28T08:03:32","date_gmt":"2025-08-28T05:03:32","guid":{"rendered":"https:\/\/roveyayinevi.com.tr\/index.php\/urun\/bizim-okul-bi-acayip-17-tika-basa-eglence\/"},"modified":"2026-04-03T03:14:56","modified_gmt":"2026-04-03T00:14:56","slug":"bizim-okul-bi-acayip-17-tika-basa-eglence","status":"publish","type":"product","link":"https:\/\/roveyayinevi.com.tr\/index.php\/urun\/bizim-okul-bi-acayip-17-tika-basa-eglence\/","title":{"rendered":"Bizim Okul Bi\u2019 Acayip! 17 T\u0131ka Basa E\u011flence"},"content":{"rendered":"<p>Okulda tuhafl\u0131klar h\u0131z kesmeden devam ediyor. A.J.\u2019nin annesi yeni bir i\u015fe giriyor. Bu da A.J.\u2019nin okul sonras\u0131 program\u0131na kat\u0131lmas\u0131 anlam\u0131na geliyor. Ve buray\u0131 y\u00f6neten Bay Tony ise \u00e7ok tuhaf biri. S\u00fcrekli Guiness Rekorlar Kitab\u0131\u2019 na girmek istiyor. Peki Bay Tony bunu sonunda ba\u015farabilecek mi? Ayr\u0131ca Bayan Leakey ad\u0131nda sa\u011fl\u0131k \u00f6\u011fretmeni okula yeni ba\u015fl\u0131yor. O tam bir sa\u011fl\u0131k delisi! Abur cuburla dolu bir kum torbas\u0131 yap\u0131yor, brokoli burger satan bir haz\u0131r yemek restoran\u0131 a\u00e7\u0131yor, en k\u00f6t\u00fcs\u00fc de \u00e7ocuklar\u0131n asla abur cubur yemesine izin vermiyor. Anlayaca\u011f\u0131n\u0131z A.J. ve arkada\u015flar\u0131n\u0131 pek \u00e7ok acayiplik bekliyor.  <\/p>\n","protected":false},"excerpt":{"rendered":"<p>Okulda tuhafl\u0131klar h\u0131z kesmeden devam ediyor. A.J.\u2019nin annesi yeni bir i\u015fe giriyor. Bu da A.J.\u2019nin okul sonras\u0131 program\u0131na kat\u0131lmas\u0131 anlam\u0131na geliyor. Ve buray\u0131 y\u00f6neten Bay Tony<span class=\"excerpt-hellip\"> [\u2026]<\/span><\/p>\n","protected":false},"featured_media":0,"template":"","meta":{"_monsterinsights_skip_tracking":false,"_monsterinsights_sitenote_active":false,"_monsterinsights_sitenote_note":"","_monsterinsights_sitenote_category":0},"product_brand":[],"product_cat":[12274,12284],"product_tag":[],"class_list":{"0":"post-758409","1":"product","2":"type-product","3":"status-publish","5":"product_cat-cocuk-ve-genclik-kitaplari","6":"product_cat-hikayeler","7":"pa_cilt-ciltsiz","8":"pa_tur-kitap","9":"pa_yayinevi-epsilon-yayinlari","10":"pa_yazar-dan-gutman","12":"first","13":"instock","14":"sale","15":"shipping-taxable","16":"purchasable","17":"product-type-simple"},"_links":{"self":[{"href":"https:\/\/roveyayinevi.com.tr\/index.php\/wp-json\/wp\/v2\/product\/758409","targetHints":{"allow":["GET"]}}],"collection":[{"href":"https:\/\/roveyayinevi.com.tr\/index.php\/wp-json\/wp\/v2\/product"}],"about":[{"href":"https:\/\/roveyayinevi.com.tr\/index.php\/wp-json\/wp\/v2\/types\/product"}],"wp:attachment":[{"href":"https:\/\/roveyayinevi.com.tr\/index.php\/wp-json\/wp\/v2\/media?parent=758409"}],"wp:term":[{"taxonomy":"product_brand","embeddable":true,"href":"https:\/\/roveyayinevi.com.tr\/index.php\/wp-json\/wp\/v2\/product_brand?post=758409"},{"taxonomy":"product_cat","embeddable":true,"href":"https:\/\/roveyayinevi.com.tr\/index.php\/wp-json\/wp\/v2\/product_cat?post=758409"},{"taxonomy":"product_tag","embeddable":true,"href":"https:\/\/roveyayinevi.com.tr\/index.php\/wp-json\/wp\/v2\/product_tag?post=758409"}],"curies":[{"name":"wp","href":"https:\/\/api.w.org\/{rel}","templated":true}]}}