{"id":758408,"date":"2025-08-28T08:03:30","date_gmt":"2025-08-28T05:03:30","guid":{"rendered":"https:\/\/roveyayinevi.com.tr\/index.php\/urun\/golge-canavarlari-ve-cesur-yurekler\/"},"modified":"2026-04-16T03:11:24","modified_gmt":"2026-04-16T00:11:24","slug":"golge-canavarlari-ve-cesur-yurekler","status":"publish","type":"product","link":"https:\/\/roveyayinevi.com.tr\/index.php\/urun\/golge-canavarlari-ve-cesur-yurekler\/","title":{"rendered":"G\u00f6lge Canavarlar\u0131 ve Cesur Y\u00fcrekler"},"content":{"rendered":"<p>\u00c7ocuk ve ergen psikoterapisti Hayley Graham, y\u0131llar s\u00fcren klinik \u00e7al\u0131\u015fmalar\u0131ndan esinlenerek anneler, babalar, \u00e7ocuklarla \u00e7al\u0131\u015fan uzmanlar ve \u00e7ocuk d\u00fcnyas\u0131n\u0131 ke\u015ffetmeye merakl\u0131 herkes i\u00e7in hem bilgilendirici hem de kalplere dokunan bir kaynak sunuyor. G\u00f6lge Canavarlar\u0131 ve Cesur Y\u00fcrekler adl\u0131 eserinde \u00e7e\u015fitli ruhsal zorluklar\u0131 (travma, yas, fobi vb.) i\u00e7 \u0131s\u0131tan hikayeler arac\u0131l\u0131\u011f\u0131yla be\u015f farkl\u0131 \u00f6yk\u00fc \u00fczerinden ele al\u0131yor. Kitapta psikolojik durumlar\u0131n i\u015flendi\u011fi \u00f6yk\u00fclere e\u015flik eden bir de -yeti\u015fkinlerin ve \u00e7ocuklar\u0131n birlikte okuyabilecekleri ve \u00fczerine d\u00fc\u015f\u00fcnebilecekleri-sorular ve a\u00e7\u0131klay\u0131c\u0131 bilgilerle bezenmi\u015f cevaplar\u0131n yer ald\u0131\u011f\u0131 bir b\u00f6l\u00fcm yer al\u0131yor. Bu metinler arac\u0131l\u0131\u011f\u0131yla kitapta i\u015flenen temalar hakk\u0131nda okuyucuda genel bir kavray\u0131\u015f\u0131n olu\u015fmas\u0131n\u0131 ama\u00e7l\u0131yor ve herkesin biricik olan duygusal ya\u015fant\u0131lar\u0131na \u015fefkatli ve kapsay\u0131c\u0131 bir bak\u0131\u015f\u0131n nas\u0131l geli\u015ftirilebilece\u011fi \u00fczerine de model sunuyor. Travma, obsesyon, ba\u011flanma, utan\u00e7 ve yas gibi olduk\u00e7a \u00f6nemli psikoloji konular\u0131n\u0131, bir o kadar naif ve d\u00fc\u015fsel bir anlat\u0131mla be\u015f farkl\u0131 hik\u00e2ye \u00fczerinden inceleyen Graham; ya\u015famlar\u0131n\u0131n d\u00f6n\u00fcm noktalar\u0131nda yollar\u0131 kesi\u015fen hayvanlar\u0131n, birbirleri \u00fczerinde yaratt\u0131klar\u0131 d\u00f6n\u00fc\u015ft\u00fcr\u00fcc\u00fc ruhsal deneyimleri anlat\u0131yor. Arkada\u015fl\u0131\u011f\u0131n, payla\u015fman\u0131n, dayan\u0131\u015fma ve yard\u0131mla\u015fman\u0131n b\u00fcy\u00fcleyici g\u00fcc\u00fcn\u00fcn alt\u0131n\u0131 bir kez daha bu e\u015fsiz hikayelerle \u00e7izerken, en zor deneyimlerin bile sevgiyle \u00fcstesinden gelinebilece\u011fine dair inanc\u0131m\u0131z\u0131 peki\u015ftiriyor. Bir zamanlar b\u00fcy\u00fckanne ve b\u00fcy\u00fckbabalar\u0131m\u0131z\u0131n aile bulu\u015fmalar\u0131nda anlatt\u0131klar\u0131 o basit g\u00f6r\u00fcnen ama ya\u015fam dersleriyle dolu hikayelerindeki kapsay\u0131c\u0131l\u0131kla bizleri yeniden bulu\u015fturan g\u00f6lge Canavarlar\u0131 ve Cesur Y\u00fcrekler, hayvanlar\u0131n maceralar\u0131 \u00fczerinden okuyucuyu i\u00e7sel bir yolculu\u011fa \u00e7\u0131karmaya ve iyi olu\u015f hallerini desteklemeye haz\u0131rlan\u0131yor. <\/p>\n","protected":false},"excerpt":{"rendered":"<p>\u00c7ocuk ve ergen psikoterapisti Hayley Graham, y\u0131llar s\u00fcren klinik \u00e7al\u0131\u015fmalar\u0131ndan esinlenerek anneler, babalar, \u00e7ocuklarla \u00e7al\u0131\u015fan uzmanlar ve \u00e7ocuk d\u00fcnyas\u0131n\u0131 ke\u015ffetmeye merakl\u0131 herkes i\u00e7in hem bilgilendirici hem<span class=\"excerpt-hellip\"> [\u2026]<\/span><\/p>\n","protected":false},"featured_media":0,"template":"","meta":{"_monsterinsights_skip_tracking":false,"_monsterinsights_sitenote_active":false,"_monsterinsights_sitenote_note":"","_monsterinsights_sitenote_category":0},"product_brand":[],"product_cat":[12274,12284],"product_tag":[],"class_list":{"0":"post-758408","1":"product","2":"type-product","3":"status-publish","5":"product_cat-cocuk-ve-genclik-kitaplari","6":"product_cat-hikayeler","7":"pa_cilt-ciltsiz","8":"pa_tur-kitap","9":"pa_yayinevi-okuyan-us-yayin","10":"pa_yazar-hayley-graham","12":"first","13":"instock","14":"sale","15":"shipping-taxable","16":"purchasable","17":"product-type-simple"},"_links":{"self":[{"href":"https:\/\/roveyayinevi.com.tr\/index.php\/wp-json\/wp\/v2\/product\/758408","targetHints":{"allow":["GET"]}}],"collection":[{"href":"https:\/\/roveyayinevi.com.tr\/index.php\/wp-json\/wp\/v2\/product"}],"about":[{"href":"https:\/\/roveyayinevi.com.tr\/index.php\/wp-json\/wp\/v2\/types\/product"}],"wp:attachment":[{"href":"https:\/\/roveyayinevi.com.tr\/index.php\/wp-json\/wp\/v2\/media?parent=758408"}],"wp:term":[{"taxonomy":"product_brand","embeddable":true,"href":"https:\/\/roveyayinevi.com.tr\/index.php\/wp-json\/wp\/v2\/product_brand?post=758408"},{"taxonomy":"product_cat","embeddable":true,"href":"https:\/\/roveyayinevi.com.tr\/index.php\/wp-json\/wp\/v2\/product_cat?post=758408"},{"taxonomy":"product_tag","embeddable":true,"href":"https:\/\/roveyayinevi.com.tr\/index.php\/wp-json\/wp\/v2\/product_tag?post=758408"}],"curies":[{"name":"wp","href":"https:\/\/api.w.org\/{rel}","templated":true}]}}