{"id":758406,"date":"2025-08-28T08:03:28","date_gmt":"2025-08-28T05:03:28","guid":{"rendered":"https:\/\/roveyayinevi.com.tr\/index.php\/urun\/osmanlida-cariye-yasamlari\/"},"modified":"2026-04-16T03:11:24","modified_gmt":"2026-04-16T00:11:24","slug":"osmanlida-cariye-yasamlari","status":"publish","type":"product","link":"https:\/\/roveyayinevi.com.tr\/index.php\/urun\/osmanlida-cariye-yasamlari\/","title":{"rendered":"Osmanl\u0131\u2019da Cariye Ya\u015famlar\u0131"},"content":{"rendered":"<p>Cariye, k\u00f6le kad\u0131n. Sadece Osmanl\u0131 toplumunun de\u011fil b\u00fct\u00fcn d\u00fcnyan\u0131n g\u00f6n\u00fcls\u00fcz esirleri, isimsiz simalar\u0131, ailesinden, yurdundan kopar\u0131lm\u0131\u015f hayatlar\u0131. Esir pazar\u0131n\u0131n ta\u015f avlusundan, so\u011fuk duvarl\u0131 odalar\u0131ndan ya da cariye yeti\u015ftiren satvetli konaklar\u0131ndan, evlerinden bilinmezli\u011fe do\u011fru giden uzun ya da k\u0131sa ya\u015famlar. Kimi alt\u0131n yolda y\u00fcr\u00fcy\u00fcp h\u00fcnk\u00e2r\u0131n e\u015fsiz saadethanesine, kimi bir pa\u015fan\u0131n kona\u011f\u0131na, kimi s\u0131radan birinin evine yeni bir isim, yeni bir hayat. O yeni hayat\u0131n baz\u0131s\u0131 g\u00fcl bah\u00e7esinde, baz\u0131s\u0131 iktidar yar\u0131\u015f\u0131nda, baz\u0131s\u0131 mihnet hamam\u0131nda, baz\u0131s\u0131 \u00e7ilenin i\u00e7inde ge\u00e7ti.   Bu nedenle kitapta sadece saraya, hareme odaklan\u0131lmad\u0131. Toplumun her kademesinden insan\u0131n sahip oldu\u011fu cariyelere odaklan\u0131ld\u0131 ve bir insan\u0131n bir cariyenin kaderini nas\u0131l belirledi\u011fini g\u00f6stermeye \u00e7al\u0131\u015f\u0131ld\u0131. Padi\u015fah\u0131n arkada\u015f\u0131 olan cariyelerden hayat\u0131n\u0131 zor idame ettiren cariyelere kadar hayat\u0131n i\u00e7inden geni\u015f yelpazeden cariye hayatlar\u0131 \u00fczerinde duruldu. Bu kitapta, Osmanl\u0131 toplumunun birbirinden farkl\u0131 diyarlar\u0131ndaki bilinmeyen hayatlar\u0131 okuyacaks\u0131n\u0131z. <\/p>\n","protected":false},"excerpt":{"rendered":"<p>Cariye, k\u00f6le kad\u0131n. Sadece Osmanl\u0131 toplumunun de\u011fil b\u00fct\u00fcn d\u00fcnyan\u0131n g\u00f6n\u00fcls\u00fcz esirleri, isimsiz simalar\u0131, ailesinden, yurdundan kopar\u0131lm\u0131\u015f hayatlar\u0131. Esir pazar\u0131n\u0131n ta\u015f avlusundan, so\u011fuk duvarl\u0131 odalar\u0131ndan ya da<span class=\"excerpt-hellip\"> [\u2026]<\/span><\/p>\n","protected":false},"featured_media":0,"template":"","meta":{"_monsterinsights_skip_tracking":false,"_monsterinsights_sitenote_active":false,"_monsterinsights_sitenote_note":"","_monsterinsights_sitenote_category":0},"product_brand":[],"product_cat":[13517,12304],"product_tag":[],"class_list":{"0":"post-758406","1":"product","2":"type-product","3":"status-publish","5":"product_cat-osmanli-tarihi","6":"product_cat-tarih","7":"pa_cilt-ciltsiz","8":"pa_tur-kitap","9":"pa_yayinevi-yeditepe-yayinevi","10":"pa_yazar-zubeyde-gunes-yagci","12":"first","13":"instock","14":"sale","15":"shipping-taxable","16":"purchasable","17":"product-type-simple"},"_links":{"self":[{"href":"https:\/\/roveyayinevi.com.tr\/index.php\/wp-json\/wp\/v2\/product\/758406","targetHints":{"allow":["GET"]}}],"collection":[{"href":"https:\/\/roveyayinevi.com.tr\/index.php\/wp-json\/wp\/v2\/product"}],"about":[{"href":"https:\/\/roveyayinevi.com.tr\/index.php\/wp-json\/wp\/v2\/types\/product"}],"wp:attachment":[{"href":"https:\/\/roveyayinevi.com.tr\/index.php\/wp-json\/wp\/v2\/media?parent=758406"}],"wp:term":[{"taxonomy":"product_brand","embeddable":true,"href":"https:\/\/roveyayinevi.com.tr\/index.php\/wp-json\/wp\/v2\/product_brand?post=758406"},{"taxonomy":"product_cat","embeddable":true,"href":"https:\/\/roveyayinevi.com.tr\/index.php\/wp-json\/wp\/v2\/product_cat?post=758406"},{"taxonomy":"product_tag","embeddable":true,"href":"https:\/\/roveyayinevi.com.tr\/index.php\/wp-json\/wp\/v2\/product_tag?post=758406"}],"curies":[{"name":"wp","href":"https:\/\/api.w.org\/{rel}","templated":true}]}}