{"id":758405,"date":"2025-08-28T08:03:26","date_gmt":"2025-08-28T05:03:26","guid":{"rendered":"https:\/\/roveyayinevi.com.tr\/index.php\/urun\/cikmam-lazim-hayat-kaciyor\/"},"modified":"2026-04-16T03:11:24","modified_gmt":"2026-04-16T00:11:24","slug":"cikmam-lazim-hayat-kaciyor","status":"publish","type":"product","link":"https:\/\/roveyayinevi.com.tr\/index.php\/urun\/cikmam-lazim-hayat-kaciyor\/","title":{"rendered":"\u00c7\u0131kmam Laz\u0131m Hayat Ka\u00e7\u0131yor"},"content":{"rendered":"<p>Toplumun benimsedi\u011fi ya\u015fam tarz\u0131n\u0131 s\u0131k s\u0131k sorgulad\u0131\u011f\u0131 i\u00e7in arkada\u015flar\u0131 onu \u201cAyk\u0131r\u0131\u201d olarak g\u00f6r\u00fcyor. O, hayat\u0131ndan \u00e7\u0131kan veya \u00e7\u0131kmak zorunda kalan insanlardan sonra kendini bulma yolundaki anlam aray\u0131\u015flar\u0131nda \u00e7\u0131kmazlara giren; e\u015fi, arkada\u015flar\u0131 ve kurmaya \u00e7al\u0131\u015ft\u0131\u011f\u0131 yepyeni bir hayat aras\u0131nda s\u0131k\u0131\u015f\u0131p kalan ayk\u0131r\u0131 bir karakter.\u00c7\u0131kmam Laz\u0131m Hayat Ka\u00e7\u0131yor\u2019da ili\u015fkilere, kimliklere, s\u0131k\u0131\u015fm\u0131\u015fl\u0131k hissine ve hayat\u0131n ola\u011fan ak\u0131\u015f\u0131nda herkesin ba\u015f\u0131na gelebilecek olaylara tan\u0131kl\u0131k edeceksiniz. Yer yer g\u00fcld\u00fcr\u00fcp yer yer d\u00fc\u015f\u00fcnd\u00fcren eser, okuru adeta bir psikoterapi seans\u0131na al\u0131yor ve ya\u015fam\u0131n ger\u00e7ekleriyle y\u00fczle\u015ftiriyor. Benli\u011fimize ayna tutan \u00c7\u0131kmam Laz\u0131m Hayat Ka\u00e7\u0131yor, s\u0131k\u0131\u015ft\u0131\u011f\u0131 yerde hareketsiz kalan herkesi \u00e7ekip \u00e7\u0131karabilecek g\u00fc\u00e7te bir ilk roman.<\/p>\n","protected":false},"excerpt":{"rendered":"<p>Toplumun benimsedi\u011fi ya\u015fam tarz\u0131n\u0131 s\u0131k s\u0131k sorgulad\u0131\u011f\u0131 i\u00e7in arkada\u015flar\u0131 onu \u201cAyk\u0131r\u0131\u201d olarak g\u00f6r\u00fcyor. O, hayat\u0131ndan \u00e7\u0131kan veya \u00e7\u0131kmak zorunda kalan insanlardan sonra kendini bulma yolundaki anlam<span class=\"excerpt-hellip\"> [\u2026]<\/span><\/p>\n","protected":false},"featured_media":0,"template":"","meta":{"_monsterinsights_skip_tracking":false,"_monsterinsights_sitenote_active":false,"_monsterinsights_sitenote_note":"","_monsterinsights_sitenote_category":0},"product_brand":[],"product_cat":[12291,12292],"product_tag":[],"class_list":{"0":"post-758405","1":"product","2":"type-product","3":"status-publish","5":"product_cat-edebiyat","6":"product_cat-turk-edebiyati","7":"pa_cilt-ciltsiz","8":"pa_tur-kitap","9":"pa_yayinevi-nemesis-kitap","10":"pa_yazar-bunyamin-kapicioglu","12":"first","13":"instock","14":"sale","15":"shipping-taxable","16":"purchasable","17":"product-type-simple"},"_links":{"self":[{"href":"https:\/\/roveyayinevi.com.tr\/index.php\/wp-json\/wp\/v2\/product\/758405","targetHints":{"allow":["GET"]}}],"collection":[{"href":"https:\/\/roveyayinevi.com.tr\/index.php\/wp-json\/wp\/v2\/product"}],"about":[{"href":"https:\/\/roveyayinevi.com.tr\/index.php\/wp-json\/wp\/v2\/types\/product"}],"wp:attachment":[{"href":"https:\/\/roveyayinevi.com.tr\/index.php\/wp-json\/wp\/v2\/media?parent=758405"}],"wp:term":[{"taxonomy":"product_brand","embeddable":true,"href":"https:\/\/roveyayinevi.com.tr\/index.php\/wp-json\/wp\/v2\/product_brand?post=758405"},{"taxonomy":"product_cat","embeddable":true,"href":"https:\/\/roveyayinevi.com.tr\/index.php\/wp-json\/wp\/v2\/product_cat?post=758405"},{"taxonomy":"product_tag","embeddable":true,"href":"https:\/\/roveyayinevi.com.tr\/index.php\/wp-json\/wp\/v2\/product_tag?post=758405"}],"curies":[{"name":"wp","href":"https:\/\/api.w.org\/{rel}","templated":true}]}}