{"id":758403,"date":"2025-08-28T08:03:22","date_gmt":"2025-08-28T05:03:22","guid":{"rendered":"https:\/\/roveyayinevi.com.tr\/index.php\/urun\/lora\/"},"modified":"2026-03-09T03:21:18","modified_gmt":"2026-03-09T00:21:18","slug":"lora","status":"publish","type":"product","link":"https:\/\/roveyayinevi.com.tr\/index.php\/urun\/lora\/","title":{"rendered":"Lora"},"content":{"rendered":"<p>Bu hik\u00e2yeyi yazarken adeta i\u00e7ine girip ya\u015fad\u0131m. Duygular benim i\u00e7in \u00f6yle canl\u0131 ve \u00f6yle g\u00fczeldi ki, hissetmeden yazd\u0131\u011f\u0131m tek bir kelime olmad\u0131. Bir hik\u00e2ye yazmak i\u00e7in oturup, bir anda kendimi o insanlar\u0131n aras\u0131nda ya\u015farken bulmu\u015ftum. Onlarla birlikte korktum, heyecanland\u0131m, \u00fcz\u00fcld\u00fcm, sevindim, merak ettim. Hatta bir g\u00fcn klavyenin ba\u015f\u0131nda dalm\u0131\u015f gitmi\u015fken \u2018eee \u015fimdi ne olacak\u2019 diye soran arkada\u015f\u0131m\u0131n sesiyle oldu\u011fum yerde z\u0131plad\u0131m. Ben yazarken merak etmi\u015f ve gizlice yakla\u015farak son yazd\u0131\u011f\u0131m b\u00f6l\u00fcm\u00fc okumu\u015ftu. Bunu fark etti\u011fimde ona \u2018bilmem ki, i\u015fte bende ona bak\u0131yorum.\u2019 Diye cevap verdi\u011fim zaman \u00e7ok \u00f6nemli bir \u015feyi anlad\u0131m. Ger\u00e7ekten de b\u00fcy\u00fcl\u00fc bir tatile \u00e7\u0131km\u0131\u015ft\u0131m. Yazm\u0131yor a\u00e7\u0131k\u00e7a orada olaylar\u0131n i\u00e7inde ya\u015f\u0131yordum. Klavyenin ba\u015f\u0131na her defas\u0131nda sizin de okurken ayn\u0131s\u0131n\u0131 hissedece\u011finizi umdu\u011fum bir merak duygusu ile oturuyordum. G\u00f6relim bakal\u0131m ne olacak diyerek bo\u015f bir zihinle dal\u0131p gidiyordum. Sanki o insanlar\u0131 seyredip, ard\u0131ndan g\u00f6rd\u00fcklerimi yaz\u0131yordum. Sizlerin de benimle ayn\u0131 duygular\u0131 payla\u015farak bu hik\u00e2yeyi be\u011fenmenizi \u00fcmit ediyorum. \u00c7\u00fcnk\u00fc bana \u00f6yle geliyor ki ben bu k\u00f6y\u00fc ve k\u00f6ydekileri daha \u00e7ok ziyaret ederim. <\/p>\n","protected":false},"excerpt":{"rendered":"<p>Bu hik\u00e2yeyi yazarken adeta i\u00e7ine girip ya\u015fad\u0131m. Duygular benim i\u00e7in \u00f6yle canl\u0131 ve \u00f6yle g\u00fczeldi ki, hissetmeden yazd\u0131\u011f\u0131m tek bir kelime olmad\u0131. Bir hik\u00e2ye yazmak i\u00e7in<span class=\"excerpt-hellip\"> [\u2026]<\/span><\/p>\n","protected":false},"featured_media":0,"template":"","meta":{"_monsterinsights_skip_tracking":false,"_monsterinsights_sitenote_active":false,"_monsterinsights_sitenote_note":"","_monsterinsights_sitenote_category":0},"product_brand":[],"product_cat":[12291,12711],"product_tag":[],"class_list":{"0":"post-758403","1":"product","2":"type-product","3":"status-publish","5":"product_cat-edebiyat","6":"product_cat-roman-oyku","7":"pa_cilt-ciltsiz","8":"pa_tur-kitap","9":"pa_yayinevi-gulnar-yayinlari","10":"pa_yazar-mahmut-gokhan-akkaya","12":"first","13":"instock","14":"sale","15":"shipping-taxable","16":"purchasable","17":"product-type-simple"},"_links":{"self":[{"href":"https:\/\/roveyayinevi.com.tr\/index.php\/wp-json\/wp\/v2\/product\/758403","targetHints":{"allow":["GET"]}}],"collection":[{"href":"https:\/\/roveyayinevi.com.tr\/index.php\/wp-json\/wp\/v2\/product"}],"about":[{"href":"https:\/\/roveyayinevi.com.tr\/index.php\/wp-json\/wp\/v2\/types\/product"}],"wp:attachment":[{"href":"https:\/\/roveyayinevi.com.tr\/index.php\/wp-json\/wp\/v2\/media?parent=758403"}],"wp:term":[{"taxonomy":"product_brand","embeddable":true,"href":"https:\/\/roveyayinevi.com.tr\/index.php\/wp-json\/wp\/v2\/product_brand?post=758403"},{"taxonomy":"product_cat","embeddable":true,"href":"https:\/\/roveyayinevi.com.tr\/index.php\/wp-json\/wp\/v2\/product_cat?post=758403"},{"taxonomy":"product_tag","embeddable":true,"href":"https:\/\/roveyayinevi.com.tr\/index.php\/wp-json\/wp\/v2\/product_tag?post=758403"}],"curies":[{"name":"wp","href":"https:\/\/api.w.org\/{rel}","templated":true}]}}