{"id":758402,"date":"2025-08-28T08:03:21","date_gmt":"2025-08-28T05:03:21","guid":{"rendered":"https:\/\/roveyayinevi.com.tr\/index.php\/urun\/yonetim-mi-yone-itim-mi\/"},"modified":"2026-04-16T03:11:23","modified_gmt":"2026-04-16T00:11:23","slug":"yonetim-mi-yone-itim-mi","status":"publish","type":"product","link":"https:\/\/roveyayinevi.com.tr\/index.php\/urun\/yonetim-mi-yone-itim-mi\/","title":{"rendered":"Y\u00f6netim mi? Y\u00f6ne-itim mi?"},"content":{"rendered":"<p>Y\u00f6netim ve Y\u00f6ne-itim ikileminde sahadaki sorunlardan y\u00f6netimin boyutlar\u0131, y\u00f6netimde kad\u0131nlar\u0131n g\u00fcvenli\u011fi, mobbing, liyakat, etik, yetkinlik, etkinlik,  yeterlilik, y\u00f6netim sendromlar\u0131, y\u00f6netim oyunlar\u0131,  y\u00f6netimde dan\u0131\u015fmanl\u0131k, y\u00f6neticilerin se\u00e7imi, liderlik \u00e7e\u015fitleri, y\u00f6netimde ilahi ak\u0131\u015f&#8230; Konular\u0131 varsay\u0131mlarla desteklenerek saha analizleri ortaya konularak dikkat \u00e7ekilmeye \u00e7al\u0131\u015f\u0131lm\u0131\u015ft\u0131r. Y\u00f6neticilere tavsiye ve \u00e7\u00f6z\u00fcm \u00f6nerileri sunulurken; hem y\u00f6neticilere hem y\u00f6netilenlere y\u00f6netim fark\u0131ndal\u0131\u011f\u0131 kazand\u0131r\u0131lmak istenmi\u015ftir.   Bu kitap k\u00fc\u00e7\u00fck bir kurum y\u00f6netiminden \u00fclke y\u00f6netimine, \u00f6zel bir \u015firketten kamu kurumuna kadar y\u00f6netimin oldu\u011fu her alana hitap edebilir ve uyarlanabilir; ana fikirler her y\u00f6netim kademesi i\u00e7in ge\u00e7erlidir. <\/p>\n","protected":false},"excerpt":{"rendered":"<p>Y\u00f6netim ve Y\u00f6ne-itim ikileminde sahadaki sorunlardan y\u00f6netimin boyutlar\u0131, y\u00f6netimde kad\u0131nlar\u0131n g\u00fcvenli\u011fi, mobbing, liyakat, etik, yetkinlik, etkinlik, yeterlilik, y\u00f6netim sendromlar\u0131, y\u00f6netim oyunlar\u0131, y\u00f6netimde dan\u0131\u015fmanl\u0131k, y\u00f6neticilerin se\u00e7imi, liderlik<span class=\"excerpt-hellip\"> [\u2026]<\/span><\/p>\n","protected":false},"featured_media":0,"template":"","meta":{"_monsterinsights_skip_tracking":false,"_monsterinsights_sitenote_active":false,"_monsterinsights_sitenote_note":"","_monsterinsights_sitenote_category":0},"product_brand":[],"product_cat":[52477],"product_tag":[],"class_list":{"0":"post-758402","1":"product","2":"type-product","3":"status-publish","5":"product_cat-arastirma","6":"pa_cilt-ciltsiz","7":"pa_tur-kitap","8":"pa_yayinevi-gulnar-yayinlari","9":"pa_yazar-nurhayat-gundogdu","11":"first","12":"instock","13":"sale","14":"shipping-taxable","15":"purchasable","16":"product-type-simple"},"_links":{"self":[{"href":"https:\/\/roveyayinevi.com.tr\/index.php\/wp-json\/wp\/v2\/product\/758402","targetHints":{"allow":["GET"]}}],"collection":[{"href":"https:\/\/roveyayinevi.com.tr\/index.php\/wp-json\/wp\/v2\/product"}],"about":[{"href":"https:\/\/roveyayinevi.com.tr\/index.php\/wp-json\/wp\/v2\/types\/product"}],"wp:attachment":[{"href":"https:\/\/roveyayinevi.com.tr\/index.php\/wp-json\/wp\/v2\/media?parent=758402"}],"wp:term":[{"taxonomy":"product_brand","embeddable":true,"href":"https:\/\/roveyayinevi.com.tr\/index.php\/wp-json\/wp\/v2\/product_brand?post=758402"},{"taxonomy":"product_cat","embeddable":true,"href":"https:\/\/roveyayinevi.com.tr\/index.php\/wp-json\/wp\/v2\/product_cat?post=758402"},{"taxonomy":"product_tag","embeddable":true,"href":"https:\/\/roveyayinevi.com.tr\/index.php\/wp-json\/wp\/v2\/product_tag?post=758402"}],"curies":[{"name":"wp","href":"https:\/\/api.w.org\/{rel}","templated":true}]}}