{"id":758401,"date":"2025-08-28T08:03:19","date_gmt":"2025-08-28T05:03:19","guid":{"rendered":"https:\/\/roveyayinevi.com.tr\/index.php\/urun\/seyahat-sanati\/"},"modified":"2025-08-31T20:10:51","modified_gmt":"2025-08-31T17:10:51","slug":"seyahat-sanati","status":"publish","type":"product","link":"https:\/\/roveyayinevi.com.tr\/index.php\/urun\/seyahat-sanati\/","title":{"rendered":"Seyahat Sanat\u0131"},"content":{"rendered":"<p>Alain de Botton\u2019\u0131n Seyahat Sanat\u0131, sadece bir yolculuk kitab\u0131 de\u011fil, ayn\u0131 zamanda bir d\u00fcnyay\u0131 ke\u015fif ve i\u00e7sel d\u00f6n\u00fc\u015f\u00fcm rehberi. Yazar, aralar\u0131nda Flaubert, Edward Hooper, Wordsworth ve Van Gogh\u2019un da bulundu\u011fu bir dizi sanat\u00e7\u0131, yazar ve d\u00fc\u015f\u00fcn\u00fcr\u00fcn de yard\u0131m\u0131yla seyahatin g\u00fczel manzaralar g\u00f6rmekle ilgili olmad\u0131\u011f\u0131n\u0131, ayn\u0131 zamanda ruhsal ve ki\u015fisel bir yolculuk oldu\u011funu ortaya koyuyor.   Anekdotlar\u0131, felsefeyi ve sanat\u0131 ustaca bir araya getirerek seyahatin d\u00f6n\u00fc\u015ft\u00fcr\u00fcc\u00fc do\u011fas\u0131na dair de\u011ferli bak\u0131\u015f a\u00e7\u0131lar\u0131 sunan Botton, zeki ve samimi \u00fcslubuyla okurlar\u0131 seyahat sanat\u0131n\u0131 yeniden ke\u015ffetmeye ve yolculuklar\u0131nda daha derin anlamlar aramaya davet ediyor.   \u201cDikkati yolcunun i\u00e7ine d\u00f6n\u00fck, yolculu\u011fun d\u0131\u015f\u0131na de\u011fil. Bilincin i\u00e7ine yap\u0131lan bir gezinti. Seyahat Sanat\u0131\u2019na rehberlik eden bir hayalet varsa bu Marco Polo\u2019nun de\u011fil, Marcel Proust\u2019un hayaletidir. Di\u011ferlerine benzemeyen, zarif ve incelikli bir eser.\u201d \u2013Colin Thubron, The Times<\/p>\n","protected":false},"excerpt":{"rendered":"<p>Alain de Botton\u2019\u0131n Seyahat Sanat\u0131, sadece bir yolculuk kitab\u0131 de\u011fil, ayn\u0131 zamanda bir d\u00fcnyay\u0131 ke\u015fif ve i\u00e7sel d\u00f6n\u00fc\u015f\u00fcm rehberi. Yazar, aralar\u0131nda Flaubert, Edward Hooper, Wordsworth ve<span class=\"excerpt-hellip\"> [\u2026]<\/span><\/p>\n","protected":false},"featured_media":0,"template":"","meta":{"_monsterinsights_skip_tracking":false,"_monsterinsights_sitenote_active":false,"_monsterinsights_sitenote_note":"","_monsterinsights_sitenote_category":0},"product_brand":[],"product_cat":[12777,12291],"product_tag":[],"class_list":{"0":"post-758401","1":"product","2":"type-product","3":"status-publish","5":"product_cat-deneme","6":"product_cat-edebiyat","7":"pa_cilt-ciltsiz","8":"pa_tur-kitap","9":"pa_yayinevi-everest-yayinlari","10":"pa_yazar-alain-de-botton","12":"first","13":"instock","14":"sale","15":"shipping-taxable","16":"purchasable","17":"product-type-simple"},"_links":{"self":[{"href":"https:\/\/roveyayinevi.com.tr\/index.php\/wp-json\/wp\/v2\/product\/758401","targetHints":{"allow":["GET"]}}],"collection":[{"href":"https:\/\/roveyayinevi.com.tr\/index.php\/wp-json\/wp\/v2\/product"}],"about":[{"href":"https:\/\/roveyayinevi.com.tr\/index.php\/wp-json\/wp\/v2\/types\/product"}],"wp:attachment":[{"href":"https:\/\/roveyayinevi.com.tr\/index.php\/wp-json\/wp\/v2\/media?parent=758401"}],"wp:term":[{"taxonomy":"product_brand","embeddable":true,"href":"https:\/\/roveyayinevi.com.tr\/index.php\/wp-json\/wp\/v2\/product_brand?post=758401"},{"taxonomy":"product_cat","embeddable":true,"href":"https:\/\/roveyayinevi.com.tr\/index.php\/wp-json\/wp\/v2\/product_cat?post=758401"},{"taxonomy":"product_tag","embeddable":true,"href":"https:\/\/roveyayinevi.com.tr\/index.php\/wp-json\/wp\/v2\/product_tag?post=758401"}],"curies":[{"name":"wp","href":"https:\/\/api.w.org\/{rel}","templated":true}]}}