{"id":758400,"date":"2025-08-28T08:03:17","date_gmt":"2025-08-28T05:03:17","guid":{"rendered":"https:\/\/roveyayinevi.com.tr\/index.php\/urun\/jangada-olaganustu-yolculuklar-42\/"},"modified":"2026-04-16T03:11:23","modified_gmt":"2026-04-16T00:11:23","slug":"jangada-olaganustu-yolculuklar-42","status":"publish","type":"product","link":"https:\/\/roveyayinevi.com.tr\/index.php\/urun\/jangada-olaganustu-yolculuklar-42\/","title":{"rendered":"Jangada &#8211;  Ola\u011fan\u00fcst\u00fc Yolculuklar 42"},"content":{"rendered":"<p>Amazon\u2019un bir k\u0131y\u0131s\u0131nda mutlu mesut ya\u015fayan Garral Ailesi, k\u0131zlar\u0131n\u0131n nik\u00e2h\u0131 i\u00e7in \u00e7iftlikten ayr\u0131l\u0131p Para\u2019ya gitmeye karar verir. Aile ve refakat\u00e7ilerin olu\u015fturdu\u011fu kalabal\u0131k grubu ta\u015f\u0131mak i\u00e7in muazzam bir jangada in\u015fa edilir. Yol boyunca jangada\u2019ya dahil olan yeni misafirler, tehditler ve 23 y\u0131ld\u0131r g\u00fcn y\u00fcz\u00fcne \u00e7\u0131kmay\u0131 bekleyen bir s\u0131r\u2026 Peki, her \u015feye ra\u011fmen Garral ailesi bu s\u0131rr\u0131 a\u00e7\u0131\u011fa \u00e7\u0131karacak \u015fifreyi \u00e7\u00f6zebilecek midir? <\/p>\n","protected":false},"excerpt":{"rendered":"<p>Amazon\u2019un bir k\u0131y\u0131s\u0131nda mutlu mesut ya\u015fayan Garral Ailesi, k\u0131zlar\u0131n\u0131n nik\u00e2h\u0131 i\u00e7in \u00e7iftlikten ayr\u0131l\u0131p Para\u2019ya gitmeye karar verir. Aile ve refakat\u00e7ilerin olu\u015fturdu\u011fu kalabal\u0131k grubu ta\u015f\u0131mak i\u00e7in muazzam<span class=\"excerpt-hellip\"> [\u2026]<\/span><\/p>\n","protected":false},"featured_media":0,"template":"","meta":{"_monsterinsights_skip_tracking":false,"_monsterinsights_sitenote_active":false,"_monsterinsights_sitenote_note":"","_monsterinsights_sitenote_category":0},"product_brand":[],"product_cat":[12291,12711],"product_tag":[],"class_list":{"0":"post-758400","1":"product","2":"type-product","3":"status-publish","5":"product_cat-edebiyat","6":"product_cat-roman-oyku","7":"pa_cilt-ciltsiz","8":"pa_tur-kitap","9":"pa_yayinevi-alfa-yayinlari","10":"pa_yazar-jules-verne","12":"first","13":"instock","14":"sale","15":"shipping-taxable","16":"purchasable","17":"product-type-simple"},"_links":{"self":[{"href":"https:\/\/roveyayinevi.com.tr\/index.php\/wp-json\/wp\/v2\/product\/758400","targetHints":{"allow":["GET"]}}],"collection":[{"href":"https:\/\/roveyayinevi.com.tr\/index.php\/wp-json\/wp\/v2\/product"}],"about":[{"href":"https:\/\/roveyayinevi.com.tr\/index.php\/wp-json\/wp\/v2\/types\/product"}],"wp:attachment":[{"href":"https:\/\/roveyayinevi.com.tr\/index.php\/wp-json\/wp\/v2\/media?parent=758400"}],"wp:term":[{"taxonomy":"product_brand","embeddable":true,"href":"https:\/\/roveyayinevi.com.tr\/index.php\/wp-json\/wp\/v2\/product_brand?post=758400"},{"taxonomy":"product_cat","embeddable":true,"href":"https:\/\/roveyayinevi.com.tr\/index.php\/wp-json\/wp\/v2\/product_cat?post=758400"},{"taxonomy":"product_tag","embeddable":true,"href":"https:\/\/roveyayinevi.com.tr\/index.php\/wp-json\/wp\/v2\/product_tag?post=758400"}],"curies":[{"name":"wp","href":"https:\/\/api.w.org\/{rel}","templated":true}]}}