{"id":758398,"date":"2025-08-28T08:03:13","date_gmt":"2025-08-28T05:03:13","guid":{"rendered":"https:\/\/roveyayinevi.com.tr\/index.php\/urun\/kardesim-ve-ben-hayati-ogreniyorum\/"},"modified":"2026-04-16T03:11:23","modified_gmt":"2026-04-16T00:11:23","slug":"kardesim-ve-ben-hayati-ogreniyorum","status":"publish","type":"product","link":"https:\/\/roveyayinevi.com.tr\/index.php\/urun\/kardesim-ve-ben-hayati-ogreniyorum\/","title":{"rendered":"Karde\u015fim ve Ben \u2013 Hayati \u00d6\u011freniyorum"},"content":{"rendered":"<p>Yeni do\u011fan bir bebekle karde\u015fi aras\u0131ndaki ba\u011f her zaman \u00e7ok \u00f6zel ve \u00e7ok de\u011ferlidir. Ancak bazen karde\u015flerin bebe\u011fin isteklerine ve gereksinimlerine uyum sa\u011flamas\u0131 zor olabilir. Aileye yeni bir bebe\u011fin kat\u0131lmas\u0131 heyecan vericidir, fakat bu olay karde\u015flerinin akl\u0131n\u0131 kar\u0131\u015ft\u0131rabilir ve kayg\u0131 yaratabilir. Yeni durumlarla ve bunlara ba\u011fl\u0131 olarak ortaya \u00e7\u0131kan duygularla ba\u015fa \u00e7\u0131kmak gereklidir. Bu kitap, karde\u015fler aras\u0131ndaki \u00f6zel ili\u015fkinin ba\u015flang\u0131c\u0131n\u0131 ele al\u0131yor. Hayat\u0131 \u00d6\u011freniyorum dizisi, \u00e7ocuklar\u0131n\u0131z\u0131n ilk deneyimlerini daha e\u011flenceli bir \u015fekilde ya\u015famas\u0131na yard\u0131mc\u0131 olacakt\u0131r. Bu kitaptaki ak\u0131c\u0131 metinler ve canl\u0131 resimler, kitab\u0131 okuyacak ki\u015fi ile \u00e7ocuk aras\u0131nda konu hakk\u0131ndaki konu\u015fman\u0131n s\u00fcrmesini sa\u011flamaya y\u00f6nelik tasarlanm\u0131\u015ft\u0131r. \u2022 Kre\u015fte \u0130lk G\u00fcn \u2022 Bak\u0131c\u0131 \u2022 Veteriner Hekim \u2022 Hastane \u2022 Doktor \u2022 Spor Zaman\u0131 \u2022 D\u0131\u015far\u0131da B\u00fcy\u00fck G\u00fcn \u2022 Di\u015f Hekimi \u2022 Okul \u2022 Karde\u015fim ve Ben <\/p>\n","protected":false},"excerpt":{"rendered":"<p>Yeni do\u011fan bir bebekle karde\u015fi aras\u0131ndaki ba\u011f her zaman \u00e7ok \u00f6zel ve \u00e7ok de\u011ferlidir. Ancak bazen karde\u015flerin bebe\u011fin isteklerine ve gereksinimlerine uyum sa\u011flamas\u0131 zor olabilir. Aileye<span class=\"excerpt-hellip\"> [\u2026]<\/span><\/p>\n","protected":false},"featured_media":0,"template":"","meta":{"_monsterinsights_skip_tracking":false,"_monsterinsights_sitenote_active":false,"_monsterinsights_sitenote_note":"","_monsterinsights_sitenote_category":0},"product_brand":[],"product_cat":[12274,12518],"product_tag":[],"class_list":{"0":"post-758398","1":"product","2":"type-product","3":"status-publish","5":"product_cat-cocuk-ve-genclik-kitaplari","6":"product_cat-okul-oncesi-kitaplar","7":"pa_cilt-ciltsiz","8":"pa_tur-kitap","9":"pa_yayinevi-is-bankasi-kultur-yayinlari","10":"pa_yazar-kolektif","12":"first","13":"instock","14":"sale","15":"shipping-taxable","16":"purchasable","17":"product-type-simple"},"_links":{"self":[{"href":"https:\/\/roveyayinevi.com.tr\/index.php\/wp-json\/wp\/v2\/product\/758398","targetHints":{"allow":["GET"]}}],"collection":[{"href":"https:\/\/roveyayinevi.com.tr\/index.php\/wp-json\/wp\/v2\/product"}],"about":[{"href":"https:\/\/roveyayinevi.com.tr\/index.php\/wp-json\/wp\/v2\/types\/product"}],"wp:attachment":[{"href":"https:\/\/roveyayinevi.com.tr\/index.php\/wp-json\/wp\/v2\/media?parent=758398"}],"wp:term":[{"taxonomy":"product_brand","embeddable":true,"href":"https:\/\/roveyayinevi.com.tr\/index.php\/wp-json\/wp\/v2\/product_brand?post=758398"},{"taxonomy":"product_cat","embeddable":true,"href":"https:\/\/roveyayinevi.com.tr\/index.php\/wp-json\/wp\/v2\/product_cat?post=758398"},{"taxonomy":"product_tag","embeddable":true,"href":"https:\/\/roveyayinevi.com.tr\/index.php\/wp-json\/wp\/v2\/product_tag?post=758398"}],"curies":[{"name":"wp","href":"https:\/\/api.w.org\/{rel}","templated":true}]}}