{"id":758397,"date":"2025-08-28T08:03:11","date_gmt":"2025-08-28T05:03:11","guid":{"rendered":"https:\/\/roveyayinevi.com.tr\/index.php\/urun\/kucuk-kirmizi-kazak\/"},"modified":"2026-04-16T03:11:23","modified_gmt":"2026-04-16T00:11:23","slug":"kucuk-kirmizi-kazak","status":"publish","type":"product","link":"https:\/\/roveyayinevi.com.tr\/index.php\/urun\/kucuk-kirmizi-kazak\/","title":{"rendered":"K\u00fc\u00e7\u00fck K\u0131rm\u0131z\u0131 Kazak"},"content":{"rendered":"<p>Herkese uygun bir kazak&#8230; Baba karga so\u011fuk bir k\u0131\u015f g\u00fcn\u00fcnde k\u00fc\u00e7\u00fck k\u0131rm\u0131z\u0131 bir kazak buldu. Bu kazak \u00e7ok i\u015fine yarayabilirdi! Anne karga ona kar\u015f\u0131 \u00e7\u0131k\u0131nca kaza\u011f\u0131 orac\u0131kta b\u0131rakt\u0131. \u015eimdi s\u0131ra di\u011fer orman hayvanlar\u0131nda: Bu k\u0131rm\u0131z\u0131 y\u00fcnl\u00fc \u015fey ne i\u00e7in kullan\u0131labilir? Kulaklar\u0131 \u0131s\u0131tabilir mi? \u00c7anta olarak i\u015f g\u00f6r\u00fcr m\u00fc? Etek mi olur, yoksa ev mi? Do\u011fan\u0131n k\u00fc\u00e7\u00fck ve b\u00fcy\u00fck gizemleri bu s\u0131cac\u0131k \u00f6yk\u00fcde&#8230; <\/p>\n","protected":false},"excerpt":{"rendered":"<p>Herkese uygun bir kazak&#8230; Baba karga so\u011fuk bir k\u0131\u015f g\u00fcn\u00fcnde k\u00fc\u00e7\u00fck k\u0131rm\u0131z\u0131 bir kazak buldu. Bu kazak \u00e7ok i\u015fine yarayabilirdi! Anne karga ona kar\u015f\u0131 \u00e7\u0131k\u0131nca kaza\u011f\u0131<span class=\"excerpt-hellip\"> [\u2026]<\/span><\/p>\n","protected":false},"featured_media":0,"template":"","meta":{"_monsterinsights_skip_tracking":false,"_monsterinsights_sitenote_active":false,"_monsterinsights_sitenote_note":"","_monsterinsights_sitenote_category":0},"product_brand":[],"product_cat":[12274,12518],"product_tag":[],"class_list":{"0":"post-758397","1":"product","2":"type-product","3":"status-publish","5":"product_cat-cocuk-ve-genclik-kitaplari","6":"product_cat-okul-oncesi-kitaplar","7":"pa_cilt-ciltsiz","8":"pa_tur-kitap","9":"pa_yayinevi-is-bankasi-kultur-yayinlari","10":"pa_yazar-brigitte-weninger","12":"first","13":"instock","14":"sale","15":"shipping-taxable","16":"purchasable","17":"product-type-simple"},"_links":{"self":[{"href":"https:\/\/roveyayinevi.com.tr\/index.php\/wp-json\/wp\/v2\/product\/758397","targetHints":{"allow":["GET"]}}],"collection":[{"href":"https:\/\/roveyayinevi.com.tr\/index.php\/wp-json\/wp\/v2\/product"}],"about":[{"href":"https:\/\/roveyayinevi.com.tr\/index.php\/wp-json\/wp\/v2\/types\/product"}],"wp:attachment":[{"href":"https:\/\/roveyayinevi.com.tr\/index.php\/wp-json\/wp\/v2\/media?parent=758397"}],"wp:term":[{"taxonomy":"product_brand","embeddable":true,"href":"https:\/\/roveyayinevi.com.tr\/index.php\/wp-json\/wp\/v2\/product_brand?post=758397"},{"taxonomy":"product_cat","embeddable":true,"href":"https:\/\/roveyayinevi.com.tr\/index.php\/wp-json\/wp\/v2\/product_cat?post=758397"},{"taxonomy":"product_tag","embeddable":true,"href":"https:\/\/roveyayinevi.com.tr\/index.php\/wp-json\/wp\/v2\/product_tag?post=758397"}],"curies":[{"name":"wp","href":"https:\/\/api.w.org\/{rel}","templated":true}]}}