{"id":758396,"date":"2025-08-28T08:03:09","date_gmt":"2025-08-28T05:03:09","guid":{"rendered":"https:\/\/roveyayinevi.com.tr\/index.php\/urun\/uzay-kaplumbagasi\/"},"modified":"2025-11-12T10:05:33","modified_gmt":"2025-11-12T07:05:33","slug":"uzay-kaplumbagasi","status":"publish","type":"product","link":"https:\/\/roveyayinevi.com.tr\/index.php\/urun\/uzay-kaplumbagasi\/","title":{"rendered":"Uzay Kaplumba\u011fas\u0131"},"content":{"rendered":"<p>Bir zamanlar, eski bo\u015f bir park\u0131n solmu\u015f bah\u00e7esinde, eski bir \u00e7\u00f6p kutusunun i\u00e7inde k\u00fc\u00e7\u00fck bir kaplumba\u011fa ya\u015fard\u0131. Hayat, bu rahat \u00e7\u00f6p kutusunda g\u00fczel ge\u00e7iyordu\u2026 Ancak k\u00fc\u00e7\u00fck kaplumba\u011fan\u0131n akl\u0131na tak\u0131lan \u00e7ok \u00f6nemli bir soru vard\u0131; di\u011fer hayvanlar neredeydiler? Belki uzaydad\u0131rlar, diye d\u00fc\u015f\u00fcnd\u00fc bir g\u00fcn. Ve b\u00f6ylece k\u00fc\u00e7\u00fck kaplumba\u011fan\u0131n yolculu\u011fu ba\u015flad\u0131\u2026 Ke\u015ffetme cesareti, dostluk ve nezaket hakk\u0131nda y\u00fcrek \u0131s\u0131tan bir \u00f6yk\u00fc. <\/p>\n","protected":false},"excerpt":{"rendered":"<p>Bir zamanlar, eski bo\u015f bir park\u0131n solmu\u015f bah\u00e7esinde, eski bir \u00e7\u00f6p kutusunun i\u00e7inde k\u00fc\u00e7\u00fck bir kaplumba\u011fa ya\u015fard\u0131. Hayat, bu rahat \u00e7\u00f6p kutusunda g\u00fczel ge\u00e7iyordu\u2026 Ancak k\u00fc\u00e7\u00fck<span class=\"excerpt-hellip\"> [\u2026]<\/span><\/p>\n","protected":false},"featured_media":0,"template":"","meta":{"_monsterinsights_skip_tracking":false,"_monsterinsights_sitenote_active":false,"_monsterinsights_sitenote_note":"","_monsterinsights_sitenote_category":0},"product_brand":[],"product_cat":[12274,12518],"product_tag":[],"class_list":{"0":"post-758396","1":"product","2":"type-product","3":"status-publish","5":"product_cat-cocuk-ve-genclik-kitaplari","6":"product_cat-okul-oncesi-kitaplar","7":"pa_cilt-ciltsiz","8":"pa_tur-kitap","9":"pa_yayinevi-is-bankasi-kultur-yayinlari","10":"pa_yazar-ross-montgomery","12":"first","13":"instock","14":"sale","15":"shipping-taxable","16":"purchasable","17":"product-type-simple"},"_links":{"self":[{"href":"https:\/\/roveyayinevi.com.tr\/index.php\/wp-json\/wp\/v2\/product\/758396","targetHints":{"allow":["GET"]}}],"collection":[{"href":"https:\/\/roveyayinevi.com.tr\/index.php\/wp-json\/wp\/v2\/product"}],"about":[{"href":"https:\/\/roveyayinevi.com.tr\/index.php\/wp-json\/wp\/v2\/types\/product"}],"wp:attachment":[{"href":"https:\/\/roveyayinevi.com.tr\/index.php\/wp-json\/wp\/v2\/media?parent=758396"}],"wp:term":[{"taxonomy":"product_brand","embeddable":true,"href":"https:\/\/roveyayinevi.com.tr\/index.php\/wp-json\/wp\/v2\/product_brand?post=758396"},{"taxonomy":"product_cat","embeddable":true,"href":"https:\/\/roveyayinevi.com.tr\/index.php\/wp-json\/wp\/v2\/product_cat?post=758396"},{"taxonomy":"product_tag","embeddable":true,"href":"https:\/\/roveyayinevi.com.tr\/index.php\/wp-json\/wp\/v2\/product_tag?post=758396"}],"curies":[{"name":"wp","href":"https:\/\/api.w.org\/{rel}","templated":true}]}}