{"id":758391,"date":"2025-08-28T08:03:00","date_gmt":"2025-08-28T05:03:00","guid":{"rendered":"https:\/\/roveyayinevi.com.tr\/index.php\/urun\/babam-hasan-ali-yucel-gulumser-yucel-kitabi\/"},"modified":"2026-04-16T03:11:23","modified_gmt":"2026-04-16T00:11:23","slug":"babam-hasan-ali-yucel-gulumser-yucel-kitabi","status":"publish","type":"product","link":"https:\/\/roveyayinevi.com.tr\/index.php\/urun\/babam-hasan-ali-yucel-gulumser-yucel-kitabi\/","title":{"rendered":"Babam Hasan Ali Y\u00fccel \u2013 \u201cG\u00fcl\u00fcmser Y\u00fccel Kitab\u0131\u201d"},"content":{"rendered":"<p>Hasan \u00c2li Y\u00fccel neye inand\u0131, nas\u0131l m\u00fccadele etti? Gazi Mustafa Kemal ile ayn\u0131 masada hangi konu hakk\u0131nda g\u00f6r\u00fc\u015ft\u00fc? Nas\u0131l T\u00fcrkiye\u2019nin en uzun s\u00fcreli Mill\u00ee E\u011fitim Bakan\u0131 oldu? D\u00f6nemin en \u00f6nde gelen edebiyat\u00e7\u0131lar\u0131 ile nas\u0131l tan\u0131\u015ft\u0131? T\u00fcrkiye\u2019nin en b\u00fcy\u00fck \u015fairlerinden Can Y\u00fccel\u2019i nas\u0131l yeti\u015ftirdi? 19 May\u0131s\u2019ta kendisine suikast giri\u015fimi s\u00f6ylentilerini nas\u0131l kar\u015f\u0131lad\u0131? \u201cHayatta ben en \u00e7ok babam\u0131 sevdim\u201d diyen Can Y\u00fccel, neden babas\u0131na Cambridge\u2019den ayr\u0131lmas\u0131 gerekti\u011fini s\u00f6yledi? K\u00f6y Enstit\u00fclerinin fikir babas\u0131 kimdi? Hasan \u00c2li Y\u00fccel, evde nas\u0131l bir babayd\u0131? \u0130smet \u0130n\u00f6n\u00fc neden Y\u00fccel\u2019i destekledi? Kim \u0130n\u00f6n\u00fc\u2019n\u00fcn fikrini de\u011fi\u015ftirdi? Y\u00fccel\u2019i istifaya s\u00fcr\u00fckleyen kimlerdi? T\u00fcrkiye \u0130\u015f Bankas\u0131 K\u00fclt\u00fcr Yay\u0131nlar\u0131\u2019n\u0131 nas\u0131l kurdu? Ve daha pek \u00e7ok sorunun yan\u0131t\u0131n\u0131 Hasan \u00c2li Y\u00fccel\u2019in k\u0131z\u0131 G\u00fcl\u00fcmser Y\u00fccel, bu keyifli s\u00f6yle\u015fide Arda Kukul\u2019a anlat\u0131yor. Bu kitapta K\u00f6y Enstit\u00fclerinin kurucusu ve T\u00fcrkiye\u2019nin en uzun s\u00fcre g\u00f6revde kalan Mill\u00ee E\u011fitim Bakan\u0131 Hasan \u00c2li Y\u00fccel\u2019i hi\u00e7 bilinmeyen y\u00f6nleri ile tan\u0131yacaks\u0131n\u0131z. Sevdi\u011fi yemeklerden, aile i\u00e7i konu\u015fmalar\u0131ndan, \u00e7ocuklar\u0131na verdi\u011fi tavsiyelerden politik hayattaki vizyonuna, m\u00fccadelesine ve e\u011fitimde ger\u00e7ekle\u015ftirmek istediklerinin detaylar\u0131na kadar t\u00fcm \u00f6zel noktalar G\u00fcl\u00fcmser Y\u00fccel\u2019in tan\u0131kl\u0131\u011f\u0131nda bu kitapta i\u015fleniyor. <\/p>\n","protected":false},"excerpt":{"rendered":"<p>Hasan \u00c2li Y\u00fccel neye inand\u0131, nas\u0131l m\u00fccadele etti? Gazi Mustafa Kemal ile ayn\u0131 masada hangi konu hakk\u0131nda g\u00f6r\u00fc\u015ft\u00fc? Nas\u0131l T\u00fcrkiye\u2019nin en uzun s\u00fcreli Mill\u00ee E\u011fitim Bakan\u0131<span class=\"excerpt-hellip\"> [\u2026]<\/span><\/p>\n","protected":false},"featured_media":0,"template":"","meta":{"_monsterinsights_skip_tracking":false,"_monsterinsights_sitenote_active":false,"_monsterinsights_sitenote_note":"","_monsterinsights_sitenote_category":0},"product_brand":[],"product_cat":[12291,30969],"product_tag":[],"class_list":{"0":"post-758391","1":"product","2":"type-product","3":"status-publish","5":"product_cat-edebiyat","6":"product_cat-soylesi-edebiyat","7":"pa_cilt-ciltsiz","8":"pa_tur-kitap","9":"pa_yayinevi-is-bankasi-kultur-yayinlari","10":"pa_yazar-arda-kukul","12":"first","13":"instock","14":"sale","15":"shipping-taxable","16":"purchasable","17":"product-type-simple"},"_links":{"self":[{"href":"https:\/\/roveyayinevi.com.tr\/index.php\/wp-json\/wp\/v2\/product\/758391","targetHints":{"allow":["GET"]}}],"collection":[{"href":"https:\/\/roveyayinevi.com.tr\/index.php\/wp-json\/wp\/v2\/product"}],"about":[{"href":"https:\/\/roveyayinevi.com.tr\/index.php\/wp-json\/wp\/v2\/types\/product"}],"wp:attachment":[{"href":"https:\/\/roveyayinevi.com.tr\/index.php\/wp-json\/wp\/v2\/media?parent=758391"}],"wp:term":[{"taxonomy":"product_brand","embeddable":true,"href":"https:\/\/roveyayinevi.com.tr\/index.php\/wp-json\/wp\/v2\/product_brand?post=758391"},{"taxonomy":"product_cat","embeddable":true,"href":"https:\/\/roveyayinevi.com.tr\/index.php\/wp-json\/wp\/v2\/product_cat?post=758391"},{"taxonomy":"product_tag","embeddable":true,"href":"https:\/\/roveyayinevi.com.tr\/index.php\/wp-json\/wp\/v2\/product_tag?post=758391"}],"curies":[{"name":"wp","href":"https:\/\/api.w.org\/{rel}","templated":true}]}}