{"id":758386,"date":"2025-08-28T08:02:50","date_gmt":"2025-08-28T05:02:50","guid":{"rendered":"https:\/\/roveyayinevi.com.tr\/index.php\/urun\/arafta-bir-hayat\/"},"modified":"2026-04-16T03:11:23","modified_gmt":"2026-04-16T00:11:23","slug":"arafta-bir-hayat","status":"publish","type":"product","link":"https:\/\/roveyayinevi.com.tr\/index.php\/urun\/arafta-bir-hayat\/","title":{"rendered":"Araf&#8217;ta Bir Hayat"},"content":{"rendered":"<p>Bazen gidersin. Keyfiyet, aray\u0131\u015f ya da mecburiyettir gitmenin nedeni. Ama mecburiyetten gitmektir en zor olan. \u00c7\u00fcnk\u00fc sormazlar sana gider misin, kal\u0131r m\u0131s\u0131n diye. M\u00fcbadele\u2019dir ad\u0131. Bir\u00e7ok \u015fey b\u0131rak\u0131rs\u0131n arkanda. Toprakt\u0131r, sevgilidir, ya\u015fanm\u0131\u015fl\u0131kt\u0131r, mezard\u0131r, vatand\u0131r geride b\u0131rakt\u0131\u011f\u0131n. Sonra \u00f6zlersin delicesine. D\u00f6nmek istersin, d\u00f6nemezsin. Birka\u00e7 foto\u011fraf ve say\u0131s\u0131z an\u0131d\u0131r geldi\u011fin yerden kalan. Al\u0131\u015fay\u0131m dersin, al\u0131\u015famazs\u0131n bir t\u00fcrl\u00fc. Bedenin gelmi\u015ftir ama ruhunu b\u0131rakm\u0131\u015fs\u0131nd\u0131r \u00e7\u00fcnk\u00fc. Ne oraya aitsindir, ne buraya. Araf\u2019t\u0131r yerin. Araf\u2019ta Bir Hayat\u2019t\u0131r nasibin. Bitmeyen bir hasrettir ya\u015fad\u0131\u011f\u0131n \u00f6lene dek s\u00fcren. Demir almak g\u00fcn\u00fc geldi\u011finde hayat liman\u0131ndan g\u00f6t\u00fcrece\u011fin tek \u015fey yine \u00f6zlemdir. Gitmi\u015fsindir art\u0131k. \u0130ki farkl\u0131 mek\u00e2n iki farkl\u0131 hayat ya\u015fasan da hi\u00e7birine ait hissedememi\u015fsindir kendini. \u0130ki kere yabanc\u0131s\u0131nd\u0131r. Ne ge\u00e7mi\u015fte kalabilmi\u015f, ne gelece\u011fe ait olabilmi\u015fsindir. Ve zaman ilerler. Belki de y\u00fczy\u0131l ge\u00e7er, ya\u015fad\u0131\u011f\u0131n g\u00f6\u00e7\u00fcn \u00fczerinden. G\u00fcn gelir bazen \u00e7ocu\u011fun, bazen torunun bazen hat\u0131ra defterini tozlu raflarda bulmu\u015f bir yabanc\u0131 \u00e7\u0131kar, senin arafta\u2019ki hayat\u0131n\u0131 yazar. Herhangi bir roman\u0131n yahut bir hik\u00e2yenin kahraman\u0131 olmu\u015fsundur. H\u00fcz\u00fcnlenir bu eseri okuyan. Bir damla g\u00f6zya\u015f\u0131 s\u00fcz\u00fcl\u00fcr yanaklar\u0131na. Sensindir o. M\u00fcbadele\u2019dir ya\u015fad\u0131\u011f\u0131n. M\u00fcbadil\u2019dir ad\u0131n. Araf\u2019ta Bir Hayat\u2019t\u0131r d\u00fcnyaya b\u0131rakt\u0131\u011f\u0131n.<\/p>\n","protected":false},"excerpt":{"rendered":"<p>Bazen gidersin. Keyfiyet, aray\u0131\u015f ya da mecburiyettir gitmenin nedeni. Ama mecburiyetten gitmektir en zor olan. \u00c7\u00fcnk\u00fc sormazlar sana gider misin, kal\u0131r m\u0131s\u0131n diye. M\u00fcbadele\u2019dir ad\u0131. Bir\u00e7ok<span class=\"excerpt-hellip\"> [\u2026]<\/span><\/p>\n","protected":false},"featured_media":0,"template":"","meta":{"_monsterinsights_skip_tracking":false,"_monsterinsights_sitenote_active":false,"_monsterinsights_sitenote_note":"","_monsterinsights_sitenote_category":0},"product_brand":[],"product_cat":[13072,12291],"product_tag":[],"class_list":{"0":"post-758386","1":"product","2":"type-product","3":"status-publish","5":"product_cat-arastirma-inceleme-referans","6":"product_cat-edebiyat","7":"pa_cilt-ciltsiz","8":"pa_tur-kitap","9":"pa_yayinevi-telve-kitap","10":"pa_yazar-fatih-sakalli","12":"first","13":"instock","14":"sale","15":"shipping-taxable","16":"purchasable","17":"product-type-simple"},"_links":{"self":[{"href":"https:\/\/roveyayinevi.com.tr\/index.php\/wp-json\/wp\/v2\/product\/758386","targetHints":{"allow":["GET"]}}],"collection":[{"href":"https:\/\/roveyayinevi.com.tr\/index.php\/wp-json\/wp\/v2\/product"}],"about":[{"href":"https:\/\/roveyayinevi.com.tr\/index.php\/wp-json\/wp\/v2\/types\/product"}],"wp:attachment":[{"href":"https:\/\/roveyayinevi.com.tr\/index.php\/wp-json\/wp\/v2\/media?parent=758386"}],"wp:term":[{"taxonomy":"product_brand","embeddable":true,"href":"https:\/\/roveyayinevi.com.tr\/index.php\/wp-json\/wp\/v2\/product_brand?post=758386"},{"taxonomy":"product_cat","embeddable":true,"href":"https:\/\/roveyayinevi.com.tr\/index.php\/wp-json\/wp\/v2\/product_cat?post=758386"},{"taxonomy":"product_tag","embeddable":true,"href":"https:\/\/roveyayinevi.com.tr\/index.php\/wp-json\/wp\/v2\/product_tag?post=758386"}],"curies":[{"name":"wp","href":"https:\/\/api.w.org\/{rel}","templated":true}]}}