{"id":758385,"date":"2025-08-28T08:02:48","date_gmt":"2025-08-28T05:02:48","guid":{"rendered":"https:\/\/roveyayinevi.com.tr\/index.php\/urun\/takvimden-yapraklar\/"},"modified":"2026-04-16T03:11:23","modified_gmt":"2026-04-16T00:11:23","slug":"takvimden-yapraklar","status":"publish","type":"product","link":"https:\/\/roveyayinevi.com.tr\/index.php\/urun\/takvimden-yapraklar\/","title":{"rendered":"Takvimden Yapraklar"},"content":{"rendered":"<p>Mahmut Sad\u0131k ate\u015fli bir Me\u015frutiyet savunucusu olsa da yeni rejim y\u00f6netiminin t\u00fcm eylemlerini do\u011fru bulmaz ve ele\u015ftirmekten \u00e7ekinmez. Bilhassa yo\u011funla\u015ft\u0131\u011f\u0131 husus, geride b\u0131rak\u0131lan sans\u00fcr\/bask\u0131 d\u00f6nemininkine benzer uygulamalar\u0131n varl\u0131\u011f\u0131d\u0131r. II. Abd\u00fclhamid ve ricaline y\u00f6neltti\u011fi oklar kabineye hatta Meclis\u2019teki pek \u00e7ok vekile de y\u00f6neltmekten \u00e7ekinmez, toplumsal cehaletin, ilgisizlik ve bilgisizli\u011fin, keyfiyetin, bilin\u00e7sizli\u011fin, ileti\u015fimsizli\u011fin, \u015fekilcilik ve g\u00f6steri\u015fin, mevkinin getirdi\u011fi itibar\u0131n, f\u0131rsat\u00e7\u0131 zihniyetin kar\u015f\u0131s\u0131nda durur. \u00d6zg\u00fcrle\u015fmenin ger\u00e7ekle\u015fece\u011fi evrede k\u0131s\u0131tlamalara maruz kalman\u0131n Me\u015frutiyet\u2019in ruhuna uygun d\u00fc\u015fmedi\u011fini, bunun ilerlemeye engel te\u015fkil etti\u011fini d\u00fc\u015f\u00fcn\u00fcr. Bu do\u011frultuda \u00e7\u0131kart\u0131lmak \u00fczere olan Matbuat ve Serseri Nizamnamelerine de ele\u015ftirilerde bulunur. Ge\u00e7irilen son y\u00fcz senelik periyotta ilerleme kaydedilemedi\u011finden yak\u0131nan Mahmut Sad\u0131k, do\u011frulu\u011fu, adaleti, \u00f6zg\u00fcrl\u00fc\u011f\u00fc, birli\u011fi, refah\u0131, \u00e7al\u0131\u015fmay\u0131 ister. H\u00e2liyle i\u015fini d\u00fczg\u00fcn yapmayan yerel y\u00f6neticiler de sald\u0131r\u0131lar\u0131ndan nasibini al\u0131r. Yeniliklerin kal\u0131c\u0131 olmas\u0131n\u0131 arzulay\u0131p teklifler sunar, g\u00f6rd\u00fc\u011f\u00fc aksakl\u0131klara \u00e7\u00f6z\u00fcm \u00f6nerileri getirir, g\u00f6r\u00fc\u015f ayr\u0131l\u0131klar\u0131n\u0131n kitlesel eylemlere d\u00f6n\u00fc\u015fmesinden endi\u015fe duyup asayi\u015fin sa\u011flanmas\u0131 i\u00e7in \u00e7a\u011fr\u0131 yapar. Devrin en ciddi hadiselerinden 31 Mart Vakas\u0131na dair de\u011ferlendirmelerini de payla\u015fan yazar\u0131n d\u0131\u015f siyasete de\u011findi\u011fi ve kar\u015f\u0131la\u015ft\u0131rmalar yapt\u0131\u011f\u0131 g\u00f6r\u00fcl\u00fcr. Bunlar\u0131n yan\u0131nda millet ile Millet Meclisi ve milletin vekilleri aras\u0131ndaki uzakl\u0131\u011fa, muhataps\u0131zl\u0131\u011fa, liyakatsizli\u011fe, ger\u00e7e\u011fin \u00e7arp\u0131t\u0131lmas\u0131na, iltimasa tepki g\u00f6sterir.<\/p>\n","protected":false},"excerpt":{"rendered":"<p>Mahmut Sad\u0131k ate\u015fli bir Me\u015frutiyet savunucusu olsa da yeni rejim y\u00f6netiminin t\u00fcm eylemlerini do\u011fru bulmaz ve ele\u015ftirmekten \u00e7ekinmez. Bilhassa yo\u011funla\u015ft\u0131\u011f\u0131 husus, geride b\u0131rak\u0131lan sans\u00fcr\/bask\u0131 d\u00f6nemininkine benzer<span class=\"excerpt-hellip\"> [\u2026]<\/span><\/p>\n","protected":false},"featured_media":0,"template":"","meta":{"_monsterinsights_skip_tracking":false,"_monsterinsights_sitenote_active":false,"_monsterinsights_sitenote_note":"","_monsterinsights_sitenote_category":0},"product_brand":[],"product_cat":[13946,12304],"product_tag":[],"class_list":{"0":"post-758385","1":"product","2":"type-product","3":"status-publish","5":"product_cat-biyografi-otobiyografi","6":"product_cat-tarih","7":"pa_cilt-ciltsiz","8":"pa_tur-kitap","9":"pa_yayinevi-telve-kitap","10":"pa_yazar-mahmut-sadik","12":"first","13":"instock","14":"sale","15":"shipping-taxable","16":"purchasable","17":"product-type-simple"},"_links":{"self":[{"href":"https:\/\/roveyayinevi.com.tr\/index.php\/wp-json\/wp\/v2\/product\/758385","targetHints":{"allow":["GET"]}}],"collection":[{"href":"https:\/\/roveyayinevi.com.tr\/index.php\/wp-json\/wp\/v2\/product"}],"about":[{"href":"https:\/\/roveyayinevi.com.tr\/index.php\/wp-json\/wp\/v2\/types\/product"}],"wp:attachment":[{"href":"https:\/\/roveyayinevi.com.tr\/index.php\/wp-json\/wp\/v2\/media?parent=758385"}],"wp:term":[{"taxonomy":"product_brand","embeddable":true,"href":"https:\/\/roveyayinevi.com.tr\/index.php\/wp-json\/wp\/v2\/product_brand?post=758385"},{"taxonomy":"product_cat","embeddable":true,"href":"https:\/\/roveyayinevi.com.tr\/index.php\/wp-json\/wp\/v2\/product_cat?post=758385"},{"taxonomy":"product_tag","embeddable":true,"href":"https:\/\/roveyayinevi.com.tr\/index.php\/wp-json\/wp\/v2\/product_tag?post=758385"}],"curies":[{"name":"wp","href":"https:\/\/api.w.org\/{rel}","templated":true}]}}