{"id":758384,"date":"2025-08-28T08:02:47","date_gmt":"2025-08-28T05:02:47","guid":{"rendered":"https:\/\/roveyayinevi.com.tr\/index.php\/urun\/turk-egitim-dusunurleri\/"},"modified":"2026-04-03T03:14:55","modified_gmt":"2026-04-03T00:14:55","slug":"turk-egitim-dusunurleri","status":"publish","type":"product","link":"https:\/\/roveyayinevi.com.tr\/index.php\/urun\/turk-egitim-dusunurleri\/","title":{"rendered":"T\u00fcrk E\u011fitim D\u00fc\u015f\u00fcn\u00fcrleri"},"content":{"rendered":"<p>Bug\u00fcn \u00fclkemizin en \u00f6nemli sorunu e\u011fitimdir. Bir toplum, k\u00f6t\u00fc bir e\u011fitimle ya yerin dibine girer ya da iyi bir e\u011fitimle g\u00f6klere \u00e7\u0131kar. \u0130yi bir e\u011fitim ise ancak milletin k\u00f6kleri mazide olan, de\u011ferlerini dikkate alarak evrensel ilkeleri de g\u00f6z ard\u0131 etmeden olu\u015fturaca\u011f\u0131 bir e\u011fitim modeliyle m\u00fcmk\u00fcnd\u00fcr. Bunun i\u00e7in de ba\u015fvurulacak en \u00f6nemli kaynak \u015f\u00fcphesiz milletimizin tarihidir. Mill\u00ee ve evrensel e\u011fitime katk\u0131da bulunmu\u015f e\u011fitimcilerimizin tecr\u00fcbelerine ve g\u00f6r\u00fc\u015flerine ba\u015fvurmak mill\u00ee bir e\u011fitim politikas\u0131 olu\u015fturmak i\u00e7in muhakkak gereklidir. T\u00fcrk e\u011fitim d\u00fc\u015f\u00fcncesine katk\u0131da bulunmu\u015f y\u00fczlerce ayd\u0131n bulunmaktad\u0131r. Kitapta bu m\u00fctefekkirlerimizin 36 tanesinin biyografisine yer verilmi\u015f olup bunlar: Dede Korkut, Yusuf Has H\u00e2cib, Edip Ahmet Y\u00fcknek\u00ee, Ka\u015fgarl\u0131 Mahmud, F\u00e2r\u00e2b\u00ee, \u0130bn S\u00een\u00e2, Niz\u00e2m\u00fclm\u00fclk, Gaz\u00e2l\u00ee, Hoca Ahmed-i Yesev\u00ee, Ahi Evran-\u0131 Vel\u00ee, Hac\u0131 Bekta\u015f-\u0131 Vel\u00ee, Mevl\u00e2n\u00e2 Cel\u00e2ledd\u00een-i R\u00fbm\u00ee, Nasreddin Hoca, Yunus Emre, \u00c2\u015f\u0131k Pa\u015fa, Hac\u0131 Bayram-\u0131 Vel\u00ee, Amasyal\u0131 H\u00fcseyin O\u011flu Ali, K\u0131nal\u0131z\u00e2de Ali Efendi, K\u00e2tip \u00c7elebi, Erzurumlu \u0130brahim Hakk\u0131 Hazretleri, Selim Sabit Efendi, Gasp\u0131ral\u0131 \u0130smail, Emrullah Efendi, Ay\u015fe S\u0131d\u0131ka Han\u0131m, Ziya G\u00f6kalp, Prens Sabahaddin, Sat\u0131 Bey, Ethem Nejat, \u0130smay\u0131l Hakk\u0131 Baltac\u0131o\u011flu, Halil Fikret Kanad, \u0130smail Hakk\u0131 Tongu\u00e7, Mustafa Necati, Hasan Ali Y\u00fccel, H\u0131fz\u0131rrahman Ra\u015fit \u00d6ymen, Nurettin Top\u00e7u ve Seyit Ahmet Arv\u00e2s\u00ee\u2019dir. Kitab\u0131n T\u00fcrk e\u011fitimine g\u00f6n\u00fcl vermi\u015f akademisyen, \u00f6\u011fretmen ve \u00f6\u011fretmen adaylar\u0131na olduk\u00e7a faydal\u0131 olaca\u011f\u0131n\u0131 \u00fcmit etmekteyiz.<\/p>\n","protected":false},"excerpt":{"rendered":"<p>Bug\u00fcn \u00fclkemizin en \u00f6nemli sorunu e\u011fitimdir. Bir toplum, k\u00f6t\u00fc bir e\u011fitimle ya yerin dibine girer ya da iyi bir e\u011fitimle g\u00f6klere \u00e7\u0131kar. \u0130yi bir e\u011fitim ise<span class=\"excerpt-hellip\"> [\u2026]<\/span><\/p>\n","protected":false},"featured_media":0,"template":"","meta":{"_monsterinsights_skip_tracking":false,"_monsterinsights_sitenote_active":false,"_monsterinsights_sitenote_note":"","_monsterinsights_sitenote_category":0},"product_brand":[],"product_cat":[12567,12566],"product_tag":[],"class_list":{"0":"post-758384","1":"product","2":"type-product","3":"status-publish","5":"product_cat-diger-egitim","6":"product_cat-egitim","7":"pa_cilt-ciltsiz","8":"pa_tur-kitap","9":"pa_yayinevi-telve-kitap","10":"pa_yazar-cengiz-ozmen","12":"first","13":"instock","14":"sale","15":"shipping-taxable","16":"purchasable","17":"product-type-simple"},"_links":{"self":[{"href":"https:\/\/roveyayinevi.com.tr\/index.php\/wp-json\/wp\/v2\/product\/758384","targetHints":{"allow":["GET"]}}],"collection":[{"href":"https:\/\/roveyayinevi.com.tr\/index.php\/wp-json\/wp\/v2\/product"}],"about":[{"href":"https:\/\/roveyayinevi.com.tr\/index.php\/wp-json\/wp\/v2\/types\/product"}],"wp:attachment":[{"href":"https:\/\/roveyayinevi.com.tr\/index.php\/wp-json\/wp\/v2\/media?parent=758384"}],"wp:term":[{"taxonomy":"product_brand","embeddable":true,"href":"https:\/\/roveyayinevi.com.tr\/index.php\/wp-json\/wp\/v2\/product_brand?post=758384"},{"taxonomy":"product_cat","embeddable":true,"href":"https:\/\/roveyayinevi.com.tr\/index.php\/wp-json\/wp\/v2\/product_cat?post=758384"},{"taxonomy":"product_tag","embeddable":true,"href":"https:\/\/roveyayinevi.com.tr\/index.php\/wp-json\/wp\/v2\/product_tag?post=758384"}],"curies":[{"name":"wp","href":"https:\/\/api.w.org\/{rel}","templated":true}]}}