{"id":758383,"date":"2025-08-28T08:02:45","date_gmt":"2025-08-28T05:02:45","guid":{"rendered":"https:\/\/roveyayinevi.com.tr\/index.php\/urun\/koy-enstitulu-bir-sair-mehmet-basaranin-siir-dunyasi\/"},"modified":"2026-04-16T03:11:23","modified_gmt":"2026-04-16T00:11:23","slug":"koy-enstitulu-bir-sair-mehmet-basaranin-siir-dunyasi","status":"publish","type":"product","link":"https:\/\/roveyayinevi.com.tr\/index.php\/urun\/koy-enstitulu-bir-sair-mehmet-basaranin-siir-dunyasi\/","title":{"rendered":"K\u00f6y Enstit\u00fcl\u00fc Bir \u015eair: Mehmet Ba\u015faran&#8217;\u0131n \u015eiir D\u00fcnyas\u0131"},"content":{"rendered":"<p>\u201cK\u0131rk bin k\u00f6y\u00fcn en yoksullar\u0131n\u0131n birinden geliyordu Ba\u015faran. Kendi ya\u011f\u0131yla kavrulmu\u015f insanlar\u0131n sab\u0131rl\u0131 sessizli\u011fi h\u00e2l\u00e2 \u00fczerindeydi.Ba\u015faran \u015fiire dersten ka\u00e7\u0131p gelenlerden de\u011fildi. Bu tatl\u0131 bel\u00e2y\u0131 ba\u015f\u0131na ne zaman sarm\u0131\u015ft\u0131 bilmem, ama k\u0131sa bir zamanda, Almancay\u0131 s\u00f6kt\u00fcrd\u00fc\u011f\u00fc kadar k\u0131sa bir zaman da \u00e7\u0131rakl\u0131k devresini ge\u00e7irmi\u015f, sorumsuz \u015fair\u00e2nelikten dumanl\u0131 edebiyattan kurtulmu\u015ftu. Daha yeni \u015fairleri tan\u0131madan, yeni \u015fiirin arad\u0131\u011f\u0131 yal\u0131n s\u00f6z\u00fc sezinlemi\u015fti\u201d Sabahattin Eyubo\u011flu \u2013 \u015eair Ba\u015faran\u201cYal\u0131n, lirik, toplumcu bir \u015fiir. Konular\u0131n\u0131n k\u00f6y ya\u015fam\u0131ndan, k\u00f6y\u00fcn durumundan al\u0131n\u0131\u015flar\u0131, k\u0131rsal g\u00f6r\u00fcnt\u00fcler, bu \u015fiirlerin ba\u015fl\u0131ca \u00f6zelliklerinden. Mehmet Ba\u015faran\u2019\u0131n, konu\u015fma dilinden kaynaklanan tutkulu bir anlat\u0131m tonu var. En \u00f6nemli temalar\u0131ndan biri (Talip Apayd\u0131n\u2019\u0131n baz\u0131 \u015fiirlerinde oldu\u011fu gibi) lirik, yal\u0131n bir ya\u015fama sevgisi. T\u00fcrk\u00fclerden yararlan\u0131yor. Giderek daha g\u00fcncel \u00f6zellikler ta\u015f\u0131yan toplumcu bir \u015fiire y\u00f6neldi.\u201d Ataol Behramo\u011flu \u2013 Son Y\u00fczy\u0131l B\u00fcy\u00fck T\u00fcrk \u015eiiri Antolojisi\u201cBa\u015faran&#8217;\u0131 bundan iki sene evvel [1944\u2019te] tan\u0131m\u0131\u015ft\u0131m. O zamanlar \u015fiiri hep eski kal\u0131plar i\u00e7inde s\u00f6yl\u00fcyor, o kal\u0131plar\u0131n getirdi\u011fi hassasiyetin d\u0131\u015f\u0131na pek \u00e7akam\u0131yordu. \u0130ki seneden beri bu esaretten olduk\u00e7a kurtuldu. Vezinle kafiyenin d\u0131\u015f\u0131nda i\u015f sadece \u015fiire kald\u0131. Haz\u0131ra konmak istemeyen \u015fair, yeni s\u00f6yleyi\u015fler, yeni hassasiyetler aramak zorundad\u0131r. Bu aray\u0131\u015f onu daha \u00e7ok ustala\u015ft\u0131racak, hassasiyetini daha keskin bir hale getirecektir. Ba\u015faran&#8217;da da b\u00f6yle oldu. \u015eiirle ba\u015fba\u015fa kalmak onun hassasiyetini ne kadar bilemi\u015f\u2026\u201d Orhan Veli Kan\u0131k \u2013 \u00dclk\u00fc, Say\u0131 111 \u2013 1 May\u0131s 1946Bu kitap K\u00f6y Enstit\u00fcl\u00fc bir \u015fair olan Mehmet Ba\u015faran\u2019\u0131n \u015fiir d\u00fcnyas\u0131na odaklanmaktad\u0131r. Edebiyat tarihlerinde yer bul(a)mayan Ba\u015faran, ara\u015ft\u0131rmac\u0131lar taraf\u0131ndan tozlu kitap raflar\u0131na hapsedilen ve mecmualar\u0131n a\u00e7\u0131lmam\u0131\u015f sayfalar\u0131nda hat\u0131rlanmay\u0131 bekleyen bir \u015fairdir. Ayn\u0131 zamanda bir k\u00f6y \u00e7ocu\u011fu olan Ba\u015faran, K\u00f6y Enstit\u00fcleri ile tan\u0131\u015fmas\u0131yla ba\u015flayan \u015fiir hayat\u0131n\u0131 K\u00f6y Enstit\u00fcleri Dergisi, Y\u00fccel, Varl\u0131k ve Yeni Ufuklar gibi Cumhuriyet devri T\u00fcrk \u015fiir birikimin \u00f6nde gelen s\u00fcreli yay\u0131nlarda \u015fiirlerini yay\u0131mlayarak devam ettirir. M\u00fcstakil olarak 12 farkl\u0131 \u015fiir kitab\u0131 olan Ba\u015faran\u2019\u0131n \u015fiirleri k\u00f6y ger\u00e7e\u011fini yaz\u0131nsal d\u00fcnyaya ta\u015f\u0131r.Bu kitab\u0131n en b\u00fcy\u00fck \u00f6zelli\u011fi Ba\u015faran\u2019\u0131n \u015fairli\u011fi \u00fczerine yap\u0131lan ilk \u00e7al\u0131\u015fma olmas\u0131d\u0131r. Kitapta Ba\u015faran\u2019\u0131n hayat\u0131na dair umumi bilgilerin yan\u0131 s\u0131ra onun sanat anlay\u0131\u015f\u0131na odaklan\u0131lmakla birlikte Ba\u015faran\u2019\u0131n \u015fairli\u011fi ve \u015fiirleri detayl\u0131 bir \u015fekilde incelenmi\u015f ve \u015fiirlerine analitik bir bak\u0131\u015fla yakla\u015f\u0131lm\u0131\u015ft\u0131r. Ayr\u0131ca onun mecmualarda kalan baz\u0131 \u015fiirleri de okuyucuyla payla\u015f\u0131lm\u0131\u015ft\u0131r.<\/p>\n","protected":false},"excerpt":{"rendered":"<p>\u201cK\u0131rk bin k\u00f6y\u00fcn en yoksullar\u0131n\u0131n birinden geliyordu Ba\u015faran. Kendi ya\u011f\u0131yla kavrulmu\u015f insanlar\u0131n sab\u0131rl\u0131 sessizli\u011fi h\u00e2l\u00e2 \u00fczerindeydi.Ba\u015faran \u015fiire dersten ka\u00e7\u0131p gelenlerden de\u011fildi. Bu tatl\u0131 bel\u00e2y\u0131 ba\u015f\u0131na ne<span class=\"excerpt-hellip\"> [\u2026]<\/span><\/p>\n","protected":false},"featured_media":0,"template":"","meta":{"_monsterinsights_skip_tracking":false,"_monsterinsights_sitenote_active":false,"_monsterinsights_sitenote_note":"","_monsterinsights_sitenote_category":0},"product_brand":[],"product_cat":[13072,12291],"product_tag":[],"class_list":{"0":"post-758383","1":"product","2":"type-product","3":"status-publish","5":"product_cat-arastirma-inceleme-referans","6":"product_cat-edebiyat","7":"pa_cilt-ciltsiz","8":"pa_tur-kitap","9":"pa_yayinevi-telve-kitap","10":"pa_yazar-dincer-atay","12":"first","13":"instock","14":"sale","15":"shipping-taxable","16":"purchasable","17":"product-type-simple"},"_links":{"self":[{"href":"https:\/\/roveyayinevi.com.tr\/index.php\/wp-json\/wp\/v2\/product\/758383","targetHints":{"allow":["GET"]}}],"collection":[{"href":"https:\/\/roveyayinevi.com.tr\/index.php\/wp-json\/wp\/v2\/product"}],"about":[{"href":"https:\/\/roveyayinevi.com.tr\/index.php\/wp-json\/wp\/v2\/types\/product"}],"wp:attachment":[{"href":"https:\/\/roveyayinevi.com.tr\/index.php\/wp-json\/wp\/v2\/media?parent=758383"}],"wp:term":[{"taxonomy":"product_brand","embeddable":true,"href":"https:\/\/roveyayinevi.com.tr\/index.php\/wp-json\/wp\/v2\/product_brand?post=758383"},{"taxonomy":"product_cat","embeddable":true,"href":"https:\/\/roveyayinevi.com.tr\/index.php\/wp-json\/wp\/v2\/product_cat?post=758383"},{"taxonomy":"product_tag","embeddable":true,"href":"https:\/\/roveyayinevi.com.tr\/index.php\/wp-json\/wp\/v2\/product_tag?post=758383"}],"curies":[{"name":"wp","href":"https:\/\/api.w.org\/{rel}","templated":true}]}}