{"id":758381,"date":"2025-08-28T08:02:40","date_gmt":"2025-08-28T05:02:40","guid":{"rendered":"https:\/\/roveyayinevi.com.tr\/index.php\/urun\/dag-martisi\/"},"modified":"2026-04-03T03:14:55","modified_gmt":"2026-04-03T00:14:55","slug":"dag-martisi","status":"publish","type":"product","link":"https:\/\/roveyayinevi.com.tr\/index.php\/urun\/dag-martisi\/","title":{"rendered":"Da\u011f Mart\u0131s\u0131"},"content":{"rendered":"<p>Da\u011f Mart\u0131s\u0131, Artvin\u2019in ve \u00f6zellikle Ardanu\u00e7\u2019un da\u011flar\u0131nda, yok olmaya y\u00fcz tutmu\u015f ya\u015famlar ve s\u00f6zl\u00fc k\u00fclt\u00fcr \u00fczerine \u00f6zel bir kurgu. Yar\u0131 g\u00f6\u00e7ebe ya\u015fant\u0131yla \u00e7a\u011f\u0131n de\u011ferleri aras\u0131ndaki gerilime odaklanan roman, okurun \u00f6n\u00fcne derinlikli insan durumlar\u0131 serimliyor.<\/p>\n","protected":false},"excerpt":{"rendered":"<p>Da\u011f Mart\u0131s\u0131, Artvin\u2019in ve \u00f6zellikle Ardanu\u00e7\u2019un da\u011flar\u0131nda, yok olmaya y\u00fcz tutmu\u015f ya\u015famlar ve s\u00f6zl\u00fc k\u00fclt\u00fcr \u00fczerine \u00f6zel bir kurgu. Yar\u0131 g\u00f6\u00e7ebe ya\u015fant\u0131yla \u00e7a\u011f\u0131n de\u011ferleri aras\u0131ndaki gerilime<span class=\"excerpt-hellip\"> [\u2026]<\/span><\/p>\n","protected":false},"featured_media":0,"template":"","meta":{"_monsterinsights_skip_tracking":false,"_monsterinsights_sitenote_active":false,"_monsterinsights_sitenote_note":"","_monsterinsights_sitenote_category":0},"product_brand":[],"product_cat":[12291,12711],"product_tag":[],"class_list":{"0":"post-758381","1":"product","2":"type-product","3":"status-publish","5":"product_cat-edebiyat","6":"product_cat-roman-oyku","7":"pa_cilt-ciltsiz","8":"pa_tur-kitap","9":"pa_yayinevi-telve-kitap","10":"pa_yazar-sener-aksu","12":"first","13":"instock","14":"sale","15":"shipping-taxable","16":"purchasable","17":"product-type-simple"},"_links":{"self":[{"href":"https:\/\/roveyayinevi.com.tr\/index.php\/wp-json\/wp\/v2\/product\/758381","targetHints":{"allow":["GET"]}}],"collection":[{"href":"https:\/\/roveyayinevi.com.tr\/index.php\/wp-json\/wp\/v2\/product"}],"about":[{"href":"https:\/\/roveyayinevi.com.tr\/index.php\/wp-json\/wp\/v2\/types\/product"}],"wp:attachment":[{"href":"https:\/\/roveyayinevi.com.tr\/index.php\/wp-json\/wp\/v2\/media?parent=758381"}],"wp:term":[{"taxonomy":"product_brand","embeddable":true,"href":"https:\/\/roveyayinevi.com.tr\/index.php\/wp-json\/wp\/v2\/product_brand?post=758381"},{"taxonomy":"product_cat","embeddable":true,"href":"https:\/\/roveyayinevi.com.tr\/index.php\/wp-json\/wp\/v2\/product_cat?post=758381"},{"taxonomy":"product_tag","embeddable":true,"href":"https:\/\/roveyayinevi.com.tr\/index.php\/wp-json\/wp\/v2\/product_tag?post=758381"}],"curies":[{"name":"wp","href":"https:\/\/api.w.org\/{rel}","templated":true}]}}