{"id":758379,"date":"2025-08-28T08:02:37","date_gmt":"2025-08-28T05:02:37","guid":{"rendered":"https:\/\/roveyayinevi.com.tr\/index.php\/urun\/7-kutsal-aycicegi\/"},"modified":"2026-04-16T03:11:23","modified_gmt":"2026-04-16T00:11:23","slug":"7-kutsal-aycicegi","status":"publish","type":"product","link":"https:\/\/roveyayinevi.com.tr\/index.php\/urun\/7-kutsal-aycicegi\/","title":{"rendered":"7 Kutsal Ay\u00e7i\u00e7e\u011fi"},"content":{"rendered":"<p>\u015eairlik bir ya\u015fam bi\u00e7imi ve \u015fiire bir kez bula\u015fm\u0131\u015fsan\u0131z kolay kolay vazge\u00e7emezsiniz. Ancak \u015fiir kitab\u0131 yay\u0131mlamaktan vazge\u00e7ebilirsiniz. \u015eener Aksu, bu kitapla \u015fiir kitab\u0131 yay\u0131mlamaktan vazge\u00e7meyi umuyor\u2026 Siz de bu sona tan\u0131kl\u0131k etmek ister misiniz?<\/p>\n","protected":false},"excerpt":{"rendered":"<p>\u015eairlik bir ya\u015fam bi\u00e7imi ve \u015fiire bir kez bula\u015fm\u0131\u015fsan\u0131z kolay kolay vazge\u00e7emezsiniz. Ancak \u015fiir kitab\u0131 yay\u0131mlamaktan vazge\u00e7ebilirsiniz. \u015eener Aksu, bu kitapla \u015fiir kitab\u0131 yay\u0131mlamaktan vazge\u00e7meyi umuyor\u2026<span class=\"excerpt-hellip\"> [\u2026]<\/span><\/p>\n","protected":false},"featured_media":0,"template":"","meta":{"_monsterinsights_skip_tracking":false,"_monsterinsights_sitenote_active":false,"_monsterinsights_sitenote_note":"","_monsterinsights_sitenote_category":0},"product_brand":[],"product_cat":[12777,12291],"product_tag":[],"class_list":{"0":"post-758379","1":"product","2":"type-product","3":"status-publish","5":"product_cat-deneme","6":"product_cat-edebiyat","7":"pa_cilt-ciltsiz","8":"pa_tur-kitap","9":"pa_yayinevi-telve-kitap","10":"pa_yazar-sener-aksu","12":"first","13":"instock","14":"sale","15":"shipping-taxable","16":"purchasable","17":"product-type-simple"},"_links":{"self":[{"href":"https:\/\/roveyayinevi.com.tr\/index.php\/wp-json\/wp\/v2\/product\/758379","targetHints":{"allow":["GET"]}}],"collection":[{"href":"https:\/\/roveyayinevi.com.tr\/index.php\/wp-json\/wp\/v2\/product"}],"about":[{"href":"https:\/\/roveyayinevi.com.tr\/index.php\/wp-json\/wp\/v2\/types\/product"}],"wp:attachment":[{"href":"https:\/\/roveyayinevi.com.tr\/index.php\/wp-json\/wp\/v2\/media?parent=758379"}],"wp:term":[{"taxonomy":"product_brand","embeddable":true,"href":"https:\/\/roveyayinevi.com.tr\/index.php\/wp-json\/wp\/v2\/product_brand?post=758379"},{"taxonomy":"product_cat","embeddable":true,"href":"https:\/\/roveyayinevi.com.tr\/index.php\/wp-json\/wp\/v2\/product_cat?post=758379"},{"taxonomy":"product_tag","embeddable":true,"href":"https:\/\/roveyayinevi.com.tr\/index.php\/wp-json\/wp\/v2\/product_tag?post=758379"}],"curies":[{"name":"wp","href":"https:\/\/api.w.org\/{rel}","templated":true}]}}