{"id":758374,"date":"2025-08-28T08:02:27","date_gmt":"2025-08-28T05:02:27","guid":{"rendered":"https:\/\/roveyayinevi.com.tr\/index.php\/urun\/metamorfozlar\/"},"modified":"2026-04-16T03:11:23","modified_gmt":"2026-04-16T00:11:23","slug":"metamorfozlar","status":"publish","type":"product","link":"https:\/\/roveyayinevi.com.tr\/index.php\/urun\/metamorfozlar\/","title":{"rendered":"Metamorfozlar"},"content":{"rendered":"<p>Emmanuel Coccia t\u00fcrl\u00fc \u00e7evresel felaketle ku\u015fat\u0131ld\u0131\u011f\u0131m\u0131z, muhtemelen daha da fazlas\u0131n\u0131n kap\u0131m\u0131zda oldu\u011fu bir \u00e7a\u011fda canl\u0131 varl\u0131klar\u0131n ve gezegenin varolu\u015funu metamorfoz \u00fczerinden okuyarak insan merkezli bir ekoloji fikrine kar\u015f\u0131 \u00e7\u0131k\u0131yor. Hi\u00e7bir canl\u0131n\u0131n ya\u015fam\u0131n\u0131n kendi do\u011fumuyla ba\u015flamad\u0131\u011f\u0131n\u0131, hik\u00e2yenin bundan \u00e7ok daha eski oldu\u011funu, yery\u00fcz\u00fc \u00fczerindeki her varl\u0131\u011f\u0131n bir ve ayn\u0131 ya\u015fam\u0131 payla\u015ft\u0131klar\u0131n\u0131 anlat\u0131yor. Biricik zannetti\u011fimiz ya\u015fam\u0131m\u0131z\u0131 yery\u00fcz\u00fcndeki canl\u0131 cans\u0131z her \u015feyle payla\u015ft\u0131\u011f\u0131m\u0131z gibi, bize ait oldu\u011funu d\u00fc\u015f\u00fcnd\u00fc\u011f\u00fcm\u00fcz bedenimiz de bizlere, bizden \u00f6ncekiler taraf\u0131ndan bah\u015fedilmi\u015f. Metamorfozun hi\u00e7bir zaman sona ermeyece\u011fini kabul edersek, do\u011fumu bir ba\u015flang\u0131\u00e7, \u00f6l\u00fcm\u00fcyse son gibi g\u00f6rmek imk\u00e2ns\u0131zla\u015f\u0131yor. \u0130nsan ve insan d\u0131\u015f\u0131 varl\u0131klar aras\u0131ndaki hayali ve tehlikeli ayr\u0131m\u0131 ortadan kald\u0131ran Metamorfozlar insan\u0131, kendi kendini yerle\u015ftirdi\u011fi ayr\u0131cal\u0131kl\u0131 konumundan indirerek ya\u015fama ve varolu\u015fa dair \u015fa\u015f\u0131rt\u0131c\u0131 bir perspektif sunuyor. Edebiyattan felsefeye, entomolojiden botani\u011fe uzanan kitap, disiplinleraras\u0131 yakla\u015f\u0131m\u0131 ve \u015fiirsel diliyle bizi metamorfoz \u00fczerine d\u00fc\u015f\u00fcnmeye, ya\u015fama dair bildi\u011fimiz \u015feyleri sorgulamaya \u00e7a\u011f\u0131r\u0131yor.                                                                              <\/p>\n","protected":false},"excerpt":{"rendered":"<p>Emmanuel Coccia t\u00fcrl\u00fc \u00e7evresel felaketle ku\u015fat\u0131ld\u0131\u011f\u0131m\u0131z, muhtemelen daha da fazlas\u0131n\u0131n kap\u0131m\u0131zda oldu\u011fu bir \u00e7a\u011fda canl\u0131 varl\u0131klar\u0131n ve gezegenin varolu\u015funu metamorfoz \u00fczerinden okuyarak insan merkezli bir ekoloji<span class=\"excerpt-hellip\"> [\u2026]<\/span><\/p>\n","protected":false},"featured_media":0,"template":"","meta":{"_monsterinsights_skip_tracking":false,"_monsterinsights_sitenote_active":false,"_monsterinsights_sitenote_note":"","_monsterinsights_sitenote_category":0},"product_brand":[],"product_cat":[13005,13010],"product_tag":[],"class_list":{"0":"post-758374","1":"product","2":"type-product","3":"status-publish","5":"product_cat-bilim-muhendislik","6":"product_cat-doga-bilimleri","7":"pa_cilt-ciltsiz","8":"pa_tur-kitap","9":"pa_yayinevi-is-bankasi-kultur-yayinlari","10":"pa_yazar-emanuele-coccia","12":"first","13":"instock","14":"sale","15":"shipping-taxable","16":"purchasable","17":"product-type-simple"},"_links":{"self":[{"href":"https:\/\/roveyayinevi.com.tr\/index.php\/wp-json\/wp\/v2\/product\/758374","targetHints":{"allow":["GET"]}}],"collection":[{"href":"https:\/\/roveyayinevi.com.tr\/index.php\/wp-json\/wp\/v2\/product"}],"about":[{"href":"https:\/\/roveyayinevi.com.tr\/index.php\/wp-json\/wp\/v2\/types\/product"}],"wp:attachment":[{"href":"https:\/\/roveyayinevi.com.tr\/index.php\/wp-json\/wp\/v2\/media?parent=758374"}],"wp:term":[{"taxonomy":"product_brand","embeddable":true,"href":"https:\/\/roveyayinevi.com.tr\/index.php\/wp-json\/wp\/v2\/product_brand?post=758374"},{"taxonomy":"product_cat","embeddable":true,"href":"https:\/\/roveyayinevi.com.tr\/index.php\/wp-json\/wp\/v2\/product_cat?post=758374"},{"taxonomy":"product_tag","embeddable":true,"href":"https:\/\/roveyayinevi.com.tr\/index.php\/wp-json\/wp\/v2\/product_tag?post=758374"}],"curies":[{"name":"wp","href":"https:\/\/api.w.org\/{rel}","templated":true}]}}