{"id":758369,"date":"2025-08-28T08:02:17","date_gmt":"2025-08-28T05:02:17","guid":{"rendered":"https:\/\/roveyayinevi.com.tr\/index.php\/urun\/winx-efsanesi-kader-atesi-yakmak\/"},"modified":"2026-04-16T03:11:23","modified_gmt":"2026-04-16T00:11:23","slug":"winx-efsanesi-kader-atesi-yakmak","status":"publish","type":"product","link":"https:\/\/roveyayinevi.com.tr\/index.php\/urun\/winx-efsanesi-kader-atesi-yakmak\/","title":{"rendered":"Winx Efsanesi Kader &#8211; Ate\u015fi Yakmak"},"content":{"rendered":"<p>Alfea\u2019da e\u011fitim g\u00f6ren Stella, Sky, Riven ve Terra\u2019n\u0131n bilmedi\u011finiz d\u00fcnyalar\u0131n\u0131 ke\u015ffedin; Aisha, Musa ve Bloom\u2019un okula ba\u015flamadan \u00f6nceki ya\u015famlar\u0131na tan\u0131k olun.   M\u00fcd\u00fcr Dowling, gelecek y\u0131l Alfea\u2019ya kat\u0131lacak \u00f6\u011frenciler i\u00e7in bir tan\u0131t\u0131m g\u00fcn\u00fc d\u00fczenleyecektir. Stella, yeni \u00f6\u011frencileri kar\u015f\u0131lamak i\u00e7in komite ba\u015fkanl\u0131\u011f\u0131n\u0131 \u00fcstlenip erkek arkada\u015f\u0131 Sky\u2019\u0131n yard\u0131m\u0131n\u0131 ister. Ancak Sky, huysuz oda arkada\u015f\u0131 Riven\u2019\u0131n tuhafl\u0131klar\u0131yla u\u011fra\u015fmak zorundad\u0131r.   Herkesin hayallerini s\u00fcsleyen bu okula ilk kez ad\u0131m atacak olan Aisha, Musa ve Terra, onlar\u0131 neyin bekledi\u011fi konusunda endi\u015felidir. Su Perisi Aisha, yeteneklerini herkese g\u00f6sterme niyetindedir. Zihin Perisi Musa, bu kadar \u00e7ok insanla bir arada olmak isteyip istemedi\u011fine karar vermeye \u00e7al\u0131\u015f\u0131rken Terra\u2019n\u0131n ise tek bir derdi vard\u0131r: Arkada\u015f bulmak.   Bu arada M\u00fcd\u00fcr Dowling, insanlar\u0131n d\u00fcnyas\u0131nda ya\u015fayan bir peri hakk\u0131nda gizli bir bilgiye ula\u015f\u0131r. Bloom ad\u0131ndaki bu k\u0131z periler d\u00fcnyas\u0131ndan ve kendi yeteneklerinden habersiz olsa da hayat\u0131 \u00e7ok yak\u0131nda tamamen de\u011fi\u015fecektir.   Muhte\u015fem NETFLIX dizisi Winx Efsanesi: Kader\u2019in daha \u00f6nce hi\u00e7 anlat\u0131lmam\u0131\u015f hik\u00e2yelerini su y\u00fcz\u00fcne \u00e7\u0131karan bu kitab\u0131 \u00e7ok seveceksiniz! Periler Diyar\u0131\u2019n\u0131n gizemli okulu Alfea\u2019n\u0131n derinliklerine inmeye haz\u0131r m\u0131s\u0131n\u0131z?<\/p>\n","protected":false},"excerpt":{"rendered":"<p>Alfea\u2019da e\u011fitim g\u00f6ren Stella, Sky, Riven ve Terra\u2019n\u0131n bilmedi\u011finiz d\u00fcnyalar\u0131n\u0131 ke\u015ffedin; Aisha, Musa ve Bloom\u2019un okula ba\u015flamadan \u00f6nceki ya\u015famlar\u0131na tan\u0131k olun. M\u00fcd\u00fcr Dowling, gelecek y\u0131l Alfea\u2019ya<span class=\"excerpt-hellip\"> [\u2026]<\/span><\/p>\n","protected":false},"featured_media":0,"template":"","meta":{"_monsterinsights_skip_tracking":false,"_monsterinsights_sitenote_active":false,"_monsterinsights_sitenote_note":"","_monsterinsights_sitenote_category":0},"product_brand":[],"product_cat":[12291,14777],"product_tag":[],"class_list":{"0":"post-758369","1":"product","2":"type-product","3":"status-publish","5":"product_cat-edebiyat","6":"product_cat-fantastik","7":"pa_cilt-ciltsiz","8":"pa_tur-kitap","9":"pa_yayinevi-epsilon-yayinlari","10":"pa_yazar-sarah-rees-brennan","12":"first","13":"instock","14":"sale","15":"shipping-taxable","16":"purchasable","17":"product-type-simple"},"_links":{"self":[{"href":"https:\/\/roveyayinevi.com.tr\/index.php\/wp-json\/wp\/v2\/product\/758369","targetHints":{"allow":["GET"]}}],"collection":[{"href":"https:\/\/roveyayinevi.com.tr\/index.php\/wp-json\/wp\/v2\/product"}],"about":[{"href":"https:\/\/roveyayinevi.com.tr\/index.php\/wp-json\/wp\/v2\/types\/product"}],"wp:attachment":[{"href":"https:\/\/roveyayinevi.com.tr\/index.php\/wp-json\/wp\/v2\/media?parent=758369"}],"wp:term":[{"taxonomy":"product_brand","embeddable":true,"href":"https:\/\/roveyayinevi.com.tr\/index.php\/wp-json\/wp\/v2\/product_brand?post=758369"},{"taxonomy":"product_cat","embeddable":true,"href":"https:\/\/roveyayinevi.com.tr\/index.php\/wp-json\/wp\/v2\/product_cat?post=758369"},{"taxonomy":"product_tag","embeddable":true,"href":"https:\/\/roveyayinevi.com.tr\/index.php\/wp-json\/wp\/v2\/product_tag?post=758369"}],"curies":[{"name":"wp","href":"https:\/\/api.w.org\/{rel}","templated":true}]}}