{"id":758368,"date":"2025-08-28T08:02:15","date_gmt":"2025-08-28T05:02:15","guid":{"rendered":"https:\/\/roveyayinevi.com.tr\/index.php\/urun\/eski-sevgili-2\/"},"modified":"2026-04-16T03:11:23","modified_gmt":"2026-04-16T00:11:23","slug":"eski-sevgili-2","status":"publish","type":"product","link":"https:\/\/roveyayinevi.com.tr\/index.php\/urun\/eski-sevgili-2\/","title":{"rendered":"Eski Sevgili"},"content":{"rendered":"<p>\u201cLeyl\u00e2 Erbil\u2019in ilk novellas\u0131 olan Eski Sevgili\u2019deki ayn\u0131 adl\u0131 uzun metin 1973-76 tarihlidir. Novella bi\u00e7imi, hayat k\u0131s\u0131tlan\u0131r ve olas\u0131l\u0131klar teker teker s\u00f6nerken bile bu olas\u0131l\u0131klar\u0131n titre\u015fiminin hissedilmesine f\u0131rsat verir. [Bu ilk novelladaki] modern \u00f6znenin etkisiz ve yabanc\u0131la\u015fm\u0131\u015f zihinselli\u011fi, bu zihinsellikten geri \u00e7ekilerek de\u011fil, tersine onu daha da ileriye g\u00f6t\u00fcrerek ele\u015ftirilmekte ve \u2018demonte\u2019 edilmektedir. Ele\u015ftiriyi yapan, tuzukuru bir tecr\u00fcbe de\u011fil, kendi \u00e7eli\u015fki ve zaaflar\u0131n\u0131n s\u00fcrekli fark\u0131nda olan o geni\u015flemi\u015f, ama etkisiz i\u00e7selliktir. \u00d6zne, kendininkiler de dahil, b\u00fct\u00fcn ruhsal saiklerin fark\u0131ndad\u0131r, hem de o y\u00fck\u00fc \u00f6nemsemeyecek kadar \u2018a\u015fm\u0131\u015ft\u0131r\u2019 ve \u015fimdi de bu a\u015fman\u0131n nihai temelsizli\u011finin fark\u0131ndad\u0131r. \u2018\u00c7ileke\u015f\u2019 motifi de C\u00fcce\u2019den \u00e7ok \u00f6nce ilk kez burada devreye girer \u2013demonte edilmek \u00fczere. D\u00fcnyadan ve arzudan elini ete\u011fini \u00e7ekmi\u015f \u00e7ileke\u015f fig\u00fcr\u00fc, herhangi bir somut nesneyle yetinemeyecek kadar azg\u0131nla\u015fm\u0131\u015f bir \u2018metafizik arzu\u2019nun (Rene Girard) \u00f6znesidir asl\u0131nda. \u201d                                                                                                                                                               Orhan Ko\u00e7ak.<\/p>\n","protected":false},"excerpt":{"rendered":"<p>\u201cLeyl\u00e2 Erbil\u2019in ilk novellas\u0131 olan Eski Sevgili\u2019deki ayn\u0131 adl\u0131 uzun metin 1973-76 tarihlidir. Novella bi\u00e7imi, hayat k\u0131s\u0131tlan\u0131r ve olas\u0131l\u0131klar teker teker s\u00f6nerken bile bu olas\u0131l\u0131klar\u0131n titre\u015fiminin<span class=\"excerpt-hellip\"> [\u2026]<\/span><\/p>\n","protected":false},"featured_media":0,"template":"","meta":{"_monsterinsights_skip_tracking":false,"_monsterinsights_sitenote_active":false,"_monsterinsights_sitenote_note":"","_monsterinsights_sitenote_category":0},"product_brand":[],"product_cat":[12291,12711],"product_tag":[],"class_list":{"0":"post-758368","1":"product","2":"type-product","3":"status-publish","5":"product_cat-edebiyat","6":"product_cat-roman-oyku","7":"pa_cilt-ciltsiz","8":"pa_tur-kitap","9":"pa_yayinevi-is-bankasi-kultur-yayinlari","10":"pa_yazar-leyla-erbil","12":"first","13":"instock","14":"sale","15":"shipping-taxable","16":"purchasable","17":"product-type-simple"},"_links":{"self":[{"href":"https:\/\/roveyayinevi.com.tr\/index.php\/wp-json\/wp\/v2\/product\/758368","targetHints":{"allow":["GET"]}}],"collection":[{"href":"https:\/\/roveyayinevi.com.tr\/index.php\/wp-json\/wp\/v2\/product"}],"about":[{"href":"https:\/\/roveyayinevi.com.tr\/index.php\/wp-json\/wp\/v2\/types\/product"}],"wp:attachment":[{"href":"https:\/\/roveyayinevi.com.tr\/index.php\/wp-json\/wp\/v2\/media?parent=758368"}],"wp:term":[{"taxonomy":"product_brand","embeddable":true,"href":"https:\/\/roveyayinevi.com.tr\/index.php\/wp-json\/wp\/v2\/product_brand?post=758368"},{"taxonomy":"product_cat","embeddable":true,"href":"https:\/\/roveyayinevi.com.tr\/index.php\/wp-json\/wp\/v2\/product_cat?post=758368"},{"taxonomy":"product_tag","embeddable":true,"href":"https:\/\/roveyayinevi.com.tr\/index.php\/wp-json\/wp\/v2\/product_tag?post=758368"}],"curies":[{"name":"wp","href":"https:\/\/api.w.org\/{rel}","templated":true}]}}