{"id":758364,"date":"2025-08-28T08:02:06","date_gmt":"2025-08-28T05:02:06","guid":{"rendered":"https:\/\/roveyayinevi.com.tr\/index.php\/urun\/lobotomistin-karisi\/"},"modified":"2026-04-16T03:11:23","modified_gmt":"2026-04-16T00:11:23","slug":"lobotomistin-karisi","status":"publish","type":"product","link":"https:\/\/roveyayinevi.com.tr\/index.php\/urun\/lobotomistin-karisi\/","title":{"rendered":"Lobotomistin Kar\u0131s\u0131"},"content":{"rendered":"<p>Ak\u0131l hastal\u0131klar\u0131 tedavisindeheyecan verici zamanlar.Psikiyatride \u00e7\u0131\u011f\u0131r a\u00e7an bir bulu\u015f.Yap\u0131m a\u015famas\u0131nda bir k\u00e2bus.Di\u011fer ad\u0131yla lobotomi.   Birinci D\u00fcnya Sava\u015f\u0131\u2019ndan sonra, karde\u015fi hayat\u0131na son verdi\u011finden beri Ruth Emeraldine\u2019in tek bir amac\u0131 vard\u0131r: ak\u0131l hastal\u0131\u011f\u0131ndan mustarip olanlara yard\u0131m etmek. Gen\u00e7 kad\u0131n \u00e7ok ge\u00e7meden lobotomiyi savunan Doktor Robert Apter\u2019a \u00e2\u015f\u0131k olur ve onun mucizevi g\u00f6r\u00fcnen bu yeni tedavinin d\u00e2hi \u00f6nc\u00fcs\u00fc oldu\u011funu d\u00fc\u015f\u00fcn\u00fcr. Fakat kocas\u0131 aldat\u0131c\u0131 bir megalomaniye s\u00fcr\u00fcklenirken, gen\u00e7 kad\u0131n\u0131n duydu\u011fu \u015f\u00fcpheler giderek artar\u2026 Robert hastalar\u0131 pervas\u0131zca ameliyat etmekte ve \u00e7o\u011fu zaman korkun\u00e7 sonu\u00e7lar almaktad\u0131r. Margaret Baxter ise onun bir sonraki kurban\u0131d\u0131r. Margaret, b\u0131rak\u0131n bebe\u011fiyle ilgilenmeyi, yata\u011f\u0131ndan bile zar zor kalkabilmektedir. Doktor Apter bu durumu do\u011fum sonras\u0131 depresyonuna ba\u011flay\u0131p ona lobotomi yapmay\u0131 \u00f6nerdi\u011finde, gen\u00e7 kad\u0131n bunun tek umudu oldu\u011funa inan\u0131r. Onu ve di\u011fer bir\u00e7ok ki\u015fiyi, Robert\u2019\u0131n ac\u0131 verici planlar\u0131ndan kurtarabilecek tek isim Ruth Emeraldine\u2019dir. Kimse k\u00f6t\u00fcl\u00fc\u011f\u00fc, k\u00f6t\u00fcl\u00fck olarak g\u00f6rd\u00fc\u011f\u00fc i\u00e7in se\u00e7mez.Onu ya mutlulukla kar\u0131\u015ft\u0131r\u0131r ya da pe\u015finde oldu\u011fu bir iyilikle.\u2014Mary Wollstonecraft <\/p>\n","protected":false},"excerpt":{"rendered":"<p>Ak\u0131l hastal\u0131klar\u0131 tedavisindeheyecan verici zamanlar.Psikiyatride \u00e7\u0131\u011f\u0131r a\u00e7an bir bulu\u015f.Yap\u0131m a\u015famas\u0131nda bir k\u00e2bus.Di\u011fer ad\u0131yla lobotomi. Birinci D\u00fcnya Sava\u015f\u0131\u2019ndan sonra, karde\u015fi hayat\u0131na son verdi\u011finden beri Ruth Emeraldine\u2019in tek<span class=\"excerpt-hellip\"> [\u2026]<\/span><\/p>\n","protected":false},"featured_media":0,"template":"","meta":{"_monsterinsights_skip_tracking":false,"_monsterinsights_sitenote_active":false,"_monsterinsights_sitenote_note":"","_monsterinsights_sitenote_category":0},"product_brand":[],"product_cat":[12291,12711],"product_tag":[],"class_list":{"0":"post-758364","1":"product","2":"type-product","3":"status-publish","5":"product_cat-edebiyat","6":"product_cat-roman-oyku","7":"pa_cilt-ciltsiz","8":"pa_tur-kitap","9":"pa_yayinevi-serenad-yayinevi","10":"pa_yazar-samantha-greene-woodruff","12":"first","13":"instock","14":"sale","15":"shipping-taxable","16":"purchasable","17":"product-type-simple"},"_links":{"self":[{"href":"https:\/\/roveyayinevi.com.tr\/index.php\/wp-json\/wp\/v2\/product\/758364","targetHints":{"allow":["GET"]}}],"collection":[{"href":"https:\/\/roveyayinevi.com.tr\/index.php\/wp-json\/wp\/v2\/product"}],"about":[{"href":"https:\/\/roveyayinevi.com.tr\/index.php\/wp-json\/wp\/v2\/types\/product"}],"wp:attachment":[{"href":"https:\/\/roveyayinevi.com.tr\/index.php\/wp-json\/wp\/v2\/media?parent=758364"}],"wp:term":[{"taxonomy":"product_brand","embeddable":true,"href":"https:\/\/roveyayinevi.com.tr\/index.php\/wp-json\/wp\/v2\/product_brand?post=758364"},{"taxonomy":"product_cat","embeddable":true,"href":"https:\/\/roveyayinevi.com.tr\/index.php\/wp-json\/wp\/v2\/product_cat?post=758364"},{"taxonomy":"product_tag","embeddable":true,"href":"https:\/\/roveyayinevi.com.tr\/index.php\/wp-json\/wp\/v2\/product_tag?post=758364"}],"curies":[{"name":"wp","href":"https:\/\/api.w.org\/{rel}","templated":true}]}}