{"id":758361,"date":"2025-08-28T08:01:59","date_gmt":"2025-08-28T05:01:59","guid":{"rendered":"https:\/\/roveyayinevi.com.tr\/index.php\/urun\/cennet-kuslari\/"},"modified":"2026-04-16T03:11:23","modified_gmt":"2026-04-16T00:11:23","slug":"cennet-kuslari","status":"publish","type":"product","link":"https:\/\/roveyayinevi.com.tr\/index.php\/urun\/cennet-kuslari\/","title":{"rendered":"Cennet Ku\u015flar\u0131"},"content":{"rendered":"<p>\u201cBuradaki hi\u00e7bir \u015fey \u00f6lmeyecekti. Buradaki her \u015fey \u00f6l\u00fcmden \u00f6nce yarat\u0131lm\u0131\u015ft\u0131, t\u0131pk\u0131 kendisi gibi.\u201d Cennetin d\u00fc\u015f\u00fc\u015f\u00fcnden binlerce y\u0131l sonra, yarat\u0131l\u0131\u015ftaki ilk insan olan \u00c2dem h\u00e2l\u00e2 yery\u00fcz\u00fcnde dola\u015fmaktad\u0131r. Sonsuz \u00f6l\u00fcm ve y\u0131k\u0131mdan bitkin d\u00fc\u015fm\u00fc\u015f, eski umut ve ihti\u015fam\u0131n\u0131n bir g\u00f6lgesi h\u00e2line gelmi\u015ftir. Ve bu durumdaki tek ki\u015fi de o de\u011fildir. Cennet Bah\u00e7esi y\u0131k\u0131lm\u0131\u015f, par\u00e7alar\u0131 d\u00fcnyan\u0131n d\u00f6rt bir yan\u0131na da\u011f\u0131lm\u0131\u015f ve sakinleri insanl\u0131\u011f\u0131n nesillerinden saklanarak \u00f6l\u00fcms\u00fcz hayatlar ya\u015famaya mahk\u00fbm edilmi\u015ftir. Ama \u015fimdi Cennet Bah\u00e7esi\u2019nin par\u00e7alar\u0131 d\u00fcnyan\u0131n \u00e7e\u015fitli yerlerinde ortaya \u00e7\u0131k\u0131yor. Y\u00fczy\u0131llar s\u00fcren yaln\u0131zl\u0131\u011f\u0131n ard\u0131ndan, yarat\u0131l\u0131\u015f\u0131n ba\u015flang\u0131c\u0131ndaki alt\u0131n zaman\u0131n pe\u015fini b\u0131rakmayan \u00c2dem, uzun zamand\u0131r kay\u0131p olan evinin par\u00e7alar\u0131n\u0131 kurtarma konusunda kararl\u0131d\u0131r. Cennetin \u00f6l\u00fcms\u00fcz s\u00fcrg\u00fcnlerinin yard\u0131m\u0131yla cennetin insano\u011flunun oyunca\u011f\u0131 olmas\u0131n\u0131 engellemek zorundad\u0131r. Adam, Magpie, Owl ve di\u011fer hayvanlarla birlikte Amerika ve Britanya adalar\u0131 boyunca yolculuk ederek cennetin da\u011f\u0131lm\u0131\u015f par\u00e7alar\u0131n\u0131 toplamaya kararl\u0131d\u0131r. \u00dclke bir kez daha sular alt\u0131nda kal\u0131rken Adam, arkada\u015flar\u0131n\u0131 ve evini kurtarmak i\u00e7in her \u015feyi riske atmal\u0131d\u0131r \u00e7\u00fcnk\u00fc Cennet Bah\u00e7esi\u2019ni yeniden in\u015fa etmek belki de hayat\u0131n\u0131 yeniden in\u015fa etmesi anlam\u0131na gelmektedir.<\/p>\n","protected":false},"excerpt":{"rendered":"<p>\u201cBuradaki hi\u00e7bir \u015fey \u00f6lmeyecekti. Buradaki her \u015fey \u00f6l\u00fcmden \u00f6nce yarat\u0131lm\u0131\u015ft\u0131, t\u0131pk\u0131 kendisi gibi.\u201d Cennetin d\u00fc\u015f\u00fc\u015f\u00fcnden binlerce y\u0131l sonra, yarat\u0131l\u0131\u015ftaki ilk insan olan \u00c2dem h\u00e2l\u00e2 yery\u00fcz\u00fcnde dola\u015fmaktad\u0131r.<span class=\"excerpt-hellip\"> [\u2026]<\/span><\/p>\n","protected":false},"featured_media":0,"template":"","meta":{"_monsterinsights_skip_tracking":false,"_monsterinsights_sitenote_active":false,"_monsterinsights_sitenote_note":"","_monsterinsights_sitenote_category":0},"product_brand":[],"product_cat":[12291,14777],"product_tag":[],"class_list":{"0":"post-758361","1":"product","2":"type-product","3":"status-publish","5":"product_cat-edebiyat","6":"product_cat-fantastik","7":"pa_cilt-ciltsiz","8":"pa_tur-kitap","9":"pa_yayinevi-epsilon-yayinlari","10":"pa_yazar-oliver-k-langmead","12":"first","13":"instock","14":"sale","15":"shipping-taxable","16":"purchasable","17":"product-type-simple"},"_links":{"self":[{"href":"https:\/\/roveyayinevi.com.tr\/index.php\/wp-json\/wp\/v2\/product\/758361","targetHints":{"allow":["GET"]}}],"collection":[{"href":"https:\/\/roveyayinevi.com.tr\/index.php\/wp-json\/wp\/v2\/product"}],"about":[{"href":"https:\/\/roveyayinevi.com.tr\/index.php\/wp-json\/wp\/v2\/types\/product"}],"wp:attachment":[{"href":"https:\/\/roveyayinevi.com.tr\/index.php\/wp-json\/wp\/v2\/media?parent=758361"}],"wp:term":[{"taxonomy":"product_brand","embeddable":true,"href":"https:\/\/roveyayinevi.com.tr\/index.php\/wp-json\/wp\/v2\/product_brand?post=758361"},{"taxonomy":"product_cat","embeddable":true,"href":"https:\/\/roveyayinevi.com.tr\/index.php\/wp-json\/wp\/v2\/product_cat?post=758361"},{"taxonomy":"product_tag","embeddable":true,"href":"https:\/\/roveyayinevi.com.tr\/index.php\/wp-json\/wp\/v2\/product_tag?post=758361"}],"curies":[{"name":"wp","href":"https:\/\/api.w.org\/{rel}","templated":true}]}}