{"id":758358,"date":"2025-08-28T08:01:53","date_gmt":"2025-08-28T05:01:53","guid":{"rendered":"https:\/\/roveyayinevi.com.tr\/index.php\/urun\/1984-livaneli-kitapligi\/"},"modified":"2026-04-16T03:11:23","modified_gmt":"2026-04-16T00:11:23","slug":"1984-livaneli-kitapligi","status":"publish","type":"product","link":"https:\/\/roveyayinevi.com.tr\/index.php\/urun\/1984-livaneli-kitapligi\/","title":{"rendered":"1984 &#8211; Livaneli Kitapl\u0131\u011f\u0131"},"content":{"rendered":"<p>\u201cKaranl\u0131\u011f\u0131n olmad\u0131\u011f\u0131 yerde tekrar bulu\u015faca\u011f\u0131z.\u201d Orada karanl\u0131k yok \u00e7\u00fcnk\u00fc orada batacak olan bir g\u00fcne\u015f yok. Ge\u00e7mi\u015fin, ger\u00e7e\u011fin ve sevginin olmad\u0131\u011f\u0131; sava\u015fla bar\u0131\u015f\u0131n, \u00f6zg\u00fcrl\u00fckle esaretin, cehaletle g\u00fcc\u00fcn birbirine kar\u0131\u015ft\u0131\u011f\u0131 bir d\u00fcnya. Evliliklerin Parti iktidar\u0131n\u0131 g\u00fc\u00e7lendirmek i\u00e7in yap\u0131ld\u0131\u011f\u0131, \u00e7ocuklar\u0131n bu iktidar\u0131 s\u00fcrekli k\u0131lmak ad\u0131na casus olarak yeti\u015ftirildi\u011fi bir d\u00fcnya. Winston Smith, i\u015fte b\u00f6yle bir d\u00fcnyada, B\u00fcy\u00fck Birader\u2019in onu izleyen g\u00f6zleri ard\u0131nda g\u00f6rd\u00fckleriyle dayat\u0131lanlar aras\u0131nda hakikati ararken kendini totaliter rejimin pen\u00e7elerinde, \u201ckaranl\u0131\u011f\u0131n olmad\u0131\u011f\u0131 yerde\u201d buluveriyor. \u201cE\u011fer umut varsa i\u015f\u00e7idedir\u201d diyen Smith bedenine yap\u0131lan t\u00fcm i\u015fkencelere ra\u011fmen dayanabildi\u011fi son ana kadar ikiyle ikinin d\u00f6rt etti\u011fini engizit\u00f6rlere hayk\u0131rmaktan geri durmuyor. Ba\u011flam\u0131ndan kopar\u0131l\u0131p s\u0131\u011f bir d\u00fc\u015f\u00fcnceyle sosyalizm ele\u015ftirisi olarak sunulmaya \u00e7al\u0131\u015f\u0131lsa da 1984 \u201creel sosyalizm\u201dden Nazi Almanya\u2019s\u0131na kadar her t\u00fcrl\u00fc totaliter rejime kar\u015f\u0131 bir ba\u015fkald\u0131r\u0131 niteli\u011findedir. \u0130lk kez 1949\u2019da yay\u0131mlanan ve d\u00fcnya edebiyat\u0131n\u0131n mihenk ta\u015flar\u0131ndan biri olan 1984, bu kez Z\u00fclf\u00fc Livaneli\u2019nin \u00f6zel se\u00e7kisi i\u00e7erisinde ve onun \u00f6ns\u00f6z\u00fcyle okurla bulu\u015fuyor. <\/p>\n","protected":false},"excerpt":{"rendered":"<p>\u201cKaranl\u0131\u011f\u0131n olmad\u0131\u011f\u0131 yerde tekrar bulu\u015faca\u011f\u0131z.\u201d Orada karanl\u0131k yok \u00e7\u00fcnk\u00fc orada batacak olan bir g\u00fcne\u015f yok. Ge\u00e7mi\u015fin, ger\u00e7e\u011fin ve sevginin olmad\u0131\u011f\u0131; sava\u015fla bar\u0131\u015f\u0131n, \u00f6zg\u00fcrl\u00fckle esaretin, cehaletle g\u00fcc\u00fcn<span class=\"excerpt-hellip\"> [\u2026]<\/span><\/p>\n","protected":false},"featured_media":0,"template":"","meta":{"_monsterinsights_skip_tracking":false,"_monsterinsights_sitenote_active":false,"_monsterinsights_sitenote_note":"","_monsterinsights_sitenote_category":0},"product_brand":[],"product_cat":[12291],"product_tag":[],"class_list":{"0":"post-758358","1":"product","2":"type-product","3":"status-publish","5":"product_cat-edebiyat","6":"pa_cilt-ciltsiz","7":"pa_tur-kitap","8":"pa_yayinevi-inkilap-kitabevi","9":"pa_yazar-george-orwell","11":"first","12":"instock","13":"sale","14":"shipping-taxable","15":"purchasable","16":"product-type-simple"},"_links":{"self":[{"href":"https:\/\/roveyayinevi.com.tr\/index.php\/wp-json\/wp\/v2\/product\/758358","targetHints":{"allow":["GET"]}}],"collection":[{"href":"https:\/\/roveyayinevi.com.tr\/index.php\/wp-json\/wp\/v2\/product"}],"about":[{"href":"https:\/\/roveyayinevi.com.tr\/index.php\/wp-json\/wp\/v2\/types\/product"}],"wp:attachment":[{"href":"https:\/\/roveyayinevi.com.tr\/index.php\/wp-json\/wp\/v2\/media?parent=758358"}],"wp:term":[{"taxonomy":"product_brand","embeddable":true,"href":"https:\/\/roveyayinevi.com.tr\/index.php\/wp-json\/wp\/v2\/product_brand?post=758358"},{"taxonomy":"product_cat","embeddable":true,"href":"https:\/\/roveyayinevi.com.tr\/index.php\/wp-json\/wp\/v2\/product_cat?post=758358"},{"taxonomy":"product_tag","embeddable":true,"href":"https:\/\/roveyayinevi.com.tr\/index.php\/wp-json\/wp\/v2\/product_tag?post=758358"}],"curies":[{"name":"wp","href":"https:\/\/api.w.org\/{rel}","templated":true}]}}