{"id":758356,"date":"2025-08-28T08:01:49","date_gmt":"2025-08-28T05:01:49","guid":{"rendered":"https:\/\/roveyayinevi.com.tr\/index.php\/urun\/ayip-seyler\/"},"modified":"2026-04-16T03:11:22","modified_gmt":"2026-04-16T00:11:22","slug":"ayip-seyler","status":"publish","type":"product","link":"https:\/\/roveyayinevi.com.tr\/index.php\/urun\/ayip-seyler\/","title":{"rendered":"Ay\u0131p \u015eeyler"},"content":{"rendered":"<p>\u201cBilincimize \u00e7\u0131karamad\u0131\u011f\u0131m\u0131z \u015fey, kar\u015f\u0131m\u0131za yazg\u0131 olarak \u00e7\u0131kar.\u201d \u2013 Carl G. Jung \u2022 Ka\u00e7 ya\u015f\u0131nda cinsel ili\u015fkiye ba\u015flanmal\u0131? \u2022 \u0130lk gece korkusu nas\u0131l yenilir? \u2022 Seks s\u00fcresi 60 dakika uzat\u0131labilir mi? \u2022 Cinsel uyumsuzluk ili\u015fkinin kaderini nas\u0131l etkiler? \u2022 Porno ba\u011f\u0131ml\u0131l\u0131\u011f\u0131 nedir ve neye mal olur? \u2022 Cinsel narsisizm bir aldatma nedeni midir? Cinsellik \u00fczerine daha bir\u00e7ok sorunun cevab\u0131n\u0131 en kolay ve en anla\u015f\u0131l\u0131r \u015fekilde cevaplayan Klinik Psikolog Dr. Mehmet Ba\u015fkak, sorunlar\u0131n \u00e7\u00f6z\u00fcm\u00fc \u00fczerine de son derece pratik ve g\u00fc\u00e7l\u00fc tavsiyeler sunuyor. Cinsel sorunlar ya\u015fanan ili\u015fkileri kurtarman\u0131n yan\u0131 s\u0131ra sa\u011fl\u0131kl\u0131 ili\u015fkileri de renklendirecek olan bu kitap, cesur ve bilimsel bir k\u0131lavuzdur. <\/p>\n","protected":false},"excerpt":{"rendered":"<p>\u201cBilincimize \u00e7\u0131karamad\u0131\u011f\u0131m\u0131z \u015fey, kar\u015f\u0131m\u0131za yazg\u0131 olarak \u00e7\u0131kar.\u201d \u2013 Carl G. Jung \u2022 Ka\u00e7 ya\u015f\u0131nda cinsel ili\u015fkiye ba\u015flanmal\u0131? \u2022 \u0130lk gece korkusu nas\u0131l yenilir? \u2022 Seks s\u00fcresi<span class=\"excerpt-hellip\"> [\u2026]<\/span><\/p>\n","protected":false},"featured_media":0,"template":"","meta":{"_monsterinsights_skip_tracking":false,"_monsterinsights_sitenote_active":false,"_monsterinsights_sitenote_note":"","_monsterinsights_sitenote_category":0},"product_brand":[],"product_cat":[20502,12357],"product_tag":[],"class_list":{"0":"post-758356","1":"product","2":"type-product","3":"status-publish","5":"product_cat-basvuru-kitaplari-psikoloji","6":"product_cat-psikoloji","7":"pa_cilt-ciltsiz","8":"pa_tur-kitap","9":"pa_yayinevi-destek-yayinlari","10":"pa_yazar-mehmet-baskak","12":"first","13":"instock","14":"sale","15":"shipping-taxable","16":"purchasable","17":"product-type-simple"},"_links":{"self":[{"href":"https:\/\/roveyayinevi.com.tr\/index.php\/wp-json\/wp\/v2\/product\/758356","targetHints":{"allow":["GET"]}}],"collection":[{"href":"https:\/\/roveyayinevi.com.tr\/index.php\/wp-json\/wp\/v2\/product"}],"about":[{"href":"https:\/\/roveyayinevi.com.tr\/index.php\/wp-json\/wp\/v2\/types\/product"}],"wp:attachment":[{"href":"https:\/\/roveyayinevi.com.tr\/index.php\/wp-json\/wp\/v2\/media?parent=758356"}],"wp:term":[{"taxonomy":"product_brand","embeddable":true,"href":"https:\/\/roveyayinevi.com.tr\/index.php\/wp-json\/wp\/v2\/product_brand?post=758356"},{"taxonomy":"product_cat","embeddable":true,"href":"https:\/\/roveyayinevi.com.tr\/index.php\/wp-json\/wp\/v2\/product_cat?post=758356"},{"taxonomy":"product_tag","embeddable":true,"href":"https:\/\/roveyayinevi.com.tr\/index.php\/wp-json\/wp\/v2\/product_tag?post=758356"}],"curies":[{"name":"wp","href":"https:\/\/api.w.org\/{rel}","templated":true}]}}