{"id":758355,"date":"2025-08-28T08:01:47","date_gmt":"2025-08-28T05:01:47","guid":{"rendered":"https:\/\/roveyayinevi.com.tr\/index.php\/urun\/bozkirin-sessizligi\/"},"modified":"2026-04-16T03:11:22","modified_gmt":"2026-04-16T00:11:22","slug":"bozkirin-sessizligi","status":"publish","type":"product","link":"https:\/\/roveyayinevi.com.tr\/index.php\/urun\/bozkirin-sessizligi\/","title":{"rendered":"Bozk\u0131r\u0131n Sessizli\u011fi"},"content":{"rendered":"<p>Ne oldu\u011funu merak eden bak\u0131\u015flar\u0131mla \u0131\u015f\u0131\u011f\u0131n i\u00e7inde g\u00f6r\u00fcnen y\u00fcze bakt\u0131m, ba\u015f\u0131m\u0131 kald\u0131r\u0131p.    Yery\u00fcz\u00fc irtibat heyetinin, liderle g\u00f6r\u00fc\u015fme sonucunu merakla bekledi\u011fini biliyordu.    Cengizhan galakside \u00f6zel bir s\u0131v\u0131n\u0131n i\u00e7inde ya\u015f\u0131yor muydu? Timu\u00e7in ve Cengizhan\u2019\u0131n hayatlar\u0131 nerede kesi\u015fiyordu? Tarihle bilim kurgunun i\u00e7 i\u00e7e girdi\u011fi s\u0131ra d\u0131\u015f\u0131 bir kitap. <\/p>\n","protected":false},"excerpt":{"rendered":"<p>Ne oldu\u011funu merak eden bak\u0131\u015flar\u0131mla \u0131\u015f\u0131\u011f\u0131n i\u00e7inde g\u00f6r\u00fcnen y\u00fcze bakt\u0131m, ba\u015f\u0131m\u0131 kald\u0131r\u0131p. Yery\u00fcz\u00fc irtibat heyetinin, liderle g\u00f6r\u00fc\u015fme sonucunu merakla bekledi\u011fini biliyordu. Cengizhan galakside \u00f6zel bir s\u0131v\u0131n\u0131n<span class=\"excerpt-hellip\"> [\u2026]<\/span><\/p>\n","protected":false},"featured_media":0,"template":"","meta":{"_monsterinsights_skip_tracking":false,"_monsterinsights_sitenote_active":false,"_monsterinsights_sitenote_note":"","_monsterinsights_sitenote_category":0},"product_brand":[],"product_cat":[12540,12291],"product_tag":[],"class_list":{"0":"post-758355","1":"product","2":"type-product","3":"status-publish","5":"product_cat-bilim-kurgu","6":"product_cat-edebiyat","7":"pa_cilt-ciltsiz","8":"pa_tur-kitap","9":"pa_yayinevi-hazer-yayinlari","10":"pa_yazar-mehmet-kemal-erdogan","12":"first","13":"instock","14":"sale","15":"shipping-taxable","16":"purchasable","17":"product-type-simple"},"_links":{"self":[{"href":"https:\/\/roveyayinevi.com.tr\/index.php\/wp-json\/wp\/v2\/product\/758355","targetHints":{"allow":["GET"]}}],"collection":[{"href":"https:\/\/roveyayinevi.com.tr\/index.php\/wp-json\/wp\/v2\/product"}],"about":[{"href":"https:\/\/roveyayinevi.com.tr\/index.php\/wp-json\/wp\/v2\/types\/product"}],"wp:attachment":[{"href":"https:\/\/roveyayinevi.com.tr\/index.php\/wp-json\/wp\/v2\/media?parent=758355"}],"wp:term":[{"taxonomy":"product_brand","embeddable":true,"href":"https:\/\/roveyayinevi.com.tr\/index.php\/wp-json\/wp\/v2\/product_brand?post=758355"},{"taxonomy":"product_cat","embeddable":true,"href":"https:\/\/roveyayinevi.com.tr\/index.php\/wp-json\/wp\/v2\/product_cat?post=758355"},{"taxonomy":"product_tag","embeddable":true,"href":"https:\/\/roveyayinevi.com.tr\/index.php\/wp-json\/wp\/v2\/product_tag?post=758355"}],"curies":[{"name":"wp","href":"https:\/\/api.w.org\/{rel}","templated":true}]}}