{"id":758354,"date":"2025-08-28T08:01:45","date_gmt":"2025-08-28T05:01:45","guid":{"rendered":"https:\/\/roveyayinevi.com.tr\/index.php\/urun\/golgesiz-ruyalar\/"},"modified":"2026-04-16T03:11:22","modified_gmt":"2026-04-16T00:11:22","slug":"golgesiz-ruyalar","status":"publish","type":"product","link":"https:\/\/roveyayinevi.com.tr\/index.php\/urun\/golgesiz-ruyalar\/","title":{"rendered":"G\u00f6lgesiz R\u00fcyalar"},"content":{"rendered":"<p>Bir istanbul ya\u015fant\u0131s\u0131d\u0131r benim i\u00e7in \u015fiir, \u00fcniversite y\u0131llar\u0131nda ba\u015flayan \u015fiire yolculu\u011fum d\u00f6nem d\u00f6nem duraksasa da iklim ve \u015fartlar\u0131n m\u00fcsait oldu\u011fu her duygu d\u00fcnyas\u0131nda ba\u015fak vermeye devam etmi\u015ftir. Okul yolculu\u011fumda Bo\u011faz\u2019\u0131n sular\u0131nda s\u00fcz\u00fclen \u015fehir hatlar\u0131 vapurlar\u0131nda ge\u00e7en g\u00fcnlerimin en derin hat\u0131ras\u0131d\u0131r \u015fiir. Kelimelere can ve duygu vermenin sanata d\u00f6nen hali olan \u015fiiri anlamak, ya\u015fam\u0131n ruhuna dokunmak demektir. \u015eiiri salt duygusal bir \u00e7\u0131\u011fl\u0131k olarak g\u00f6rmek onu edebiyat\u0131n dar duvarlar\u0131na s\u0131k\u0131\u015ft\u0131rmak olacakt\u0131r. Hayat\u0131 somut alanlar\u0131n \u015fartlar\u0131nda ya\u015famay\u0131 yeterli g\u00f6rmeyen \u00f6zg\u00fcr ruhlar\u0131n, kelimelere can veren ikliminde ya\u015fam\u0131 resmetmesi olan \u015fiir, benim i\u00e7in kelimelerin rengine s\u0131\u011f\u0131nd\u0131\u011f\u0131m bir ka\u00e7\u0131\u015f hik\u00e2yesidir. Kimi zaman co\u015fkulu kalabal\u0131k i\u00e7inde bir yaln\u0131zl\u0131k, kimi zaman yaln\u0131zl\u0131k i\u00e7inde co\u015fkulu bir duygu hali ile s\u00fcr\u00fcp giden ya\u015famlar\u0131n izinde, hayat\u0131 anlamland\u0131rma \u00e7abas\u0131 olarak da tarif edebiliriz bunu. Bazen \u00e7ekilip \u0131ss\u0131z bir k\u00f6\u015feye kendini seyre dalman\u0131n ve kendinize olan yolculu\u011funuzun s\u00f6zdeki terenn\u00fcm\u00fc olan \u015fiiri, hayat\u0131n g\u00f6kku\u015fa\u011f\u0131 olarak adland\u0131rmak da m\u00fcmk\u00fcn..   \u0130\u015fte bu kitap kimi zaman kendime olan yolculu\u011fumun, kimi zaman co\u015fkulu yaln\u0131zl\u0131klar\u0131m\u0131n, kimi zaman telafisiz kay\u0131plar\u0131m\u0131n bir izd\u00fc\u015f\u00fcm\u00fc olarak haz\u0131rlanm\u0131\u015ft\u0131r. <\/p>\n","protected":false},"excerpt":{"rendered":"<p>Bir istanbul ya\u015fant\u0131s\u0131d\u0131r benim i\u00e7in \u015fiir, \u00fcniversite y\u0131llar\u0131nda ba\u015flayan \u015fiire yolculu\u011fum d\u00f6nem d\u00f6nem duraksasa da iklim ve \u015fartlar\u0131n m\u00fcsait oldu\u011fu her duygu d\u00fcnyas\u0131nda ba\u015fak vermeye devam<span class=\"excerpt-hellip\"> [\u2026]<\/span><\/p>\n","protected":false},"featured_media":0,"template":"","meta":{"_monsterinsights_skip_tracking":false,"_monsterinsights_sitenote_active":false,"_monsterinsights_sitenote_note":"","_monsterinsights_sitenote_category":0},"product_brand":[],"product_cat":[18545,12291],"product_tag":[],"class_list":{"0":"post-758354","1":"product","2":"type-product","3":"status-publish","5":"product_cat-anlati","6":"product_cat-edebiyat","7":"pa_cilt-ciltsiz","8":"pa_tur-kitap","9":"pa_yayinevi-destek-yayinlari","10":"pa_yazar-tahir-keskinkilic","12":"first","13":"instock","14":"sale","15":"shipping-taxable","16":"purchasable","17":"product-type-simple"},"_links":{"self":[{"href":"https:\/\/roveyayinevi.com.tr\/index.php\/wp-json\/wp\/v2\/product\/758354","targetHints":{"allow":["GET"]}}],"collection":[{"href":"https:\/\/roveyayinevi.com.tr\/index.php\/wp-json\/wp\/v2\/product"}],"about":[{"href":"https:\/\/roveyayinevi.com.tr\/index.php\/wp-json\/wp\/v2\/types\/product"}],"wp:attachment":[{"href":"https:\/\/roveyayinevi.com.tr\/index.php\/wp-json\/wp\/v2\/media?parent=758354"}],"wp:term":[{"taxonomy":"product_brand","embeddable":true,"href":"https:\/\/roveyayinevi.com.tr\/index.php\/wp-json\/wp\/v2\/product_brand?post=758354"},{"taxonomy":"product_cat","embeddable":true,"href":"https:\/\/roveyayinevi.com.tr\/index.php\/wp-json\/wp\/v2\/product_cat?post=758354"},{"taxonomy":"product_tag","embeddable":true,"href":"https:\/\/roveyayinevi.com.tr\/index.php\/wp-json\/wp\/v2\/product_tag?post=758354"}],"curies":[{"name":"wp","href":"https:\/\/api.w.org\/{rel}","templated":true}]}}