{"id":758351,"date":"2025-08-28T08:01:40","date_gmt":"2025-08-28T05:01:40","guid":{"rendered":"https:\/\/roveyayinevi.com.tr\/index.php\/urun\/jade\/"},"modified":"2026-04-16T03:11:22","modified_gmt":"2026-04-16T00:11:22","slug":"jade","status":"publish","type":"product","link":"https:\/\/roveyayinevi.com.tr\/index.php\/urun\/jade\/","title":{"rendered":"Jade"},"content":{"rendered":"<p>Kahramanlar\u0131m\u0131z, her biri farkl\u0131 yerlerde sakl\u0131 olan d\u00f6rt Jade ta\u015f\u0131n\u0131n pe\u015findeler. Jade ta\u015flar\u0131n\u0131n birini, ikisini ya da \u00fc\u00e7\u00fcn\u00fc ele ge\u00e7irmek bir anlam ifade etmiyor. G\u00fcce sahip olmak i\u00e7in ta\u015flar\u0131n d\u00f6rd\u00fcne de ele ge\u00e7irmek gerekiyor. Jade ta\u015flar\u0131n\u0131n hepsini bir araya getiren, b\u00fct\u00fcn d\u00fcnyaya h\u00fckmedecek, b\u00fcy\u00fck bir g\u00fcce sahip olacak. Ta\u015flar\u0131n her biri gizemli yerlerde sakl\u0131 ve k\u00f6t\u00fc niyetli bir grubun eline ge\u00e7erse insanl\u0131k b\u00fcy\u00fck bir tehlike alt\u0131nda olacak.    D\u00fcnyay\u0131 bu tehlikeden kurtaracak bir kahraman \u00e7\u0131kacak m\u0131? Varsa acaba kim olabilir?    Kitab\u0131n i\u00e7erisinde sakl\u0131 \u015fifreyi \u00e7\u00f6zerek ta\u015flar\u0131n nereye sakland\u0131\u011f\u0131n\u0131 bulmak sizin g\u00f6reviniz. <\/p>\n","protected":false},"excerpt":{"rendered":"<p>Kahramanlar\u0131m\u0131z, her biri farkl\u0131 yerlerde sakl\u0131 olan d\u00f6rt Jade ta\u015f\u0131n\u0131n pe\u015findeler. Jade ta\u015flar\u0131n\u0131n birini, ikisini ya da \u00fc\u00e7\u00fcn\u00fc ele ge\u00e7irmek bir anlam ifade etmiyor. G\u00fcce sahip<span class=\"excerpt-hellip\"> [\u2026]<\/span><\/p>\n","protected":false},"featured_media":0,"template":"","meta":{"_monsterinsights_skip_tracking":false,"_monsterinsights_sitenote_active":false,"_monsterinsights_sitenote_note":"","_monsterinsights_sitenote_category":0},"product_brand":[],"product_cat":[12291,14777],"product_tag":[],"class_list":{"0":"post-758351","1":"product","2":"type-product","3":"status-publish","5":"product_cat-edebiyat","6":"product_cat-fantastik","7":"pa_cilt-ciltsiz","8":"pa_tur-kitap","9":"pa_yayinevi-hazer-yayinlari","10":"pa_yazar-nesrin-hazer","12":"first","13":"instock","14":"sale","15":"shipping-taxable","16":"purchasable","17":"product-type-simple"},"_links":{"self":[{"href":"https:\/\/roveyayinevi.com.tr\/index.php\/wp-json\/wp\/v2\/product\/758351","targetHints":{"allow":["GET"]}}],"collection":[{"href":"https:\/\/roveyayinevi.com.tr\/index.php\/wp-json\/wp\/v2\/product"}],"about":[{"href":"https:\/\/roveyayinevi.com.tr\/index.php\/wp-json\/wp\/v2\/types\/product"}],"wp:attachment":[{"href":"https:\/\/roveyayinevi.com.tr\/index.php\/wp-json\/wp\/v2\/media?parent=758351"}],"wp:term":[{"taxonomy":"product_brand","embeddable":true,"href":"https:\/\/roveyayinevi.com.tr\/index.php\/wp-json\/wp\/v2\/product_brand?post=758351"},{"taxonomy":"product_cat","embeddable":true,"href":"https:\/\/roveyayinevi.com.tr\/index.php\/wp-json\/wp\/v2\/product_cat?post=758351"},{"taxonomy":"product_tag","embeddable":true,"href":"https:\/\/roveyayinevi.com.tr\/index.php\/wp-json\/wp\/v2\/product_tag?post=758351"}],"curies":[{"name":"wp","href":"https:\/\/api.w.org\/{rel}","templated":true}]}}